{"id":706,"date":"2022-10-12T22:34:24","date_gmt":"2022-10-12T22:34:24","guid":{"rendered":"https:\/\/dev.freiefarbe.de\/?page_id=706"},"modified":"2022-12-19T20:16:14","modified_gmt":"2022-12-19T19:16:14","slug":"impressum","status":"publish","type":"page","link":"https:\/\/freiefarbe.de\/en\/impressum\/","title":{"rendered":"Legal notice"},"content":{"rendered":"\n<h5 id=\"angaben-gemaess-%c2%a7-5-tmg\" class=\"wp-block-heading\">Angaben gem\u00e4\u00df \u00a7 5 TMG<\/h5>\n\n\n\n<h2 id=\"kontakt\" class=\"wp-block-heading\">Kontakt<\/h2>\n\n\n\n<p><strong>freieFarbe e.V.<br><\/strong>Gr\u00fcnteweg 31<br>26127 Oldenburg<br>Deutschland<br>Vorsitzender: Karsten Fae\u00dfer-Eitle<br><br><strong>Postadresse<\/strong><br>Karsten Fae\u00dfer-Eitle<br>Kleistring 16<br>12529 Sch\u00f6nefeld<br>E-Mail: info[at]freiefarbe.de<br>T +49 3379 \u2013 582 81 40<br>M +49 172 \u2013 382 07 27<br><a href=\"mailto:info@freiefarbe.de\">info@freiefarbe.de<\/a><\/p>\n\n\n\n<h2 id=\"vereinssatzung-gemeinnuetzigkeit\" class=\"wp-block-heading\">Vereinssatzung, Gemeinn\u00fctzigkeit<\/h2>\n\n\n\n<p>Eintragung: Amtsgericht Oldenburg VR201803 vom DD. MM. 2022<br>Laden Sie hier die&nbsp;<a href=\"http:\/\/www.freiefarbe.de\/wp-content\/uploads\/2018\/12\/Satzung_freieFarbe_e_V_2017.pdf\">Vereinssatzung in der zuletzt ge\u00e4nderten Fassung v. 30.09.17<\/a>&nbsp;herunter.<br>Der freieFarbe e.V. ist als gemeinn\u00fctzig anerkannt. Spenden, Mitgliedsbeitr\u00e4ge und andere Zuwendungen sind steuerlich absetzbar.<\/p>\n\n\n\n<h2 id=\"vertretungsberechtigte-vorstandsmitglieder\" class=\"wp-block-heading\">Vertretungsberechtigte Vorstandsmitglieder<\/h2>\n\n\n\n<p>Karsten Fae\u00dfer-Eitle, T +49 3379 \u2013 582 81 40<\/p>\n\n\n\n<p>bis DD. MM. 2022: Holger Everding (Vorsitzender, Tel. +49-(0)441-4058452)<br>bis 16.01.2020: Peter J\u00e4ger (2. Vorsitzender und Schriftf\u00fchrer)<br>bis 30.11.2019: Jan-Peter Homann (Kassenwart)<\/p>\n\n\n\n<p>Jan-Peter Homann ist zum 30.11.2019 als Vorstandsmitglied und Kassenwart zur\u00fcckgetreten. Peter J\u00e4ger ist zum 16.01.2020 von seinem Amt als 2. Vorsitzender und Schriftf\u00fchrer zur\u00fcckgetreten. Die \u00c4mter des Kassenwarts und Schriftf\u00fchrers werden bis zur n\u00e4chsten Mitgliederversammlung kommissarisch vom Vorsitzenden \u00fcbernommen. Dies ist aufgrund des Alleinvertretungsrechts eines Vorstandsmitglieds gem\u00e4\u00df \u00a76(2) unserer&nbsp;<a rel=\"noreferrer noopener\" href=\"https:\/\/www.freiefarbe.de\/wp-content\/uploads\/2018\/12\/Satzung_freieFarbe_e_V_2017.pdf\" target=\"_blank\">Vereinssatzung<\/a>&nbsp;m\u00f6glich und notwendig.<\/p>\n\n\n\n<h2 id=\"verantwortlich-fuer-den-inhalt-nach-%c2%a7-55-abs-2-rstv\" class=\"wp-block-heading\">Verantwortlich f\u00fcr den Inhalt nach \u00a7 55 Abs. 2 RStV<\/h2>\n\n\n\n<p>Reinhard Zerfa\u00df<br>J\u00fcrgen Opitz \u2020<br>Holger Everding<br>Jan-Peter Homann<br>Peter J\u00e4ger<br>Eric A. Soder<\/p>\n\n\n\n<h2 id=\"quellenangaben-fuer-die-verwendeten-bilder-und-grafiken\" class=\"wp-block-heading\">Quellenangaben f\u00fcr die verwendeten Bilder und Grafiken<\/h2>\n\n\n\n<p><a href=\"http:\/\/fotolia.de\/\">http:\/\/fotolia.de<\/a>, mitrs3<br><a href=\"http:\/\/fotolia.de\/\">http:\/\/fotolia.de<\/a>, quicolopez<br><a href=\"http:\/\/commons.wikimedia.org\/\">http:\/\/commons.wikimedia.org<\/a><br><a href=\"https:\/\/www.deviantart.com\">http:\/\/deviantart.com<\/a>, bub613s<br><a href=\"http:\/\/commons.wikimedia.org\/\">http:\/\/commons.wikimedia.org<\/a>, Jorge Royan<br><a href=\"http:\/\/commons.wikimedia.org\/\">http:\/\/commons.wikimedia.org<\/a>, MichaelMaggs<br><a href=\"http:\/\/dtpstudio.de\/\">http:\/\/dtpstudio.de<\/a>, Holger Everding<br><a href=\"http:\/\/dtpstudio.de\/\">http:\/\/dtpstudio.de<\/a>, Katja Lange<br><a href=\"http:\/\/grafodesign\/\">http:\/\/grafodesign<\/a>, Reinhard Zerfa\u00df<br><a href=\"http:\/\/pixsource.com\/\">http:\/\/pixsource.com&nbsp;<\/a>, Eric A. Soder<\/p>\n\n\n\n<h2 id=\"kontoverbindung\" class=\"wp-block-heading\">Kontoverbindung<\/h2>\n\n\n\n<p>Deutsche Skatbank Schm\u00f6lln<br>IBAN DE03&nbsp;8306&nbsp;5408&nbsp;0004&nbsp;9632&nbsp;88 \u00b7 BIC GENODEF1SLR<\/p>\n\n\n\n<h2 id=\"logo-download\" class=\"wp-block-heading\">Logo Download<\/h2>\n\n\n\n<p>Hier k\u00f6nnen Sie das freieFarbe-Logo abrufen, um es auf Ihrer eigenen Website einzubauen oder in anderen Publikationen zu ver\u00f6ffentlichen, um auf freieFarbe aufmerksam zu machen. Sie ben\u00f6tigen keine weitere Erlaubnis hierf\u00fcr von uns, solange bei der Verwendung des Logos kein irref\u00fchrender Eindruck entsteht, dass Ihre Produkte oder Dienstleistungen vom freieFarbe e.V. stammen oder von diesem empfohlen werden.<\/p>\n\n\n\n<p><a href=\"https:\/\/freiefarbe.de\/wp-content\/uploads\/2017\/01\/cropped-LogoFF-4c_mit-e.V-1.png\">fF Logo transparent (png)<\/a><br><a href=\"http:\/\/www.freiefarbe.de\/wp-content\/uploads\/2017\/01\/LogoFF-4c_mit-e.V.jpg\">fF Logo auf wei\u00df (jpg)<\/a><\/p>\n\n\n\n<p>Klicken Sie im Popup-Fenster das Bild mit der rechten Maustaste, und w\u00e4hlen Sie \u201cBild speichern unter\u2026\u201d<\/p>\n\n\n\n<h2 id=\"beitrittsformular\" class=\"wp-block-heading\">Beitrittsformular<\/h2>\n\n\n\n<p>Treten Sie dem freieFarbe e.V. bei \u2013 unterst\u00fctzen Sie eine sinnvolle Sache. Der Mitgliedsbeitrag betr\u00e4gt 50 EUR pro Jahr. Sch\u00fcler, Auszubildende und Studenten bezahlen nur die H\u00e4lfte. Als F\u00f6rdermitglied (200 EUR\/Jahr) erhalten Sie eine eigene Seite unter \u201ePartner\u201c, die Sie selbst anlegen k\u00f6nnen. Sie erhalten ein sch\u00f6nes Willkommensgeschenk aus dem Bereich Farbe.<br><a href=\"http:\/\/www.freiefarbe.de\/wp-content\/uploads\/2017\/03\/mg-formular.zip\">Beitrittsformular<\/a><\/p>\n\n\n\n<h2 id=\"haftungsausschluss\" class=\"wp-block-heading\">Haftungsausschluss<\/h2>\n\n\n\n<p><strong>Haftung f\u00fcr Inhalte<\/strong><\/p>\n\n\n\n<p>Als Diensteanbieter sind wir gem\u00e4\u00df \u00a7 7 Abs.1 TMG f\u00fcr eigene Inhalte verantwortlich. Nach \u00a7\u00a7 8 bis 10 TMG sind wir als Diensteanbieter jedoch nicht verpflichtet, \u00fcbermittelte oder gespeicherte fremde Informationen zu \u00fcberwachen oder nach Umst\u00e4nden zu forschen, die auf eine rechtswidrige T\u00e4tigkeit hinweisen. Verpflichtungen zur Entfernung oder Sperrung der Nutzung von Informationen bleiben hiervon unber\u00fchrt. Eine diesbez\u00fcgliche Haftung ist jedoch erst ab dem Zeitpunkt der Kenntnis einer konkreten Rechtsverletzung m\u00f6glich. Bei Bekanntwerden von entsprechenden Rechtsverletzungen werden wir diese Inhalte umgehend entfernen.<\/p>\n\n\n\n<p><strong>Haftung f\u00fcr Links<\/strong><\/p>\n\n\n\n<p>Unser Angebot enth\u00e4lt Links zu externen Webseiten Dritter, auf deren Inhalte wir keinen Einfluss haben. F\u00fcr die Inhalte der verlinkten Seiten ist stets der jeweilige Anbieter oder Betreiber der Seiten verantwortlich. Die verlinkten Seiten wurden zum Zeitpunkt der Verlinkung auf m\u00f6gliche Rechtsverst\u00f6\u00dfe \u00fcberpr\u00fcft. Rechtswidrige Inhalte waren zum Zeitpunkt der Verlinkung nicht erkennbar. Bei Bekanntwerden von Rechtsverletzungen werden wir derartige Links umgehend entfernen.<\/p>\n\n\n\n<h2 id=\"urheberrecht\" class=\"wp-block-heading\">Urheberrecht<\/h2>\n\n\n\n<p>Die Inhalte auf unseren Seiten unterliegen dem deutschen Urheberrecht. Downloads und Kopien der Inhalte sind gestattet, bed\u00fcrfen aber unserer Zustimmung.<br>Eine Ausnahme bilden die Colourpeople Interviews, bei denen sich der Verfasser die kommerzielle Verwertung vorbeh\u00e4lt.<br>Inhalte Dritter werden als solche gekennzeichnet.<br>Sollten Sie eine Urheberrechtsverletzung auf dieser Website feststellen, bitten wir um einen entsprechenden Hinweis. Bei Bekanntwerden von Rechtsverletzungen werden wir derartige Inhalte umgehend entfernen.<\/p>\n","protected":false},"excerpt":{"rendered":"Angaben gem\u00e4\u00df \u00a7 5 TMG Kontakt freieFarbe e.V.Gr\u00fcnteweg 3126127 OldenburgDeutschlandVorsitzender: Karsten Fae\u00dfer-Eitle PostadresseKarsten Fae\u00dfer-EitleKleistring 1612529 Sch\u00f6nefeldE-Mail: info[at]freiefarbe.deT +49&hellip;\n","protected":false},"author":2,"featured_media":0,"parent":0,"menu_order":0,"comment_status":"closed","ping_status":"closed","template":"","meta":{"_oasis_is_in_workflow":0,"_oasis_original":0,"footnotes":""},"class_list":["post-706","page","type-page","status-publish"],"_links":{"self":[{"href":"https:\/\/freiefarbe.de\/en\/wp-json\/wp\/v2\/pages\/706","targetHints":{"allow":["GET"]}}],"collection":[{"href":"https:\/\/freiefarbe.de\/en\/wp-json\/wp\/v2\/pages"}],"about":[{"href":"https:\/\/freiefarbe.de\/en\/wp-json\/wp\/v2\/types\/page"}],"author":[{"embeddable":true,"href":"https:\/\/freiefarbe.de\/en\/wp-json\/wp\/v2\/users\/2"}],"replies":[{"embeddable":true,"href":"https:\/\/freiefarbe.de\/en\/wp-json\/wp\/v2\/comments?post=706"}],"version-history":[{"count":8,"href":"https:\/\/freiefarbe.de\/en\/wp-json\/wp\/v2\/pages\/706\/revisions"}],"predecessor-version":[{"id":6845,"href":"https:\/\/freiefarbe.de\/en\/wp-json\/wp\/v2\/pages\/706\/revisions\/6845"}],"wp:attachment":[{"href":"https:\/\/freiefarbe.de\/en\/wp-json\/wp\/v2\/media?parent=706"}],"curies":[{"name":"wp","href":"https:\/\/api.w.org\/{rel}","templated":true}]}}