{"id":6028,"date":"2017-02-01T11:01:32","date_gmt":"2017-02-01T10:01:32","guid":{"rendered":"http:\/\/testumgebung.dtpstudio.de\/?page_id=192"},"modified":"2017-02-01T11:01:32","modified_gmt":"2017-02-01T10:01:32","slug":"pro2media","status":"publish","type":"page","link":"https:\/\/freiefarbe.de\/en\/partner\/pro2media\/","title":{"rendered":"pro2media"},"content":{"rendered":"[:de]\n<h2 id=\"pro2media-%c2%b7-peter-jaegerdigitale-kompetenz-fuer-firmen-und-privatpersonen\">pro2media \u00b7 Peter J\u00e4ger<br \/>\nDigitale Kompetenz f\u00fcr Firmen und Privatpersonen<\/h2>\n<p>Steigern Sie Ihre digitalen Kompetenzen im Bereich der Datenerfassung, Datenverarbeitung und Datenausgabe in einem crossmedialen Umfeld.<\/p>\n<p>Sie scannen Dokumente, bearbeiten Bilder und Logos und die Ausgabe ist ein PDF-Dokument? Gerade bei PDFs gilt es zu beachten, ob diese f\u00fcr einen professionellen Druck oder zur Langzeitarchivierung eingesetzt werden sollen.<\/p>\n<p>Sie nennen mir Ihre Ziel- und Budgetvorgaben, und ich suche f\u00fcr Sie die geeignete Soft- und Hardware. Es muss keinesfalls bedeuten, dass nur das Teuerste gut genug ist! Auch kosteng\u00fcnstige Soft- und Hardware, bis hin zu Open Source-L\u00f6sungen gen\u00fcgen qualitativ f\u00fcr viele Arbeiten. Hier entscheidet auch die Anzahl der zu verarbeitenden Dokumente. Es lohnt sich also, seri\u00f6s die Bed\u00fcrfnisse abzukl\u00e4ren und somit Geld zu sparen.<\/p>\n<p><a href=\"http:\/\/www.pro2media.ch\/\"><img \/><\/a><\/p>\n<p>Crossmedia ist in aller Munde! Doch was bekomme ich f\u00fcr Daten von Grafikern, Fotografen und Layoutern? Sind die Dateien wirklich ausgabeneutral und aufbereitet f\u00fcr \u00abCrossmediales Publizieren\u00bb? Wer ber\u00e4t den Kunden in solchen Fragen? Ist dies die Sachbearbeitung in einer Druckerei?<\/p>\n<p>Mit dem Team von freieFarbe gemeinsam Antworten auf all diese Fragen zu finden, darauf freu ich mich!<\/p>\n<p><i>Ihr Peter J\u00e4ger<\/p>\n<p>pro2media gmbh<br \/>\nLindenstrasse 5 | CH-8623 Wetzikon<br \/>\n+41-(0)55-2444275<br \/>\n<a href=\"mailto:peter.jaeger@p2m.ch\">peter.jaeger@p2m.ch<\/a><br \/>\n<\/i>[:en]\n<h2 id=\"pre2media-%c2%b7-peter-jaeger\" style=\"text-align: center\">pre2media \u00b7 Peter J\u00e4ger<\/h2>\n<p><a href=\"http:\/\/www.pre2media.ch\/\"><img loading=\"lazy\" decoding=\"async\" class=\"partnerbild wp-image-1171 size-full aligncenter\" src=\"http:\/\/freiefarbe.de\/wp-content\/uploads\/2017\/01\/pres2media.png\" alt=\"pre2media\" width=\"640\" height=\"464\" \/><\/a>[:]\n","protected":false},"excerpt":{"rendered":"[:de] pro2media \u00b7 Peter J\u00e4ger Digitale Kompetenz f\u00fcr Firmen und Privatpersonen Steigern Sie Ihre digitalen Kompetenzen im Bereich&hellip;\n","protected":false},"author":3,"featured_media":0,"parent":134,"menu_order":6,"comment_status":"closed","ping_status":"closed","template":"","meta":{"_oasis_is_in_workflow":0,"_oasis_original":0,"footnotes":""},"class_list":["post-6028","page","type-page","status-publish"],"_links":{"self":[{"href":"https:\/\/freiefarbe.de\/en\/wp-json\/wp\/v2\/pages\/6028","targetHints":{"allow":["GET"]}}],"collection":[{"href":"https:\/\/freiefarbe.de\/en\/wp-json\/wp\/v2\/pages"}],"about":[{"href":"https:\/\/freiefarbe.de\/en\/wp-json\/wp\/v2\/types\/page"}],"author":[{"embeddable":true,"href":"https:\/\/freiefarbe.de\/en\/wp-json\/wp\/v2\/users\/3"}],"replies":[{"embeddable":true,"href":"https:\/\/freiefarbe.de\/en\/wp-json\/wp\/v2\/comments?post=6028"}],"version-history":[{"count":0,"href":"https:\/\/freiefarbe.de\/en\/wp-json\/wp\/v2\/pages\/6028\/revisions"}],"up":[{"embeddable":true,"href":"https:\/\/freiefarbe.de\/en\/wp-json\/wp\/v2\/pages\/134"}],"wp:attachment":[{"href":"https:\/\/freiefarbe.de\/en\/wp-json\/wp\/v2\/media?parent=6028"}],"curies":[{"name":"wp","href":"https:\/\/api.w.org\/{rel}","templated":true}]}}