{"id":5287,"date":"2020-03-03T08:58:09","date_gmt":"2020-03-03T07:58:09","guid":{"rendered":"http:\/\/www.freiefarbe.de\/?page_id=5287"},"modified":"2020-03-03T08:58:09","modified_gmt":"2020-03-03T07:58:09","slug":"strauss-hillegaart","status":"publish","type":"page","link":"https:\/\/freiefarbe.de\/en\/partner\/strauss-hillegaart\/","title":{"rendered":"Strauss + Hillegaart"},"content":{"rendered":"[:de]\n<h1 id=\"strauss-hillegaart\">Strauss + Hillegaart<\/h1>\n<p><a href=\"http:\/\/s-h.info\"><img decoding=\"async\" class=\"partnerbild size-full aligncenter\" src=\"https:\/\/freiefarbe.de\/wp-content\/uploads\/2020\/03\/s-h.jpg\" alt=\"\" \/><\/a><\/p>\n<h2 id=\"farbkonzepte-fuer-industrie-und-gewerbe\">Farbkonzepte f\u00fcr Industrie und Gewerbe<\/h2>\n<p><a href=\"https:\/\/www.s-h.info\/farbkonzepte\"><img decoding=\"async\" src=\"https:\/\/freiefarbe.de\/wp-content\/uploads\/2020\/03\/s-h_fk.jpg\"><\/a><\/p>\n<p>Eines unserer spannendsten Arbeitsgebiete ist die Entwicklung von grafischen Farbkonzepten f\u00fcr Industriehallen, Werksgeb\u00e4ude, Kraftwerke und Produktionsanlagen. Die Spannung entsteht in der Kombination aus individuellen Corporate Designs von Firmen und dessen Anpassung an die jeweiligen Umgebungen.<\/p>\n<h2 id=\"rasterbilder-zum-bedrucken-von-waenden\">Rasterbilder zum Bedrucken von W\u00e4nden<\/h2>\n<p><a href=\"https:\/\/www.s-h.info\/rasterbilder\"><img decoding=\"async\" src=\"https:\/\/freiefarbe.de\/wp-content\/uploads\/2020\/03\/s-h_rb.jpg\"><\/a><\/p>\n<p>Mithilfe eines optischen Tricks gelingt es uns, fotorealistische Bilder in gigantischen Ausma\u00dfen auf so gut wie jede Oberfl\u00e4che aufzutragen \u2013 und das in Rekordzeit. Das Betrachten selbst wird zum Erlebnis, da das fertige Motiv sich dem Betrachter erst mit zunehmender Entfernung erschlie\u00dft und auf Fotos besonders gut wirkt.<\/p>\n<h2 id=\"wandmalerei-an-hausfassaden\">Wandmalerei an Hausfassaden<\/h2>\n<p><a href=\"https:\/\/www.s-h.info\/wandmalerei\"><img decoding=\"async\" src=\"https:\/\/freiefarbe.de\/wp-content\/uploads\/2020\/03\/s-h_wm.jpg\"><\/a><\/p>\n<p>Unsere K\u00f6nigsdisziplin ist mit Sicherheit die klassische Wandmalerei. Wir sind in der Lage, unglaubliche Illusionen f\u00fcr Stadtr\u00e4ume zu entwerfen und umzusetzen. Wir besch\u00e4ftigen uns intensiv mit interessanten Themen im Umfeld eines Objektes und entwickeln die spannendste Idee aus diesen Variablen.<\/p>\n<hr \/>\n<h3 id=\"mehr-informationen-www-s-h-info\">Mehr Informationen \u2013 <a href=\"http:\/\/s-h.info\">www.s-h.info<\/a><\/h3>\n[:en]\n<h1 id=\"colorlogic-gmbh\">ColorLogic GmbH<\/h1>\n<p><a href=\"http:\/\/colorlogic.de\"><img decoding=\"async\" class=\"partnerbild size-full aligncenter\" src=\"https:\/\/freiefarbe.de\/wp-content\/uploads\/2020\/02\/colorlogic_e.jpg\" \/><\/a><\/p>\n<h2 id=\"optimize-profile-automate\">Optimize. Profile. Automate. <\/h2>\n<p>ColorLogic GmbH in Rheine\/Germany produces globally leading software solutions for color management.<\/p>\n<ul>\n<li>ColorAnt: An easy to use tool that corrects and optimizes measurement data.<\/li>\n<li>CoPrA: the control center for any profiling task. Create printer, DeviceLink and SaveInk profiles with multicolor options.<\/li>\n<li>ZePrA: Integrate the smart color server with SmartLink into an existing workflow &#8211; with immediate results.<\/li>\n<\/ul>\n<h3 id=\"support-of-the-freiefarbe-hlc-colour-atlas\">Support of the freieFarbe HLC Colour Atlas<\/h3>\n<p>In the HLC Colour Atlas developments we use ZePrA and ColorAnt intensively and thus achieve a maximum of colour accuracy. Due to the iterative optimisation of the atlas colours, even highly saturated colours, which are at gamut border of the printing system, are reproduced with the highest possible accuracy.<\/p>\n<h3 id=\"more-information-www-colorlogic-de-en\">More information &#8211; <a href=\"http:\/\/colorlogic.de\">www.colorlogic.de\/en<\/a><\/h3>\n[:]\n","protected":false},"excerpt":{"rendered":"[:de] Strauss + Hillegaart Farbkonzepte f\u00fcr Industrie und Gewerbe Eines unserer spannendsten Arbeitsgebiete ist die Entwicklung von grafischen&hellip;\n","protected":false},"author":3,"featured_media":0,"parent":134,"menu_order":0,"comment_status":"closed","ping_status":"closed","template":"","meta":{"_oasis_is_in_workflow":0,"_oasis_original":0,"footnotes":""},"class_list":["post-5287","page","type-page","status-publish"],"_links":{"self":[{"href":"https:\/\/freiefarbe.de\/en\/wp-json\/wp\/v2\/pages\/5287","targetHints":{"allow":["GET"]}}],"collection":[{"href":"https:\/\/freiefarbe.de\/en\/wp-json\/wp\/v2\/pages"}],"about":[{"href":"https:\/\/freiefarbe.de\/en\/wp-json\/wp\/v2\/types\/page"}],"author":[{"embeddable":true,"href":"https:\/\/freiefarbe.de\/en\/wp-json\/wp\/v2\/users\/3"}],"replies":[{"embeddable":true,"href":"https:\/\/freiefarbe.de\/en\/wp-json\/wp\/v2\/comments?post=5287"}],"version-history":[{"count":0,"href":"https:\/\/freiefarbe.de\/en\/wp-json\/wp\/v2\/pages\/5287\/revisions"}],"up":[{"embeddable":true,"href":"https:\/\/freiefarbe.de\/en\/wp-json\/wp\/v2\/pages\/134"}],"wp:attachment":[{"href":"https:\/\/freiefarbe.de\/en\/wp-json\/wp\/v2\/media?parent=5287"}],"curies":[{"name":"wp","href":"https:\/\/api.w.org\/{rel}","templated":true}]}}