{"id":5152,"date":"2020-02-09T15:46:25","date_gmt":"2020-02-09T14:46:25","guid":{"rendered":"http:\/\/www.freiefarbe.de\/?page_id=5152"},"modified":"2020-02-09T15:46:25","modified_gmt":"2020-02-09T14:46:25","slug":"matchmycolor","status":"publish","type":"page","link":"https:\/\/freiefarbe.de\/en\/partner\/matchmycolor\/","title":{"rendered":"matchmycolor"},"content":{"rendered":"[:de]<a href=\"http:\/\/matchmycolor.com\" rel=\"noopener\" target=\"_blank\"><\/p>\n<h1 id=\"matchmycolor-llc\">matchmycolor LLC<\/h1>\n<p><\/a><br \/>\n<a href=\"http:\/\/matchmycolor.com\" rel=\"noopener\" target=\"_blank\"><img loading=\"lazy\" decoding=\"async\" src=\"https:\/\/freiefarbe.de\/wp-content\/uploads\/2020\/02\/mmc.png\" alt=\"\" width=\"1463\" height=\"968\" class=\"partnerbild aligncenter size-full wp-image-5153\" srcset=\"https:\/\/freiefarbe.de\/wp-content\/uploads\/2020\/02\/mmc.png 1463w, https:\/\/freiefarbe.de\/wp-content\/uploads\/2020\/02\/mmc-300x198.png 300w, https:\/\/freiefarbe.de\/wp-content\/uploads\/2020\/02\/mmc-1024x678.png 1024w, https:\/\/freiefarbe.de\/wp-content\/uploads\/2020\/02\/mmc-768x508.png 768w, https:\/\/freiefarbe.de\/wp-content\/uploads\/2020\/02\/mmc-380x251.png 380w, https:\/\/freiefarbe.de\/wp-content\/uploads\/2020\/02\/mmc-800x529.png 800w, https:\/\/freiefarbe.de\/wp-content\/uploads\/2020\/02\/mmc-1160x768.png 1160w\" sizes=\"auto, (max-width: 1463px) 100vw, 1463px\" \/><br \/>\nmatchmycolor wurde 2009 im Rahmen eines Management-Buyouts des Colibri\u00ae Gesch\u00e4ftsfelds von Ciba Specialty Chemicals, heute BASF, gegr\u00fcndet. matchmycolor vereint eine einzigartige Kombination von IT Angeboten und Farb-Know-how und kann damit technisch hochentwickelte Software-L\u00f6sungen f\u00fcr die Industrie anbieten.<\/p>\n<p>Colibri\u00ae stellt eines der innovativsten, technologisch weitest entwickelten Software-Programme zur Farbkommunikation, Farbabstimmung und Qualit\u00e4tskontrolle von F\u00e4rbungen und Farben dar, die heute auf dem Markt sind. Es wurde speziell f\u00fcr die Anforderungen der grafischen K\u00fcnste und der Farben-, Lack-, Kunststoff-, Faser- und keramischen Industrien entwickelt. Durch die Verbindung aller Glieder der Lieferkette von Farben tr\u00e4gt dieses effiziente Software-Paket zur Einsparung von Kosten, zur Verk\u00fcrzung der Lieferzeiten und Beschleunigung des Time-to-Market-Prozesses bei.<\/p>\n<p>Colibri\u00ae wird weltweit in \u00fcber 30 L\u00e4ndern betreut.[:en]<a href=\"http:\/\/matchmycolor.com\" rel=\"noopener\" target=\"_blank\"><\/p>\n<h1 id=\"matchmycolor-llc-2\">matchmycolor LLC<\/h1>\n<p><\/a><br \/>\n<a href=\"http:\/\/matchmycolor.com\" rel=\"noopener\" target=\"_blank\"><img loading=\"lazy\" decoding=\"async\" src=\"https:\/\/freiefarbe.de\/wp-content\/uploads\/2020\/02\/mmc.png\" alt=\"\" width=\"1463\" height=\"968\" class=\"partnerbild aligncenter size-full wp-image-5153\" srcset=\"https:\/\/freiefarbe.de\/wp-content\/uploads\/2020\/02\/mmc.png 1463w, https:\/\/freiefarbe.de\/wp-content\/uploads\/2020\/02\/mmc-300x198.png 300w, https:\/\/freiefarbe.de\/wp-content\/uploads\/2020\/02\/mmc-1024x678.png 1024w, https:\/\/freiefarbe.de\/wp-content\/uploads\/2020\/02\/mmc-768x508.png 768w, https:\/\/freiefarbe.de\/wp-content\/uploads\/2020\/02\/mmc-380x251.png 380w, https:\/\/freiefarbe.de\/wp-content\/uploads\/2020\/02\/mmc-800x529.png 800w, https:\/\/freiefarbe.de\/wp-content\/uploads\/2020\/02\/mmc-1160x768.png 1160w\" sizes=\"auto, (max-width: 1463px) 100vw, 1463px\" \/><\/p>\n<p>matchmycolor was founded in 2009 following a management buyout of the Colibri\u00ae business from Ciba Specialty Chemicals, now part of BASF. matchmycolor brings together a unique offering of IT services and color know-how, resulting in new advanced technical software solutions for the industrial market.<\/p>\n<p>Colibri\u00ae, one of the most innovative, technologically advanced color communication, color-matching, tinting and color quality control software tools on the market today, has been specifically designed to meet the requirements of the graphic arts, paints, coatings, plastics, fibers and ceramic industries. This efficient software tool helps to cut production costs, reduce delivery times and accelerate time-to-market by linking all stages of the color supply chain.<\/p>\n<p>Colibri\u00ae is distributed and supported in more than 30 countries around the world.<\/p>\n<h3 id=\"more-information-www-matchmycolor-com\">More information \u2013 <a href=\"http:\/\/matchmycolor.com\">www.matchmycolor.com<\/a><\/h3>\n[:]\n","protected":false},"excerpt":{"rendered":"[:de] matchmycolor LLC matchmycolor wurde 2009 im Rahmen eines Management-Buyouts des Colibri\u00ae Gesch\u00e4ftsfelds von Ciba Specialty Chemicals, heute&hellip;\n","protected":false},"author":3,"featured_media":0,"parent":134,"menu_order":0,"comment_status":"closed","ping_status":"closed","template":"","meta":{"_oasis_is_in_workflow":0,"_oasis_original":0,"footnotes":""},"class_list":["post-5152","page","type-page","status-publish"],"_links":{"self":[{"href":"https:\/\/freiefarbe.de\/en\/wp-json\/wp\/v2\/pages\/5152","targetHints":{"allow":["GET"]}}],"collection":[{"href":"https:\/\/freiefarbe.de\/en\/wp-json\/wp\/v2\/pages"}],"about":[{"href":"https:\/\/freiefarbe.de\/en\/wp-json\/wp\/v2\/types\/page"}],"author":[{"embeddable":true,"href":"https:\/\/freiefarbe.de\/en\/wp-json\/wp\/v2\/users\/3"}],"replies":[{"embeddable":true,"href":"https:\/\/freiefarbe.de\/en\/wp-json\/wp\/v2\/comments?post=5152"}],"version-history":[{"count":0,"href":"https:\/\/freiefarbe.de\/en\/wp-json\/wp\/v2\/pages\/5152\/revisions"}],"up":[{"embeddable":true,"href":"https:\/\/freiefarbe.de\/en\/wp-json\/wp\/v2\/pages\/134"}],"wp:attachment":[{"href":"https:\/\/freiefarbe.de\/en\/wp-json\/wp\/v2\/media?parent=5152"}],"curies":[{"name":"wp","href":"https:\/\/api.w.org\/{rel}","templated":true}]}}