{"id":4395,"date":"2019-02-11T19:26:29","date_gmt":"2019-02-11T18:26:29","guid":{"rendered":"http:\/\/www.freiefarbe.de\/?page_id=4395"},"modified":"2019-02-11T19:26:29","modified_gmt":"2019-02-11T18:26:29","slug":"malermeister-franke","status":"publish","type":"page","link":"https:\/\/freiefarbe.de\/en\/partner\/malermeister-franke\/","title":{"rendered":"Master painter Franke"},"content":{"rendered":"[:de]<img decoding=\"async\" src=\"http:\/\/www.freiefarbe.de\/wp-content\/uploads\/2019\/02\/mmfranke-logo.png\" alt=\"\" width=\"350\" class=\"aligncenter size-full wp-image-4401\" srcset=\"https:\/\/freiefarbe.de\/wp-content\/uploads\/2019\/02\/mmfranke-logo.png 490w, https:\/\/freiefarbe.de\/wp-content\/uploads\/2019\/02\/mmfranke-logo-300x58.png 300w, https:\/\/freiefarbe.de\/wp-content\/uploads\/2019\/02\/mmfranke-logo-380x73.png 380w\" sizes=\"(max-width: 490px) 100vw, 490px\" \/><\/p>\n<hr \/>\n<h1 id=\"friedrich-wilhelm-frankemaler-mit-leidenschaft\">Friedrich-Wilhelm Franke:<br \/>\nMaler mit Leidenschaft<\/h1>\n<p>Seit mehr als einem Jahrzehnt ist der Meisterbetrieb von Friedrich-Wilhelm Franke f\u00fcr Privatkunden, Firmenkunden und \u00f6ffentliche Tr\u00e4ger in Berlin Brandenburg t\u00e4tig.<\/p>\n<p>Nach dem Motto \u201eeinfach eine Klasse besser\u201c werden Arbeiten mit h\u00f6chstem Qualit\u00e4tsanspruch und absoluter Zuverl\u00e4ssigkeit ausgef\u00fchrt.<\/p>\n<p>Stetige Schulungen und Weiterbildungen geh\u00f6ren f\u00fcr das Personal und den Malermeister zum Grundverst\u00e4ndnis ihrer Arbeit.<\/p>\n<p>Von Maler- und Tapezierarbeiten, aufwendigen dekorativen Wandgestaltungen, \u00fcber Fassadensanierungen und Industrieanstriche, gibt es nichts im Malerhandwerk, was der Betrieb nicht mit h\u00f6chster Kompetenz und Leidenschaft f\u00fcr seine Kunden ausf\u00fchrt.<\/p>\n<p>Lesen Sie hier mehr \u00fcber das Unternehmen: <a href=\"https:\/\/www.malermitleidenschaft.de\/unternehmen\/\">https:\/\/www.malermitleidenschaft.de\/unternehmen\/<\/a><\/p>\n<p>oder schauen Sie sich hier den Image-Film an: <a href=\"https:\/\/youtu.be\/o3x8NT_P2-U\">https:\/\/youtu.be\/o3x8NT_P2-U<\/a><\/p>\n<p>Einen Auszug aus den Referenzen der Firma Friedrich\u2013Wilhelm Franke Maler mit Leidenschaft finden Sie hier: <a href=\"https:\/\/www.malermitleidenschaft.de\/aktuelle-projekte\">https:\/\/www.malermitleidenschaft.de\/aktuelle-projekte<\/a>\/<\/p>\n[rl_gallery id=&#8220;4416&#8243;]\n<p><a href=\"https:\/\/www.malermitleidenschaft.de.de\/\"><img loading=\"lazy\" decoding=\"async\" class=\"partnerbild\" src=\"http:\/\/www.freiefarbe.de\/wp-content\/uploads\/2019\/02\/mmfranke05-1024x516.png\" alt=\"\" width=\"1024\" height=\"516\" \/><\/a>[:en]<img decoding=\"async\" src=\"http:\/\/www.freiefarbe.de\/wp-content\/uploads\/2019\/02\/mmfranke-logo.png\" alt=\"\" width=\"350\" class=\"aligncenter size-full wp-image-4401\" srcset=\"https:\/\/freiefarbe.de\/wp-content\/uploads\/2019\/02\/mmfranke-logo.png 490w, https:\/\/freiefarbe.de\/wp-content\/uploads\/2019\/02\/mmfranke-logo-300x58.png 300w, https:\/\/freiefarbe.de\/wp-content\/uploads\/2019\/02\/mmfranke-logo-380x73.png 380w\" sizes=\"(max-width: 490px) 100vw, 490px\" \/><\/p>\n<hr \/>\n<h1 id=\"friedrich-wilhelm-frankemaler-mit-leidenschaft-2\">Friedrich-Wilhelm Franke:<br \/>\nMaler mit Leidenschaft<\/h1>\n<p>Since more than a decade, the master painter business of Friedrich-Wilhelm-Franke is working for private, corporate and public customers in Berlin-Brandenburg.<\/p>\n<p>According to the principle \u201cSimply a class better\u201d all works will be performed with the highest quality standards and the highest reliablilty.<\/p>\n<p>Constant training and further education are the work foundations of every employee and the master painter himself.<\/p>\n<p>Painting and wallpapering, ornamental wall design, as well as facade renovation and industrial paints are executed with high level of expertise and passion.<\/p>\n<p>Read more about the company here: <a href=\"https:\/\/www.malermitleidenschaft.de\/unternehmen\/\">https:\/\/www.malermitleidenschaft.de\/unternehmen\/<\/a><\/p>\n<p>or watch the Image film: <a href=\"https:\/\/youtu.be\/o3x8NT_P2-U\">https:\/\/youtu.be\/o3x8NT_P2-U<\/a><\/p>\n<p>Find here a selection of references of the company \u201cFriedrich-Wilhelm-Franke Maler mit Leidenschaft\u201d: <a href=\"https:\/\/www.malermitleidenschaft.de\/aktuelle-projekte\/\">https:\/\/www.malermitleidenschaft.de\/aktuelle-projekte\/<\/a><\/p>\n[rl_gallery id=&#8220;4416&#8243;]\n<p><a href=\"https:\/\/www.malermitleidenschaft.de.de\/\"><img loading=\"lazy\" decoding=\"async\" class=\"partnerbild\" src=\"http:\/\/www.freiefarbe.de\/wp-content\/uploads\/2019\/02\/mmfranke05-1024x516.png\" alt=\"\" width=\"1024\" height=\"516\" \/><\/a>[:]\n","protected":false},"excerpt":{"rendered":"[:de] Friedrich-Wilhelm Franke: Maler mit Leidenschaft Seit mehr als einem Jahrzehnt ist der Meisterbetrieb von Friedrich-Wilhelm Franke f\u00fcr&hellip;\n","protected":false},"author":3,"featured_media":0,"parent":134,"menu_order":0,"comment_status":"closed","ping_status":"closed","template":"","meta":{"_oasis_is_in_workflow":0,"_oasis_original":0,"footnotes":""},"class_list":["post-4395","page","type-page","status-publish"],"_links":{"self":[{"href":"https:\/\/freiefarbe.de\/en\/wp-json\/wp\/v2\/pages\/4395","targetHints":{"allow":["GET"]}}],"collection":[{"href":"https:\/\/freiefarbe.de\/en\/wp-json\/wp\/v2\/pages"}],"about":[{"href":"https:\/\/freiefarbe.de\/en\/wp-json\/wp\/v2\/types\/page"}],"author":[{"embeddable":true,"href":"https:\/\/freiefarbe.de\/en\/wp-json\/wp\/v2\/users\/3"}],"replies":[{"embeddable":true,"href":"https:\/\/freiefarbe.de\/en\/wp-json\/wp\/v2\/comments?post=4395"}],"version-history":[{"count":0,"href":"https:\/\/freiefarbe.de\/en\/wp-json\/wp\/v2\/pages\/4395\/revisions"}],"up":[{"embeddable":true,"href":"https:\/\/freiefarbe.de\/en\/wp-json\/wp\/v2\/pages\/134"}],"wp:attachment":[{"href":"https:\/\/freiefarbe.de\/en\/wp-json\/wp\/v2\/media?parent=4395"}],"curies":[{"name":"wp","href":"https:\/\/api.w.org\/{rel}","templated":true}]}}