{"id":4373,"date":"2019-02-07T15:16:50","date_gmt":"2019-02-07T14:16:50","guid":{"rendered":"http:\/\/www.freiefarbe.de\/?page_id=4373"},"modified":"2019-02-07T15:16:50","modified_gmt":"2019-02-07T14:16:50","slug":"lasersoft-imaging","status":"publish","type":"page","link":"https:\/\/freiefarbe.de\/en\/partner\/lasersoft-imaging\/","title":{"rendered":"LaserSoft Imaging"},"content":{"rendered":"[:de]\n<h1 id=\"lasersoft-imaging\">LaserSoft Imaging<\/h1>\n<p><img loading=\"lazy\" decoding=\"async\" class=\"partnerbild aligncenter size-large wp-image-4377\" src=\"http:\/\/www.freiefarbe.de\/wp-content\/uploads\/2019\/02\/LSI_DE-1024x786.png\" alt=\"\" width=\"1024\" height=\"786\" srcset=\"https:\/\/freiefarbe.de\/wp-content\/uploads\/2019\/02\/LSI_DE-1024x786.png 1024w, https:\/\/freiefarbe.de\/wp-content\/uploads\/2019\/02\/LSI_DE-300x230.png 300w, https:\/\/freiefarbe.de\/wp-content\/uploads\/2019\/02\/LSI_DE-768x589.png 768w, https:\/\/freiefarbe.de\/wp-content\/uploads\/2019\/02\/LSI_DE-380x292.png 380w, https:\/\/freiefarbe.de\/wp-content\/uploads\/2019\/02\/LSI_DE-800x614.png 800w, https:\/\/freiefarbe.de\/wp-content\/uploads\/2019\/02\/LSI_DE.png 1140w\" sizes=\"auto, (max-width: 1024px) 100vw, 1024px\" \/><\/p>\n<h2 id=\"silverfast-pioneer-expert-in-digital-imaging\">SilverFast \u2013 Pioneer &amp; Expert in Digital Imaging<\/h2>\n<p>LaserSoft Imaging wurde 1986 von dem Physiker Karl-Heinz Zahorsky, der das Konzept von SilverFast in Kiel entwickelte, gegr\u00fcndet. Seither tr\u00e4gt die Firma mit zahlreichen Erfindungen dazu bei, analoge und digitale Bilder qualitativ hochwertig verarbeiten zu k\u00f6nnen. LaserSoft Imaging ist daher mit der SilverFast-Produktreihe weltweit bekannt als Pionier der Scanner- und Digital Imaging-Software.<\/p>\n<p>Die Produktpalette umfasst Software f\u00fcr Scanner, Drucker und f\u00fcr die HDR-Bildverarbeitung sowie Bildverarbeitungs-Plug-ins. Zur Scanner-Kalibrierung fertigt LaserSoft Imaging hochwertige IT8-Targets in eigener Produktion und ist seit 2015 im ISOKomitee TC 130 f\u00fcr den IT8-Standard vertreten. Mit ihren neuen \u201eErweiterten IT8-Targets\u201c bietet LaserSoft Imaging bereits jetzt Targets nach den aktuellen Erweiterungen des IT8- Standards.<\/p>\n<p>Die langj\u00e4hrige Erfahrung im Bereich der Bildverarbeitung macht das Unternehmen zu einem gefragten Gesch\u00e4ftspartner, wenn es um die Entwicklung oder den Einsatz von Speziall\u00f6sungen f\u00fcr die Industrie geht. Automatisiertes Scannen im Bereich des Qualit\u00e4tsmanagements oder die Anwendung bei ID- und Ausweissystemen sind hervorragende Beispiele f\u00fcr die Flexibilit\u00e4t der Software in vertikalen L\u00f6sungen.<\/p>\n<h4 id=\"https-www-silverfast-comhttps-business-silverfast-com\"><a href=\"https:\/\/www.silverfast.com\">https:\/\/www.silverfast.com<\/a><br \/>\n<a href=\"https:\/\/business.silverfast.com\">https:\/\/business.silverfast.com<\/a><br \/>\n<\/h4>\n[:en]\n<h1 id=\"lasersoft-imaging-2\">LaserSoft Imaging<\/h1>\n<p><img loading=\"lazy\" decoding=\"async\" src=\"http:\/\/www.freiefarbe.de\/wp-content\/uploads\/2019\/02\/LSI_EN-1024x786.png\" alt=\"\" width=\"1024\" height=\"786\" class=\"partnerbild aligncenter size-large wp-image-4384\" srcset=\"https:\/\/freiefarbe.de\/wp-content\/uploads\/2019\/02\/LSI_EN-1024x786.png 1024w, https:\/\/freiefarbe.de\/wp-content\/uploads\/2019\/02\/LSI_EN-300x230.png 300w, https:\/\/freiefarbe.de\/wp-content\/uploads\/2019\/02\/LSI_EN-768x589.png 768w, https:\/\/freiefarbe.de\/wp-content\/uploads\/2019\/02\/LSI_EN-380x292.png 380w, https:\/\/freiefarbe.de\/wp-content\/uploads\/2019\/02\/LSI_EN-800x614.png 800w, https:\/\/freiefarbe.de\/wp-content\/uploads\/2019\/02\/LSI_EN.png 1140w\" sizes=\"auto, (max-width: 1024px) 100vw, 1024px\" \/><\/p>\n<h2 id=\"silverfast-pioneer-expert-in-digital-imaging-2\">SilverFast \u2013 Pioneer &amp; Expert in Digital Imaging<\/h2>\n<p>LaserSoft Imaging was founded in 1986 by physicist Karl-Heinz Zahorsky who developed the concept of SilverFast in Kiel, Germany. Since then, the company has contributed numerous inventions which allow for high-quality image processing of analog and digital images. LaserSoft Imaging thus has a worldwide reputation as pioneer and expert in scanning and digital imaging. <\/p>\n<p>The SilverFast range of products includes software for scanners, digital cameras, printers and for HDR imaging, as well as several specialized solutions. LaserSoft Imaging is fabricating quality targets for IT8-calibration in their own production. Since 2015 LaserSoft Imaging is represented in the TC 130 committee for the IT8-standard. In form of \u201cAdvanced IT8- targets\u201d, they already offer targets according to the latest updates of the IT8-standard. <\/p>\n<p>Many years of experience in the field of image processing make the company an interesting business partner when it comes to the development or use of special business solutions. Automated scanning in the area of quality management or the use in ID card creation processes are excellent examples of the software\u2019s flexibility in vertical solutions. <\/p>\n<h4 id=\"https-www-silverfast-comhttps-business-silverfast-com-2\"><a href=\"https:\/\/www.silverfast.com\">https:\/\/www.silverfast.com<\/a><br \/>\n<a href=\"https:\/\/business.silverfast.com\">https:\/\/business.silverfast.com<\/a><br \/>\n<\/h4>\n[:]\n","protected":false},"excerpt":{"rendered":"[:de] LaserSoft Imaging SilverFast \u2013 Pioneer &amp; Expert in Digital Imaging LaserSoft Imaging wurde 1986 von dem Physiker&hellip;\n","protected":false},"author":3,"featured_media":0,"parent":134,"menu_order":0,"comment_status":"closed","ping_status":"closed","template":"page-fullwidth.php","meta":{"_oasis_is_in_workflow":0,"_oasis_original":0,"footnotes":""},"class_list":["post-4373","page","type-page","status-publish"],"_links":{"self":[{"href":"https:\/\/freiefarbe.de\/en\/wp-json\/wp\/v2\/pages\/4373","targetHints":{"allow":["GET"]}}],"collection":[{"href":"https:\/\/freiefarbe.de\/en\/wp-json\/wp\/v2\/pages"}],"about":[{"href":"https:\/\/freiefarbe.de\/en\/wp-json\/wp\/v2\/types\/page"}],"author":[{"embeddable":true,"href":"https:\/\/freiefarbe.de\/en\/wp-json\/wp\/v2\/users\/3"}],"replies":[{"embeddable":true,"href":"https:\/\/freiefarbe.de\/en\/wp-json\/wp\/v2\/comments?post=4373"}],"version-history":[{"count":0,"href":"https:\/\/freiefarbe.de\/en\/wp-json\/wp\/v2\/pages\/4373\/revisions"}],"up":[{"embeddable":true,"href":"https:\/\/freiefarbe.de\/en\/wp-json\/wp\/v2\/pages\/134"}],"wp:attachment":[{"href":"https:\/\/freiefarbe.de\/en\/wp-json\/wp\/v2\/media?parent=4373"}],"curies":[{"name":"wp","href":"https:\/\/api.w.org\/{rel}","templated":true}]}}