{"id":4288,"date":"2018-12-06T22:45:58","date_gmt":"2018-12-06T21:45:58","guid":{"rendered":"http:\/\/www.freiefarbe.de\/?page_id=4288"},"modified":"2018-12-06T22:45:58","modified_gmt":"2018-12-06T21:45:58","slug":"sebastian-software","status":"publish","type":"page","link":"https:\/\/freiefarbe.de\/en\/partner\/sebastian-software\/","title":{"rendered":"Sebastian Software"},"content":{"rendered":"[:de]<img decoding=\"async\" class=\"aligncenter size-full wp-image-4299\" src=\"http:\/\/www.freiefarbe.de\/wp-content\/uploads\/2018\/12\/sebastian-logo.png\" alt=\"\" width=\"350\" srcset=\"https:\/\/freiefarbe.de\/wp-content\/uploads\/2018\/12\/sebastian-logo.png 600w, https:\/\/freiefarbe.de\/wp-content\/uploads\/2018\/12\/sebastian-logo-300x113.png 300w, https:\/\/freiefarbe.de\/wp-content\/uploads\/2018\/12\/sebastian-logo-380x143.png 380w\" sizes=\"(max-width: 600px) 100vw, 600px\" \/><\/p>\n<hr \/>\n<h1 id=\"sebastian-software-%c2%b7sebastian-fastner-sebastian-werner\">Sebastian Software \u00b7<br \/>\nSebastian Fastner, Sebastian Werner<\/h1>\n<p>Die Sebastian Software GmbH aus Mainz und Heidelberg ist spezialisiert auf gro\u00dfe Webanwendungen auf Basis von ReactJS und GraphQL. Hierzu z\u00e4hlen beispielsweise Online-Banking, Online-Shops, Administrationsoberfl\u00e4chen, soziale Netzwerk, Mediatheken, etc. Da moderne Webanwendungen auch immer ein Auge f\u00fcr das Detail brauchen, liegt uns auch das Thema Farben sehr am Herzen.<\/p>\n<p>Es geh\u00f6rt zu unserer Philosophie, Dinge richtig anzupacken. Daher sind wir auch sehr engagiert im OpenSource-Umfeld. Die Offenheit von Software passt zu unserem Wunsch, auch Farben offen zu behandeln und nutzbar zu machen.<\/p>\n<p>Zu unseren Kunden geh\u00f6ren beispielsweise: \u201eDeutsche Bank\u201c, \u201eOtto Gruppe\u201c, \u201eARD\u201c, \u201eVW\/MAN\u201c und \u201eHuawei\u201c. Mehr dazu finden Sie unter: <a href=\"https:\/\/www.sebastian-software.de\/consulting\/\">https:\/\/www.sebastian-software.de\/consulting\/<\/a><\/p>\n<figure id=\"attachment_4297\" aria-describedby=\"caption-attachment-4297\" style=\"width: 1024px\" class=\"wp-caption aligncenter\"><img loading=\"lazy\" decoding=\"async\" class=\"size-large wp-image-4297\" src=\"http:\/\/www.freiefarbe.de\/wp-content\/uploads\/2018\/12\/sebastian-software-gf-1024x622.jpg\" alt=\"\" width=\"1024\" height=\"622\" srcset=\"https:\/\/freiefarbe.de\/wp-content\/uploads\/2018\/12\/sebastian-software-gf-1024x622.jpg 1024w, https:\/\/freiefarbe.de\/wp-content\/uploads\/2018\/12\/sebastian-software-gf-300x182.jpg 300w, https:\/\/freiefarbe.de\/wp-content\/uploads\/2018\/12\/sebastian-software-gf-768x467.jpg 768w, https:\/\/freiefarbe.de\/wp-content\/uploads\/2018\/12\/sebastian-software-gf-1536x933.jpg 1536w, https:\/\/freiefarbe.de\/wp-content\/uploads\/2018\/12\/sebastian-software-gf-2048x1244.jpg 2048w, https:\/\/freiefarbe.de\/wp-content\/uploads\/2018\/12\/sebastian-software-gf-380x231.jpg 380w, https:\/\/freiefarbe.de\/wp-content\/uploads\/2018\/12\/sebastian-software-gf-800x486.jpg 800w, https:\/\/freiefarbe.de\/wp-content\/uploads\/2018\/12\/sebastian-software-gf-1160x705.jpg 1160w, https:\/\/freiefarbe.de\/wp-content\/uploads\/2018\/12\/sebastian-software-gf-scaled.jpg 2560w\" sizes=\"auto, (max-width: 1024px) 100vw, 1024px\" \/><figcaption id=\"caption-attachment-4297\" class=\"wp-caption-text\">Sebastian Fastner, Sebastian Werner<\/figcaption><\/figure>[:en]<img decoding=\"async\" src=\"http:\/\/www.freiefarbe.de\/wp-content\/uploads\/2018\/12\/sebastian-logo.png\" alt=\"\" width=\"350\" class=\"aligncenter size-full wp-image-4299\" srcset=\"https:\/\/freiefarbe.de\/wp-content\/uploads\/2018\/12\/sebastian-logo.png 600w, https:\/\/freiefarbe.de\/wp-content\/uploads\/2018\/12\/sebastian-logo-300x113.png 300w, https:\/\/freiefarbe.de\/wp-content\/uploads\/2018\/12\/sebastian-logo-380x143.png 380w\" sizes=\"(max-width: 600px) 100vw, 600px\" \/><\/p>\n<hr \/>\n<h1 id=\"sebastian-software-%c2%b7-sebastian-fastner-sebastian-werner\">Sebastian Software \u00b7 <br \/>Sebastian Fastner, Sebastian Werner<\/h1>\n<p>Sebastian Software GmbH from Mainz and Heidelberg specializes in large web applications based on ReactJS and GraphQL. These include for example online banking, online shops, administration interfaces, social networks, media libraries, etc. <\/p>\n<p>Since modern web applications always need an eye for detail, the topic of colors is also very important to us. It is part of our philosophy to tackle things correctly. Therefore we are also very engaged in the OpenSource-community. The openness of software fits to our wish to treat colors openly and to make them usable. <\/p>\n<p>Our customers include for example: &#8222;Deutsche Bank&#8220;, &#8222;Otto Group&#8220;, &#8222;ARD&#8220;, &#8222;VW\/MAN&#8220; and &#8222;Huawei&#8220;. You can find out more at: <a href=\"https:\/\/www.sebastian-software.de\/consulting\/\">https:\/\/www.sebastian-software.de\/consulting<\/a><\/p>\n<figure id=\"attachment_4297\" aria-describedby=\"caption-attachment-4297\" style=\"width: 1024px\" class=\"wp-caption aligncenter\"><img loading=\"lazy\" decoding=\"async\" src=\"http:\/\/www.freiefarbe.de\/wp-content\/uploads\/2018\/12\/sebastian-software-gf-1024x622.jpg\" alt=\"\" width=\"1024\" height=\"622\" class=\"size-large wp-image-4297\" srcset=\"https:\/\/freiefarbe.de\/wp-content\/uploads\/2018\/12\/sebastian-software-gf-1024x622.jpg 1024w, https:\/\/freiefarbe.de\/wp-content\/uploads\/2018\/12\/sebastian-software-gf-300x182.jpg 300w, https:\/\/freiefarbe.de\/wp-content\/uploads\/2018\/12\/sebastian-software-gf-768x467.jpg 768w, https:\/\/freiefarbe.de\/wp-content\/uploads\/2018\/12\/sebastian-software-gf-1536x933.jpg 1536w, https:\/\/freiefarbe.de\/wp-content\/uploads\/2018\/12\/sebastian-software-gf-2048x1244.jpg 2048w, https:\/\/freiefarbe.de\/wp-content\/uploads\/2018\/12\/sebastian-software-gf-380x231.jpg 380w, https:\/\/freiefarbe.de\/wp-content\/uploads\/2018\/12\/sebastian-software-gf-800x486.jpg 800w, https:\/\/freiefarbe.de\/wp-content\/uploads\/2018\/12\/sebastian-software-gf-1160x705.jpg 1160w, https:\/\/freiefarbe.de\/wp-content\/uploads\/2018\/12\/sebastian-software-gf-scaled.jpg 2560w\" sizes=\"auto, (max-width: 1024px) 100vw, 1024px\" \/><figcaption id=\"caption-attachment-4297\" class=\"wp-caption-text\">Sebastian Fastner, Sebastian Werner<\/figcaption><\/figure>[:]\n","protected":false},"excerpt":{"rendered":"[:de] Sebastian Software \u00b7 Sebastian Fastner, Sebastian Werner Die Sebastian Software GmbH aus Mainz und Heidelberg ist spezialisiert&hellip;\n","protected":false},"author":3,"featured_media":0,"parent":134,"menu_order":0,"comment_status":"closed","ping_status":"closed","template":"","meta":{"_oasis_is_in_workflow":0,"_oasis_original":0,"footnotes":""},"class_list":["post-4288","page","type-page","status-publish"],"_links":{"self":[{"href":"https:\/\/freiefarbe.de\/en\/wp-json\/wp\/v2\/pages\/4288","targetHints":{"allow":["GET"]}}],"collection":[{"href":"https:\/\/freiefarbe.de\/en\/wp-json\/wp\/v2\/pages"}],"about":[{"href":"https:\/\/freiefarbe.de\/en\/wp-json\/wp\/v2\/types\/page"}],"author":[{"embeddable":true,"href":"https:\/\/freiefarbe.de\/en\/wp-json\/wp\/v2\/users\/3"}],"replies":[{"embeddable":true,"href":"https:\/\/freiefarbe.de\/en\/wp-json\/wp\/v2\/comments?post=4288"}],"version-history":[{"count":0,"href":"https:\/\/freiefarbe.de\/en\/wp-json\/wp\/v2\/pages\/4288\/revisions"}],"up":[{"embeddable":true,"href":"https:\/\/freiefarbe.de\/en\/wp-json\/wp\/v2\/pages\/134"}],"wp:attachment":[{"href":"https:\/\/freiefarbe.de\/en\/wp-json\/wp\/v2\/media?parent=4288"}],"curies":[{"name":"wp","href":"https:\/\/api.w.org\/{rel}","templated":true}]}}