{"id":4027,"date":"2018-10-12T17:34:16","date_gmt":"2018-10-12T15:34:16","guid":{"rendered":"http:\/\/www.freiefarbe.de\/?page_id=4027"},"modified":"2018-10-12T17:34:16","modified_gmt":"2018-10-12T15:34:16","slug":"jhv2020","status":"publish","type":"page","link":"https:\/\/freiefarbe.de\/en\/jhv2020\/","title":{"rendered":"Planning the Annual General Meeting 2020"},"content":{"rendered":"[:de]\n<h2 id=\"update-17-03-2020\" style=\"color: darkred\">Update 17.03.2020<\/h2>\n<p>Wird unsere freieFarbe-Tagung in der geplanten Form tats\u00e4chlich statt finden, und werden Sie, vor allem aus dem Ausland, problemfrei anreisen k\u00f6nnen? Niemand kann in die Zukunft sehen, wer h\u00e4tte vor vier Monaten die heutige Situation voraus gesagt? <\/p>\n<p>Nach seri\u00f6sen Quellen ist davon auszugehen, dass im Lauf des Sommers nach und nach Normalit\u00e4t einkehren wird. Es ist daher wahrscheinlich, dass wir Ende Oktober unsere Tagung ganz normal abhalten k\u00f6nnen \u2013 hierauf freuen wir uns, und an uns soll es nicht scheitern!<\/p>\n<p>Sie gehen mit Ihrer Anmeldung keinerlei Kosten oder Verpflichtungen ein und k\u00f6nnen eine Zusage jederzeit auch wieder zur\u00fcck nehmen.<\/p>\n<p>In diesen Zeiten, zwischen Home-Office und Quarant\u00e4ne, haben wir vielleicht auch Zeit zur Besinnung: Wollen wir unsere Welt der Hersteller-Farbkollektionen und Eigentums-Farben, die unpraktisch und teuer ist, weiterhin, oder wollen wir eine anwenderfreundlichere, g\u00fcnstigere, bessere, genauere, berechenbarere = freiere Farbwelt?<\/p>\n<hr \/>\n<h1 id=\"anmeldung-zur-freiefarbe-e-v-jahreshauptversammlung-2020\">Anmeldung zur freieFarbe e.V. <br \/>Jahreshauptversammlung 2020<br \/><\/h1>\n<h2 id=\"samstag-den-31-oktober-2020\">Samstag, den 31. Oktober 2020<\/h2>\n<p><a href=\"http:\/\/seminarhaus-hosuene.de\/\" target=\"_blank\" rel=\"noopener\">Seminarzentrum Hos\u00fcne<\/a><br \/>Am Forst 36<br \/>D 26197 Gro\u00dfenkneten-Huntlosen<\/p>\n<p><img decoding=\"async\" style=\"width: 100%\" src=\"https:\/\/freiefarbe.de\/wp-content\/uploads\/2020\/02\/Seminarhaus.jpg\"><\/p>\n<h2 id=\"vorlaeufiges-programm\">Vorl\u00e4ufiges Programm<\/h2>\n<p>Freitag<br \/>Anreise<br \/>19:00 Uhr Treffen im \u201eSchwan\u201c Oldenburg, Kneipenbummel<\/p>\n<p>Samstag<br \/>11:00 Uhr Kurzvortr\u00e4ge<br \/>13:00 Uhr Mittagessen<br \/><b>14:00-17:00 Uhr Mitgliederversammlung<\/b><br \/>19:00 Uhr Lagerfeuer-Grillabend<\/p>\n<p>Sonntag<br \/>11:00 Uhr Stadtf\u00fchrung Oldenburg mit dem Stadtf\u00fchrer Arek Hommyr<br \/>\nAbreise<\/p>\n<h2 id=\"bisher-angemeldete-kurzvortraege\">Bisher angemeldete Kurzvortr\u00e4ge<\/h2>\n<p><b>Peter J\u00e4ger, pre2media: Crossmediales Logo-Design anhand von freieFarbe<\/b><br \/>\nAusgehend von einer Logo-Datei f\u00fcr diverse Ausgaben und Softwaren, ohne Lizenzgeb\u00fchren. Schluss mit vier bis f\u00fcnf verschiedenen Logo-Dateien, wo niemand mehr wei\u00df, welche nun f\u00fcr welche Software und Ausgabe zu verwenden ist! Intelligentes Dokumentenmanagement ist die L\u00f6sung.<\/p>\n<p><p><b>Holger Everding, freieFarbe e.V.: HLC und HSB<\/b><br \/>\nAuf den ersten Blick funktioniert HLC genauso wie das in Software weit verbreitete HSB-Farbrad nach \u201eFarbton, Helligkeit, S\u00e4ttigung\u201c. Bei genauerem Hinsehen zeigen sich jedoch gewaltige Unterschiede. Das aus CIELAB hervorgehende HLC liefert eindeutig bessere Farbergebnisse. Zeit, HLC in Software unterzubringen!<\/p>\n<p><p><b>Holger Everding, freieFarbe e.V.: Warum ben\u00f6tigt die Welt freieFarbe? <\/b><br \/>\nEs gibt hunderte von Farbsystemen diverser Hersteller \u2013 was sollte an freieFarbe so viel besser sein? Wenn Sie bisher gezweifelt haben, nach diesem Vortrag werden Sie es wissen. Es gibt mehrere Gr\u00fcnde, und jeder davon ist Grund genug, hierf\u00fcr zu k\u00e4mpfen. <\/p>\n<p><p><em>Bitte tragen auch Sie mit einem interessanten Kurzvortrag zum Thema Farbe zum Gelingen der Veranstaltung bei. Die Vortragsslots sind auf 10-20 Minuten Dauer angelegt. Bitte geben Sie das Thema im Vorfeld durch. Beamer und W-LAN stehen zur Verf\u00fcgung.<\/em><\/p>\n<h2 id=\"weitere-informationen\">Weitere Informationen<\/h2>\n<p>Die Teilnahme ist f\u00fcr alle Vereinsmitglieder kostenfrei. Begleitpersonen bezahlen einen anteiligen Unkostenbeitrag von 15 EUR (ggf. plus \u00dcbernachtungsanteil). Fahrt- und\/oder Unterbringungskosten k\u00f6nnen in begr\u00fcndeten F\u00e4llen (soziale Gr\u00fcnde, Vereinsarbeit, Unterst\u00fctzung des freieFarbe-Gedankens,\u2026) erstattet werden \u2013 bitte fragen Sie nach.<\/p>\n<p>Das Seminarhaus Hos\u00fcne liegt idyllisch mitten im Wald und trotzdem verkehrsg\u00fcnstig zwischen Oldenburg und Osnabr\u00fcck. Die A29 ist ca. 6 km entfernt, der Bahnhof Huntlosen nur 10 Minuten zu Fu\u00df. Der Zug nach Oldenburg f\u00e4hrt st\u00fcndlich. Die Autofahrt nach Oldenburg dauert ca. 20 Minuten (30 km). Hier der <a href=\"https:\/\/www.google.de\/maps\/place\/Am+Forst+36,+26197+Gro%C3%9Fenkneten\/@52.9950594,8.2545565,17z\/data=!3m1!4b1!4m5!3m4!1s0x47b7244093bc0b51:0xc6350dde352b707c!8m2!3d52.9950562!4d8.2567452\" rel=\"noopener\" target=\"_blank\">Google-Maps-Link<\/a>. <\/p>\n<p>Im Tagungsgeb\u00e4ude stehen saubere und preisg\u00fcnstige Einzel- und Doppelzimmer zur Verf\u00fcgung, die Sie hinzu buchen k\u00f6nnen.<\/p>\n<p>Bei der Mitgliederversammlung werden wichtige Fragen gekl\u00e4rt \u00fcber die Zusammensetzung des neuen Vorstands sowie unsere inhaltliche Ausrichtung und \u00f6ffentliche Positionierung. Letztlich geht es um <b>die Zukunft der Farbe<\/b> \u2013 hierf\u00fcr treten wir ja an, und hier gibt es viele M\u00f6glichkeiten!<\/p>\n<p>Eine Teilnahmem\u00f6glichkeit per Skype ist geplant, kann aber aktuell nicht garantiert werden.<\/p>\n<p>Das leibliche Wohl kommt nicht zu kurz. F\u00fcr Catering ist gesorgt, es gibt schmackhafte heimische K\u00fcche. Beim Mittagessen k\u00f6nnen Sie w\u00e4hlen zwischen einem fleischlosen und einem fleischhaltigen Gericht.<\/p>\n<p>Die Universit\u00e4tsstadt Oldenburg ist einen Besuch wert! Der Stadtf\u00fchrer Arek Hommyr wird uns viele interessante Einblicke verschaffen zwischen Schloss, Staatstheater, Museen und \u201ePFL\u201c. <\/p>\n<p><b>Noch ein Tipp:<\/b> Falls Sie es noch nicht sind, nutzen Sie die Gelegenheit, <a href=\"http:\/\/www.freiefarbe.de\/mitglied-werden\/\">Vereinsmitglied zu werden<\/a>. Bis zur Jahreshauptversammlung sind alle Mitgliedsbeitr\u00e4ge ausgesetzt \u2013 siehe <a href=\"http:\/\/www.freiefarbe.de\/in-eigener-sache-ruecktritt-des-2-vositzenden\/\">hier<\/a>.<\/p>\n<h2 id=\"ihre-daten\">Ihre Daten<\/h2>\n[ninja_form id=5]\n<h2 id=\"danke-fuer-ihre-anmeldung\" align=\"right\"><i>Danke f\u00fcr Ihre Anmeldung!<\/i><\/h2>\n[:]\n","protected":false},"excerpt":{"rendered":"[:de] Update 17.03.2020 Wird unsere freieFarbe-Tagung in der geplanten Form tats\u00e4chlich statt finden, und werden Sie, vor allem&hellip;\n","protected":false},"author":3,"featured_media":0,"parent":0,"menu_order":0,"comment_status":"closed","ping_status":"closed","template":"","meta":{"_oasis_is_in_workflow":0,"_oasis_original":0,"footnotes":""},"class_list":["post-4027","page","type-page","status-publish"],"_links":{"self":[{"href":"https:\/\/freiefarbe.de\/en\/wp-json\/wp\/v2\/pages\/4027","targetHints":{"allow":["GET"]}}],"collection":[{"href":"https:\/\/freiefarbe.de\/en\/wp-json\/wp\/v2\/pages"}],"about":[{"href":"https:\/\/freiefarbe.de\/en\/wp-json\/wp\/v2\/types\/page"}],"author":[{"embeddable":true,"href":"https:\/\/freiefarbe.de\/en\/wp-json\/wp\/v2\/users\/3"}],"replies":[{"embeddable":true,"href":"https:\/\/freiefarbe.de\/en\/wp-json\/wp\/v2\/comments?post=4027"}],"version-history":[{"count":0,"href":"https:\/\/freiefarbe.de\/en\/wp-json\/wp\/v2\/pages\/4027\/revisions"}],"wp:attachment":[{"href":"https:\/\/freiefarbe.de\/en\/wp-json\/wp\/v2\/media?parent=4027"}],"curies":[{"name":"wp","href":"https:\/\/api.w.org\/{rel}","templated":true}]}}