{"id":3652,"date":"2018-07-28T10:53:48","date_gmt":"2018-07-28T08:53:48","guid":{"rendered":"http:\/\/www.freiefarbe.de\/?page_id=3652"},"modified":"2023-01-03T12:28:23","modified_gmt":"2023-01-03T11:28:23","slug":"gamutvergleiche-welche-farben-sind-herstellbar","status":"publish","type":"page","link":"https:\/\/freiefarbe.de\/en\/artikel\/gamutvergleiche-welche-farben-sind-herstellbar\/","title":{"rendered":"Gamut comparisons with the HLC Colour Atlas"},"content":{"rendered":"[:de]\n<h1 id=\"gamutvergleiche-mit-dem-hlc-colour-atlas-welche-farben-sind-in-welchem-verfahren-herstellbar\">Gamutvergleiche mit dem HLC Colour Atlas &#8211; welche Farben sind in welchem Verfahren herstellbar?<\/h1>\n<p><i>Die kostenlose PDF-Version des HLC Colour Atlas zeigt die Gamuts verschiedener Ausgabesituationen. Der CIELAB-Farbraum wird mit gleichbleibender Schrittweite systematisch in H\/L\/C durchlaufen. Diese Methode ist exakt, praxisnah und aussagekr\u00e4ftig. Dieser Artikel zeigt ein paar interessante Fakten zum Gamutvergleich, die anhand der pdf-Version viel weiter vertieft werden k\u00f6nnen.<\/i><\/p>\n<h3 id=\"cielab-koordinatenraum-und-cielab-farbkoerper\">CIELAB-Koordinatenraum und CIELAB-Farbk\u00f6rper<\/h3>\n<p>Beim freieFarbe HLC Colour Atlas XL wird der CIELAB-Farbraum in seine Polarkoordinaten HLC aufgeteilt. Wenn man H (Intervall 0..360), L (Intervall 0..100) und C (Intervall 0..125) in jeweiliger Schrittweite 5 einteilt, ergeben sich 32851 Koordinaten.<\/p>\n<figure id=\"attachment_3802\" aria-describedby=\"caption-attachment-3802\" style=\"width: 1024px\" class=\"wp-caption aligncenter\"><img loading=\"lazy\" decoding=\"async\" class=\"size-large wp-image-3802\" src=\"http:\/\/www.freiefarbe.de\/wp-content\/uploads\/2018\/08\/hlc-koordinatenraum-1024x684.jpg\" alt=\"CIELAB HLC Koordinatenraum\" width=\"1024\" height=\"684\" srcset=\"https:\/\/freiefarbe.de\/wp-content\/uploads\/2018\/08\/hlc-koordinatenraum-1024x684.jpg 1024w, https:\/\/freiefarbe.de\/wp-content\/uploads\/2018\/08\/hlc-koordinatenraum-300x200.jpg 300w, https:\/\/freiefarbe.de\/wp-content\/uploads\/2018\/08\/hlc-koordinatenraum-768x513.jpg 768w, https:\/\/freiefarbe.de\/wp-content\/uploads\/2018\/08\/hlc-koordinatenraum-380x254.jpg 380w, https:\/\/freiefarbe.de\/wp-content\/uploads\/2018\/08\/hlc-koordinatenraum-800x534.jpg 800w, https:\/\/freiefarbe.de\/wp-content\/uploads\/2018\/08\/hlc-koordinatenraum-1160x775.jpg 1160w, https:\/\/freiefarbe.de\/wp-content\/uploads\/2018\/08\/hlc-koordinatenraum.jpg 1392w\" sizes=\"auto, (max-width: 1024px) 100vw, 1024px\" \/><figcaption id=\"caption-attachment-3802\" class=\"wp-caption-text\">Blick von oben auf den im HLC Colour Atlas verwendeten CIELAB-HLC-Koordinatenraum.<\/figcaption><\/figure>\n<p>Ca. 40% dieses Koordinatenraums sind aber keine Farbt\u00f6ne! Der Bereich real existierender Farbt\u00f6ne, der CIELAB Farbk\u00f6rper, wird begrenzt durch die sogenannten Optimal- oder Rechteckfarben. Dies sind Spektralkurven, die in einem Wellenl\u00e4ngenintervall eine Reflexion von 100% aufweisen und in allen anderen 0%. Im Artikel &#8222;<a href=\"http:\/\/www.freiefarbe.de\/artikel\/grenzen-des-cielab-farbraums\/\">Grenzen des CIELAB Farbraums<\/a>&#8220; wird der Sachverhalt eingehender begr\u00fcndet.<\/p>\n<figure id=\"attachment_3803\" aria-describedby=\"caption-attachment-3803\" style=\"width: 1024px\" class=\"wp-caption aligncenter\"><img loading=\"lazy\" decoding=\"async\" class=\"size-large wp-image-3803\" src=\"http:\/\/www.freiefarbe.de\/wp-content\/uploads\/2018\/08\/cielab-rechteckfarben-1024x685.jpg\" alt=\"CIELAB Rechteckfarben\" width=\"1024\" height=\"685\" srcset=\"https:\/\/freiefarbe.de\/wp-content\/uploads\/2018\/08\/cielab-rechteckfarben-1024x685.jpg 1024w, https:\/\/freiefarbe.de\/wp-content\/uploads\/2018\/08\/cielab-rechteckfarben-300x201.jpg 300w, https:\/\/freiefarbe.de\/wp-content\/uploads\/2018\/08\/cielab-rechteckfarben-768x514.jpg 768w, https:\/\/freiefarbe.de\/wp-content\/uploads\/2018\/08\/cielab-rechteckfarben-380x254.jpg 380w, https:\/\/freiefarbe.de\/wp-content\/uploads\/2018\/08\/cielab-rechteckfarben-800x535.jpg 800w, https:\/\/freiefarbe.de\/wp-content\/uploads\/2018\/08\/cielab-rechteckfarben-1160x776.jpg 1160w, https:\/\/freiefarbe.de\/wp-content\/uploads\/2018\/08\/cielab-rechteckfarben.jpg 1391w\" sizes=\"auto, (max-width: 1024px) 100vw, 1024px\" \/><figcaption id=\"caption-attachment-3803\" class=\"wp-caption-text\">Die Optimalfarben (hier: 10nm-Intervalle) bilden die \u00e4u\u00dfere H\u00fclle des CIELAB-Farbraums. Der CIELAB-Farbraum ist nicht nur ein Teil des Koordinatenraums, sondern er ragt in manchen Bereichen auch dar\u00fcber hinaus.<\/figcaption><\/figure>\n<figure id=\"attachment_3792\" aria-describedby=\"caption-attachment-3792\" style=\"width: 1024px\" class=\"wp-caption aligncenter\"><img loading=\"lazy\" decoding=\"async\" class=\"size-large wp-image-3792\" src=\"http:\/\/www.freiefarbe.de\/wp-content\/uploads\/2018\/08\/Optimalfarben380780-1024x568.jpg\" alt=\"CIELAB Farbraum\" width=\"1024\" height=\"568\" srcset=\"https:\/\/freiefarbe.de\/wp-content\/uploads\/2018\/08\/Optimalfarben380780-1024x568.jpg 1024w, https:\/\/freiefarbe.de\/wp-content\/uploads\/2018\/08\/Optimalfarben380780-300x167.jpg 300w, https:\/\/freiefarbe.de\/wp-content\/uploads\/2018\/08\/Optimalfarben380780-768x426.jpg 768w, https:\/\/freiefarbe.de\/wp-content\/uploads\/2018\/08\/Optimalfarben380780-1536x853.jpg 1536w, https:\/\/freiefarbe.de\/wp-content\/uploads\/2018\/08\/Optimalfarben380780-2048x1137.jpg 2048w, https:\/\/freiefarbe.de\/wp-content\/uploads\/2018\/08\/Optimalfarben380780-380x211.jpg 380w, https:\/\/freiefarbe.de\/wp-content\/uploads\/2018\/08\/Optimalfarben380780-800x444.jpg 800w, https:\/\/freiefarbe.de\/wp-content\/uploads\/2018\/08\/Optimalfarben380780-1160x644.jpg 1160w, https:\/\/freiefarbe.de\/wp-content\/uploads\/2018\/08\/Optimalfarben380780.jpg 2504w\" sizes=\"auto, (max-width: 1024px) 100vw, 1024px\" \/><figcaption id=\"caption-attachment-3792\" class=\"wp-caption-text\">CIELAB-Farbraum in feinerer Aufl\u00f6sung (1nm-Optimalfarben) mit zus\u00e4tzlicher Einteilung in 20 Helligkeitsebenen (L=5..100). (Bild: Prof. Bernhard Hill, Aachen).<\/figcaption><\/figure>\n<p>Der CIELAB-Farbk\u00f6rper ist sehr unregelm\u00e4\u00dfig geformt. Im Gr\u00fcnbereich erreicht er einen maximalen a-Wert von ca. -160, was \u00fcber das o.g. \u00fcbliche a-Intervall in Softwareprodukten hinaus geht, dieser Farbbereich ist also in den \u00fcblichen Produkten (Adobe CC und andere) nicht einstellbar. Dieser Umstand ist aber in der Regel nicht weiter gravierend, da die betreffenden hoch-intensiven Farbbereiche nahe der Regenbogenfarben in fast keinem Ausgabeverfahren dargestellt werden k\u00f6nnen.<\/p>\n<h3 id=\"gamuts-wichtiger-ausgabevarianten\">Gamuts wichtiger Ausgabevarianten<\/h3>\n<p>&#8222;Gamuts&#8220; beantworten die Frage: welche Farben k\u00f6nnen in einer bestimmten Ausgabesituation dargestellt werden &#8211; wo liegen die Grenzen? Es ist klar, dass z.B. im Druck auf Zeitungspapier weitaus weniger kr\u00e4ftige Farbt\u00f6ne erzeugt werden k\u00f6nnen als auf einem guten Monitor. Die Gamutherstellung des HLC Colour Atlas geschah f\u00fcr die meisten Ausgabevarianten in Photoshop: aus einem Bitmap mit dem gesamten CIELAB-Koordinatenraum wurden per &#8222;Auswahl Farbbereich, Farben au\u00dferhalb Farbumfang&#8220; die Nicht-Gamut-Bereiche entfernt. Dies ist recht einfach und f\u00fcr jeden mit der u.g. Photoshop-Datei nachvollziehbar, der dahinterliegende Gamut-Algorithmus bleibt hierbei aber unbekannt. Bei der auch in gedruckter Form erh\u00e4ltlichen Epson-Proofdruck-Variante geschah die Gamutermittlung \u00fcber das Colormanagement-Tool ZePrA von Colorlogic, mit dem eine feinere Justierung von Parametern m\u00f6glich ist.<\/p>\n<p>Der HLC Colour Atlas vergleicht nachstehende Ausgabeverfahren:<\/p>\n<figure id=\"attachment_3660\" aria-describedby=\"caption-attachment-3660\" style=\"width: 350px\" class=\"wp-caption alignright\"><img loading=\"lazy\" decoding=\"async\" class=\"size-full wp-image-3660\" src=\"http:\/\/www.freiefarbe.de\/wp-content\/uploads\/2018\/07\/colourselection_01.jpg\" alt=\"CIELAB-Farbraum und sRGB-Gamut\" width=\"350\" height=\"298\" srcset=\"https:\/\/freiefarbe.de\/wp-content\/uploads\/2018\/07\/colourselection_01.jpg 350w, https:\/\/freiefarbe.de\/wp-content\/uploads\/2018\/07\/colourselection_01-300x255.jpg 300w\" sizes=\"auto, (max-width: 350px) 100vw, 350px\" \/><figcaption id=\"caption-attachment-3660\" class=\"wp-caption-text\">CIELAB-Farbraum und darin enthaltener sRGB-Gamut (Bild: RWTH-Aachen University, Forschungsgruppe Farbwissenschaft).<\/figcaption><\/figure>\n<ul>\n<li>sRGB: Standard RGB nach HP\/Microsoft: der internationale Standard IEC 61966-2-1 wird auch vom ICC und W3C \u00fcbernommen und hat sich daher im RGB-Bereich durchgesetzt.<\/li>\n<li>ISO coatedV2: das Profil \u00abISO Coated v2 (ECI) 300%\u00bb wird von der European Colour Initiative (ECI) zu den von der FOGRA entwickelten Charakterisierungsdaten FOGRA39 herausgegeben. Es ist vorteilhaft gegen\u00fcber dem Adobe-Profil zu FOGRA39 (s.u.).<\/li>\n<li>FOGRA39: das Profil &#8222;Coated FOGRA39 (ISO 12647-2:2004)&#8220; wird von Adobe in der CreativeSuite\/Cloud mitgeliefert und ist daher gebr\u00e4uchlich.<\/li>\n<li>FOGRA51: das Profil &#8222;PSO Coated v3 (FOGRA51)&#8220; ist der Offsetdruck-Standard f\u00fcr gestrichene Papiere, so wie er seit 2016 von FOGRA und ECI vorgeschlagen wird. Er ber\u00fccksichtigt die \u00fcblichen optischen Aufheller in Papieren besser.<\/li>\n<li>FOGRA52: das Profil &#8222;PSO Uncoated v3 (FOGRA52)&#8220; ist der Offsetdruck-Standard f\u00fcr ungestrichene Papiere, so wie er seit 2016 von FOGRA und ECI vorgeschlagen wird.<\/li>\n<\/ul>\n<h3 id=\"umfang-der-farbraeume\">Umfang der Farbr\u00e4ume<\/h3>\n<p>Die Tabelle zeigt den berechneten Anteil der im jeweiligen Gamut enthaltenen HLC-Koordinaten am gesamten CIELAB-Koordinatenraum. Der CIELAB-Farbraum hat einen gesch\u00e4tzten Anteil von ca. 60% am CIELAB Koordinatenraum, so dass man die Werte mit 1,67 multiplizieren muss, um den Anteil am CIELAB-Farbraum zu erhalten.<\/p>\n<table>\n<tbody>\n<tr>\n<th>Variante<\/th>\n<th>relativ farbmetrisch<\/th>\n<th>absolut farbmetrisch<\/th>\n<\/tr>\n<tr>\n<td>sRGB<\/td>\n<td>39,1%<\/td>\n<td>39,1%<\/td>\n<\/tr>\n<tr>\n<td>Coated FOGRA39 (ISO 12647-2:2004)<\/td>\n<td>34,4%<\/td>\n<td>26,9%<\/td>\n<\/tr>\n<tr>\n<td>ISO coatedV2<\/td>\n<td>37,3%<\/td>\n<td>27,2%<\/td>\n<\/tr>\n<tr>\n<td>Epson_SCP7000_720x1440dpi10c_GMGsemimatte250_V1_Photoshop<\/td>\n<td>44,2%<\/td>\n<td>40,4%<\/td>\n<\/tr>\n<tr>\n<td>PSOcoated_FOGRA51<\/td>\n<td>39,0%<\/td>\n<td>27,7%<\/td>\n<\/tr>\n<tr>\n<td>PSOuncoated_v3_FOGRA52<\/td>\n<td>37,2%<\/td>\n<td>17,0%<\/td>\n<\/tr>\n<\/tbody>\n<\/table>\n<figure id=\"attachment_3662\" aria-describedby=\"caption-attachment-3662\" style=\"width: 998px\" class=\"wp-caption aligncenter\"><img loading=\"lazy\" decoding=\"async\" class=\"wp-image-3662 size-full\" src=\"http:\/\/www.freiefarbe.de\/wp-content\/uploads\/2018\/07\/srgb_PSOuncoated-vgl.png\" alt=\"\" width=\"998\" height=\"379\" srcset=\"https:\/\/freiefarbe.de\/wp-content\/uploads\/2018\/07\/srgb_PSOuncoated-vgl.png 998w, https:\/\/freiefarbe.de\/wp-content\/uploads\/2018\/07\/srgb_PSOuncoated-vgl-300x114.png 300w, https:\/\/freiefarbe.de\/wp-content\/uploads\/2018\/07\/srgb_PSOuncoated-vgl-768x292.png 768w, https:\/\/freiefarbe.de\/wp-content\/uploads\/2018\/07\/srgb_PSOuncoated-vgl-380x144.png 380w, https:\/\/freiefarbe.de\/wp-content\/uploads\/2018\/07\/srgb_PSOuncoated-vgl-800x304.png 800w\" sizes=\"auto, (max-width: 998px) 100vw, 998px\" \/><figcaption id=\"caption-attachment-3662\" class=\"wp-caption-text\">Welche Orangefarbt\u00f6ne k\u00f6nnen in sRGB (links) und im Offsetdruck auf ungestrichenen Papieren (rechts) erzeugt werden?<\/figcaption><\/figure>\n<p>Sowohl im Proofdruck als auch in sRGB k\u00f6nnen ca. 64% des CIELAB-Farbraums, also knapp zwei Drittel aller Farben erzeugt werden. Trotzdem gibt es gro\u00dfe Unterschiede bei beiden Gamuts:<\/p>\n<figure id=\"attachment_3678\" aria-describedby=\"caption-attachment-3678\" style=\"width: 1000px\" class=\"wp-caption aligncenter\"><img loading=\"lazy\" decoding=\"async\" class=\"size-full wp-image-3678\" src=\"http:\/\/www.freiefarbe.de\/wp-content\/uploads\/2018\/07\/epson_srgb-vgl.png\" alt=\"\" width=\"1000\" height=\"757\" srcset=\"https:\/\/freiefarbe.de\/wp-content\/uploads\/2018\/07\/epson_srgb-vgl.png 1000w, https:\/\/freiefarbe.de\/wp-content\/uploads\/2018\/07\/epson_srgb-vgl-300x227.png 300w, https:\/\/freiefarbe.de\/wp-content\/uploads\/2018\/07\/epson_srgb-vgl-768x581.png 768w, https:\/\/freiefarbe.de\/wp-content\/uploads\/2018\/07\/epson_srgb-vgl-200x150.png 200w, https:\/\/freiefarbe.de\/wp-content\/uploads\/2018\/07\/epson_srgb-vgl-380x288.png 380w, https:\/\/freiefarbe.de\/wp-content\/uploads\/2018\/07\/epson_srgb-vgl-800x606.png 800w\" sizes=\"auto, (max-width: 1000px) 100vw, 1000px\" \/><figcaption id=\"caption-attachment-3678\" class=\"wp-caption-text\">Der Epson-Proofdruck (links) kann die Farbbereiche in etwa gleichbleibend gut darstellen, sRGB aber nicht.<\/figcaption><\/figure>\n<p>Im Offsetdruck auf gestrichenen Papieren ist ca. ein weiteres Drittel der Farbt\u00f6ne nicht sauber reproduzierbar. Der Offsetdruck auf ungestrichenen Papieren kann nicht einmal die H\u00e4lfte der am Proofdrucker machbaren Farben reproduzieren.<\/p>\n<p>Durch die Verwendung des relativ farbmetrischen Rendering Intents ergeben sich zwar jeweils gr\u00f6\u00dfere Gamuts, diese softwaretechnische Verzerrung der Ausgangsdaten entspricht aber nicht der Realit\u00e4t unserer o.g. Fragestellung. Der HLC Colour Atlas zeigt daher die Gamuts bei absolut farbmetrischem Rendering Intent.<\/p>\n<h3 id=\"weitere-ergebnisse\">Weitere Ergebnisse<\/h3>\n<p>In welchen Farbbereichen kann ein Verfahren mehr oder wo kann es weniger Farbt\u00f6ne darstellen? Hier einige wichtige Ergebnisse:<\/p>\n<p>Auch wenn sRGB einen guten Farbumfang aufweist, kann es doch im Blaubereich nur recht wenige Farbt\u00f6ne darstellen. Hier ist ihm sogar der Offsetdruck \u00fcberlegen und erst recht der Proofdruck, dessen Gamut in diesem Bereich fast doppelt so gro\u00df ist.<\/p>\n<p>sRGB kann helle Farbt\u00f6ne, vor allem im Gelb- und Orangebereich etwas besser darstellen als der Proofdruck, dieser holt daf\u00fcr in dunkleren Farben noch weitere kr\u00e4ftige Nuancen heraus.<\/p>\n<p>Es gibt viele weitere Unterschiede im Detail, anhand der Daten des HLC Colour Atlas XL lassen sich diese Unterschiede eingehend untersuchen.<\/p>\n<p><a href=\"http:\/\/www.freiefarbe.de\/wp-content\/uploads\/2018\/07\/hlcatlas_5.zip\">HLC-Colour Atlas XL Gamuts (Photoshop PSD)<\/a><br \/>\nAm besten geht dies mit der pdf-Version des Atlas, die Sie hier in K\u00fcrze herunterladen k\u00f6nnen.<\/p>\n<h3 id=\"anmerkungen-und-offene-fragen\">Anmerkungen und offene Fragen<\/h3>\n<p>Bei Gamut-Algorithmen w\u00e4re mehr Einheitlichkeit und Transparenz w\u00fcnschenswert. Im Gegensatz zu Photoshop kann man z.B. im Farbmanagement-Programm ZePrA von ColorLogic die gew\u00fcnschte maximale DeltaE00-Abweichung vom Sollwert frei definieren, diese Definition hat dann entscheidenden Einfluss auf die Gamutgrenzen. Ein kurzer Vergleich zwischen dem Photoshop- und ZEPRA-erzeugtem Gamut (letzterer bei maximalem DeltaE00=1) zeigt, dass der Photoshop-Gamut etwas kleiner ausf\u00e4llt.<\/p>\n<figure id=\"attachment_3661\" aria-describedby=\"caption-attachment-3661\" style=\"width: 1000px\" class=\"wp-caption aligncenter\"><img loading=\"lazy\" decoding=\"async\" class=\"wp-image-3661 size-full\" src=\"http:\/\/www.freiefarbe.de\/wp-content\/uploads\/2018\/07\/ps_zepra-vgl.png\" alt=\"\" width=\"1000\" height=\"379\" \/><figcaption id=\"caption-attachment-3661\" class=\"wp-caption-text\">Vergleich des in Photoshop und in ZePrA erzeugten Gamuts des Farbtons H50.<\/figcaption><\/figure>\n<p>Offen ist die Frage eines geeigneten Algorithmus f\u00fcr die Grenzen des CIELAB-Farbraums aufgrund der durch die Rechteckspektren festgelegten Oberfl\u00e4chenpunkte. L\u00e4gen diese Grenzen fest, k\u00f6nnte endlich die Frage beantwortet werden, ob eine CIELAB-Koordinate \u00fcberhaupt eine Farbe darstellt (=innerhalb des durch durch die Rechteckspektren aufgespannten K\u00f6rpers liegt) oder nicht. Nicht-Farbe k\u00f6nnte dann von der Darstellung ausgeschlossen werden. Ein geeigneter Ansatz d\u00fcrfte die Drahtgitter-Oberfl\u00e4chenerzeugung mittels &#8222;Meshing&#8220; sein, wobei Polygonfl\u00e4chen auf diese Punkte gelegt werden. Nur Punkte im inneren Bereich des durch die Polygonfl\u00e4chen bestimmten K\u00f6rpers sind Farben, au\u00dferhalb liegende Punkte werden von der Farbberechnung ausgeschlossen bzw. auf einen Oberfl\u00e4chenpunkt zur\u00fcckgef\u00fchrt.<\/p>\n<hr \/>\n<p style=\"text-align: right;\"><em>Verfasser: Holger Everding<\/em><\/p>\n","protected":false},"excerpt":{"rendered":"[:de] Gamutvergleiche mit dem HLC Colour Atlas &#8211; welche Farben sind in welchem Verfahren herstellbar? Die kostenlose PDF-Version&hellip;\n","protected":false},"author":3,"featured_media":0,"parent":6025,"menu_order":0,"comment_status":"closed","ping_status":"closed","template":"","meta":{"_oasis_is_in_workflow":0,"_oasis_original":0,"footnotes":""},"class_list":["post-3652","page","type-page","status-publish"],"_links":{"self":[{"href":"https:\/\/freiefarbe.de\/en\/wp-json\/wp\/v2\/pages\/3652","targetHints":{"allow":["GET"]}}],"collection":[{"href":"https:\/\/freiefarbe.de\/en\/wp-json\/wp\/v2\/pages"}],"about":[{"href":"https:\/\/freiefarbe.de\/en\/wp-json\/wp\/v2\/types\/page"}],"author":[{"embeddable":true,"href":"https:\/\/freiefarbe.de\/en\/wp-json\/wp\/v2\/users\/3"}],"replies":[{"embeddable":true,"href":"https:\/\/freiefarbe.de\/en\/wp-json\/wp\/v2\/comments?post=3652"}],"version-history":[{"count":1,"href":"https:\/\/freiefarbe.de\/en\/wp-json\/wp\/v2\/pages\/3652\/revisions"}],"predecessor-version":[{"id":6919,"href":"https:\/\/freiefarbe.de\/en\/wp-json\/wp\/v2\/pages\/3652\/revisions\/6919"}],"up":[{"embeddable":true,"href":"https:\/\/freiefarbe.de\/en\/wp-json\/wp\/v2\/pages\/6025"}],"wp:attachment":[{"href":"https:\/\/freiefarbe.de\/en\/wp-json\/wp\/v2\/media?parent=3652"}],"curies":[{"name":"wp","href":"https:\/\/api.w.org\/{rel}","templated":true}]}}