{"id":3458,"date":"2018-06-04T13:47:07","date_gmt":"2018-06-04T11:47:07","guid":{"rendered":"http:\/\/www.freiefarbe.de\/?page_id=3458"},"modified":"2018-06-04T13:47:07","modified_gmt":"2018-06-04T11:47:07","slug":"colorgate","status":"publish","type":"page","link":"https:\/\/freiefarbe.de\/en\/partner\/colorgate\/","title":{"rendered":"ColorGATE"},"content":{"rendered":"[:de]\n<h1 id=\"colorgate-digital-output-solutions-gmbh\">ColorGATE &#8211; Digital Output Solutions GmbH<\/h1>\n<p><a href=\"http:\/\/colorgate.de\"><img loading=\"lazy\" decoding=\"async\" class=\"partnerbild size-full aligncenter\" src=\"https:\/\/freiefarbe.de\/wp-content\/uploads\/2019\/03\/ColorGATE.png\" alt=\"\" width=\"853\" height=\"742\" \/><\/a><\/p>\n<h2 id=\"innovative-solutions-fuer-commercial-und-industrial-printing\">Innovative Solutions f\u00fcr Commercial und Industrial Printing<\/h2>\n<p>Seit \u00fcber 20 Jahren unterst\u00fctzt die Farbkompetenz von ColorGATE die grafische Industrie mit ihren Druckanlagenherstellern sowie Produzenten, Anwendern und Technologienutzern f\u00fcr Sign &amp; Display, Dekor, Keramik, Textil und Verpackung. Auch der Markt f\u00fcr Gro\u00dfformatdruck mit seinen Anwendungen in LFP sowie Wide Format profitiert von ColorGATEs L\u00f6sungskompetenz auf dem Weg vom analogen zum Digitaldruck und in die Zukunft des Print 4.0.<\/p>\n<p>Im aufstrebenden Markt des Industrial Printing und der Revolution der Inkjet-Technologie ist ColorGATE seit den Anf\u00e4ngen im Jahr 2000 erfolgreich aktiv. <\/p>\n<p>ColorGATE liefert ein innovatives, ma\u00dfgeschneidertes und modulares Portfolio an Software- und Hardwarel\u00f6sungen in den spezifischen Einsatzbereichen f\u00fcr industrielle Druck- und Dekorationsprozesse entlang der gesamten Prozesskette. Dabei stellt das effektive Farbmanagement die optimale Farbwiedergabe und jederzeit konsistente Reproduktion sicher, die M\u00f6glichkeiten zur Standardisierung und Automatisierung der Produktionsprozesse sorgen au\u00dferdem je nach Anforderung f\u00fcr maximale Produktivit\u00e4t bei freier Konfiguration. Weiterhin k\u00f6nnen komplexeste Aufgaben \u00fcber ein intuitives Workflow-Management zum Vereinfachen der Produktionsabl\u00e4ufe und f\u00fcr einen transparenten Kosten\u00fcberblick gesteuert werden. Weltweit vertrauen tausende von Digital-Imaging Anwendern im t\u00e4glichen Einsatz der L\u00f6sungskompetenz von ColorGATE.<\/p>\n<p>ColorGATE begegnet seinen Kunden als Partner auf Augenh\u00f6he und die Unternehmenskultur ist angetrieben von Innovationsgeist und vertrauensvoller Kundenzufriedenheit. Mit dem Schwerpunkt auf Industrial Printing und seinem weltweiten Netz aus trainierten Vertriebspartnern gew\u00e4hrleistet ColorGATE zudem einen optimalen Support f\u00fcr Anwender. ColorGATE arbeitet eng mit den f\u00fchrenden Imaging-Konzernen zusammen und unterst\u00fctzt \u00fcber 50 weitere Hersteller von Drucksystemen in den Segmenten Commercial und Industrial Printing.<\/p>\n<p>Die ColorGATE Digital Output Solutions GmbH wird seit 1997 von Mitgr\u00fcnder Thomas Kirschner als CEO gef\u00fchrt und ist seit 2018 ein eigenst\u00e4ndiges Tochterunternehmen von Ricoh Company Ltd.<\/p>\n<h3 id=\"mehr-informationen-www-colorgate-de\">Mehr Informationen \u2013 <a href=\"http:\/\/colorgate.de\">www.colorgate.de<\/a><\/h3>\n[:en]\n<h1 id=\"colorgate-digital-output-solutions-gmbh-2\">ColorGATE &#8211; Digital Output Solutions GmbH<\/h1>\n<p><a href=\"http:\/\/colorgate.de\"><img loading=\"lazy\" decoding=\"async\" class=\"partnerbild size-full aligncenter\" src=\"https:\/\/freiefarbe.de\/wp-content\/uploads\/2019\/03\/ColorGATE.png\" alt=\"\" width=\"853\" height=\"742\" \/><\/a><\/p>\n<h2 id=\"innovative-solutions-for-commercial-and-industrial-printing\">Innovative Solutions for Commercial and Industrial Printing<\/h2>\n<p>For more than 20 years, ColorGATEs color competence has been supporting the graphic arts industry with its printing equipment manufacturers as well as producers, operators and technology users for Sign &amp; Display, decor, ceramic, textile and packaging. The market for large format printing with its applications in LFP and Wide Format also benefits from ColorGATEs solution competence on the way from analogue to digital printing and into the future of Print 4.0. <\/p>\n<p>ColorGATE has been successful on the up-and-coming market of Industrial Printing and the revolution of inkjet technology since the beginning in 2000. <\/p>\n<p>ColorGATE delivers an innovative, tailor-made and modular portfolio of software and hardware solutions in the specific application areas for industrial printing and decoration processes along the entire process chain. Effective color management always ensures optimal color rendering and consistent reproduction, while standardization and automation of the production processes maximize productivity with flexible configuration, as needed. Furthermore, the most complex tasks can be controlled via an intuitive workflow management to simplify the production processes and for a transparent cost overview. Thousands of digital imaging users around the globe trust ColorGATEs solution expertise in their daily work.<\/p>\n<p>ColorGATE meets customers as partners on equal footing and the corporate culture is driven by an innovative spirit and trustful customer satisfaction. With a focus on Industrial Printing and its worldwide network of trained Sales Partners, ColorGATE ensures optimal support for end users. ColorGATE collaborates closely with the leading global imaging players and supports more than 50 other manufacturers of printing systems in the Industrial &amp; Commercial Printing segment.<\/p>\n<p>ColorGATE Digital Output Solutions GmbH is managed by co-founder Thomas Kirschner as CEO since 1997 and is an independent subsidiary of Ricoh Company Ltd. since 2018.<\/p>\n<h3 id=\"more-information-www-colorgate-com\">More information \u2013 <a href=\"http:\/\/colorgate.com\">www.colorgate.com<\/a><\/h3>\n[:]\n","protected":false},"excerpt":{"rendered":"[:de] ColorGATE &#8211; Digital Output Solutions GmbH Innovative Solutions f\u00fcr Commercial und Industrial Printing Seit \u00fcber 20 Jahren&hellip;\n","protected":false},"author":3,"featured_media":0,"parent":134,"menu_order":0,"comment_status":"closed","ping_status":"closed","template":"","meta":{"_oasis_is_in_workflow":0,"_oasis_original":0,"footnotes":""},"class_list":["post-3458","page","type-page","status-publish"],"_links":{"self":[{"href":"https:\/\/freiefarbe.de\/en\/wp-json\/wp\/v2\/pages\/3458","targetHints":{"allow":["GET"]}}],"collection":[{"href":"https:\/\/freiefarbe.de\/en\/wp-json\/wp\/v2\/pages"}],"about":[{"href":"https:\/\/freiefarbe.de\/en\/wp-json\/wp\/v2\/types\/page"}],"author":[{"embeddable":true,"href":"https:\/\/freiefarbe.de\/en\/wp-json\/wp\/v2\/users\/3"}],"replies":[{"embeddable":true,"href":"https:\/\/freiefarbe.de\/en\/wp-json\/wp\/v2\/comments?post=3458"}],"version-history":[{"count":0,"href":"https:\/\/freiefarbe.de\/en\/wp-json\/wp\/v2\/pages\/3458\/revisions"}],"up":[{"embeddable":true,"href":"https:\/\/freiefarbe.de\/en\/wp-json\/wp\/v2\/pages\/134"}],"wp:attachment":[{"href":"https:\/\/freiefarbe.de\/en\/wp-json\/wp\/v2\/media?parent=3458"}],"curies":[{"name":"wp","href":"https:\/\/api.w.org\/{rel}","templated":true}]}}