{"id":3283,"date":"2018-04-26T14:19:58","date_gmt":"2018-04-26T12:19:58","guid":{"rendered":"http:\/\/www.freiefarbe.de\/?page_id=3283"},"modified":"2018-04-26T14:19:58","modified_gmt":"2018-04-26T12:19:58","slug":"k-flow-consulting-gmbh-buende","status":"publish","type":"page","link":"https:\/\/freiefarbe.de\/en\/partner\/k-flow-consulting-gmbh-buende\/","title":{"rendered":"K-Flow Consulting GmbH, B\u00fcnde"},"content":{"rendered":"[:de]\n<h1 id=\"k-flow-consulting-gmbh-buende\">K-Flow Consulting GmbH, B\u00fcnde<\/h1>\n<p>K-Flow Consulting ber\u00e4t Unternehmen in allen Aspekten des Produktionsprozesses f\u00fcr industrielle Sieb-, Offset- und Digitaldruckanwendungen und entwickelt kundenspezifische Farbmanagement-Softwarel\u00f6sungen. Zusammen mit ihren hochmotivierten Mitarbeitern aus den Bereichen Farbmanagement und Inkjet-Technologie ist die K-Flow Consulting GmbH branchenweit bekannt f\u00fcr l\u00f6sungsorientierte Beratungsleistungen und einzigartige Softwareprodukte.<br \/>\nK-Flow Consulting ist Mitglied der ESMA (<a href=\"http:\/\/www.esma.com\">www.esma.com<\/a>) und Gr\u00fcndungspartner von LMNS (<a href=\"http:\/\/www.lmns.nl\">www.lmns.nl<\/a>)<\/p>\n<p><a href=\"http:\/\/kflow.de\"><img loading=\"lazy\" decoding=\"async\" class=\"partnerbild aligncenter size-large wp-image-3284\" src=\"http:\/\/www.freiefarbe.de\/wp-content\/uploads\/2018\/04\/kflow-1024x479.png\" alt=\"\" width=\"1024\" height=\"479\" srcset=\"https:\/\/freiefarbe.de\/wp-content\/uploads\/2018\/04\/kflow-1024x479.png 1024w, https:\/\/freiefarbe.de\/wp-content\/uploads\/2018\/04\/kflow-300x140.png 300w, https:\/\/freiefarbe.de\/wp-content\/uploads\/2018\/04\/kflow-768x359.png 768w, https:\/\/freiefarbe.de\/wp-content\/uploads\/2018\/04\/kflow-380x178.png 380w, https:\/\/freiefarbe.de\/wp-content\/uploads\/2018\/04\/kflow-800x374.png 800w, https:\/\/freiefarbe.de\/wp-content\/uploads\/2018\/04\/kflow-1160x542.png 1160w, https:\/\/freiefarbe.de\/wp-content\/uploads\/2018\/04\/kflow.png 1239w\" sizes=\"auto, (max-width: 1024px) 100vw, 1024px\" \/><\/a><\/p>\n<p>&nbsp;[:en]\n<h1 id=\"k-flow-consulting-gmbh-buende-2\">K-Flow Consulting GmbH, B\u00fcnde<\/h1>\n<p>K-Flow Consulting concentrates on consulting in all aspects of the production workflow for industrial screen, offset and digital printing applications as well as bespoke colour management software development. With a highly dedicated team of colour management and inkjet technology experts at its disposal, K-Flow Consulting is known for its lateral-thinking, solution-focused approach to consulting and its bespoke software solutions throughout the media industry.<br \/>\nK-Flow Consulting is a Member of ESMA (<a href=\"http:\/\/www.esma.com\">www.esma.com<\/a>) and a founding partner of LMNS (<a href=\"http:\/\/www.lmns.nl\">www.lmns.nl<\/a>)<\/p>\n<p><a href=\"http:\/\/kflow.de\/en\"><img loading=\"lazy\" decoding=\"async\" class=\"partnerbild aligncenter size-large wp-image-3291\" src=\"http:\/\/www.freiefarbe.de\/wp-content\/uploads\/2018\/04\/kflow-e-1024x478.png\" alt=\"\" width=\"1024\" height=\"478\" srcset=\"https:\/\/freiefarbe.de\/wp-content\/uploads\/2018\/04\/kflow-e-1024x478.png 1024w, https:\/\/freiefarbe.de\/wp-content\/uploads\/2018\/04\/kflow-e-300x140.png 300w, https:\/\/freiefarbe.de\/wp-content\/uploads\/2018\/04\/kflow-e-768x359.png 768w, https:\/\/freiefarbe.de\/wp-content\/uploads\/2018\/04\/kflow-e-380x177.png 380w, https:\/\/freiefarbe.de\/wp-content\/uploads\/2018\/04\/kflow-e-800x374.png 800w, https:\/\/freiefarbe.de\/wp-content\/uploads\/2018\/04\/kflow-e-1160x542.png 1160w, https:\/\/freiefarbe.de\/wp-content\/uploads\/2018\/04\/kflow-e.png 1240w\" sizes=\"auto, (max-width: 1024px) 100vw, 1024px\" \/><\/a><\/p>\n<p>&nbsp;[:]\n","protected":false},"excerpt":{"rendered":"[:de] K-Flow Consulting GmbH, B\u00fcnde K-Flow Consulting ber\u00e4t Unternehmen in allen Aspekten des Produktionsprozesses f\u00fcr industrielle Sieb-, Offset-&hellip;\n","protected":false},"author":3,"featured_media":0,"parent":134,"menu_order":0,"comment_status":"closed","ping_status":"closed","template":"","meta":{"_oasis_is_in_workflow":0,"_oasis_original":0,"footnotes":""},"class_list":["post-3283","page","type-page","status-publish"],"_links":{"self":[{"href":"https:\/\/freiefarbe.de\/en\/wp-json\/wp\/v2\/pages\/3283","targetHints":{"allow":["GET"]}}],"collection":[{"href":"https:\/\/freiefarbe.de\/en\/wp-json\/wp\/v2\/pages"}],"about":[{"href":"https:\/\/freiefarbe.de\/en\/wp-json\/wp\/v2\/types\/page"}],"author":[{"embeddable":true,"href":"https:\/\/freiefarbe.de\/en\/wp-json\/wp\/v2\/users\/3"}],"replies":[{"embeddable":true,"href":"https:\/\/freiefarbe.de\/en\/wp-json\/wp\/v2\/comments?post=3283"}],"version-history":[{"count":0,"href":"https:\/\/freiefarbe.de\/en\/wp-json\/wp\/v2\/pages\/3283\/revisions"}],"up":[{"embeddable":true,"href":"https:\/\/freiefarbe.de\/en\/wp-json\/wp\/v2\/pages\/134"}],"wp:attachment":[{"href":"https:\/\/freiefarbe.de\/en\/wp-json\/wp\/v2\/media?parent=3283"}],"curies":[{"name":"wp","href":"https:\/\/api.w.org\/{rel}","templated":true}]}}