{"id":3145,"date":"2018-02-13T10:03:23","date_gmt":"2018-02-13T09:03:23","guid":{"rendered":"http:\/\/www.freiefarbe.de\/?page_id=3145"},"modified":"2018-02-13T10:03:23","modified_gmt":"2018-02-13T09:03:23","slug":"druckmarkt-schweiz","status":"publish","type":"page","link":"https:\/\/freiefarbe.de\/en\/partner\/druckmarkt-schweiz\/","title":{"rendered":"Print Market Switzerland"},"content":{"rendered":"[:de]\n<h1 id=\"druckmarkt-schweiz\">Druckmarkt Schweiz<\/h1>\n<p><a href=\"http:\/\/www.druckmarkt-schweiz.com\" target=\"_blank\" rel=\"noopener\">http:\/\/www.druckmarkt-schweiz.com<\/a><\/p>\n<p><cite>Druckmarkt Schweiz ist seit 2001 das unabh\u00e4ngige Magazin der Graphic Arts Industrie und versteht sich als Management Magazin f\u00fcr Unternehmer, F\u00fchrungskr\u00e4fte, Investitionsverantwortliche und Entscheider. Diesen bieten wir ein reichhaltiges Angebot an gedruckten Publikationen sowie aktuelle PDF-Magazine wie &#8222;Impressions&#8220; oder den &#8222;drupa Countdown&#8220; im Internet.<\/cite><\/p>\n<p><cite>Jean-Paul Thalmann, Herausgeber<\/cite><\/p>\n<p><a href=\"http:\/\/www.druckmarkt-schweiz.com\"><img loading=\"lazy\" decoding=\"async\" class=\"partnerbild\" src=\"http:\/\/www.freiefarbe.de\/wp-content\/uploads\/2018\/02\/druckmarktch.png\" alt=\"Druckmarkt Schweiz\" width=\"1000\" height=\"685\" \/><\/a>[:en]\n<h1 id=\"druckmarkt-schweiz-2\">Druckmarkt Schweiz<\/h1>\n<p><a href=\"http:\/\/www.druckmarkt-schweiz.com\" target=\"_blank\" rel=\"noopener\">http:\/\/www.druckmarkt-schweiz.com<\/a><\/p>\n<p><cite>Druckmarkt Schweiz has been the independent magazine of the graphic arts industry since 2001 and sees itself as a management magazine for entrepreneurs, executives, investment managers and decision-makers. We offer them a wide range of printed publications as well as PDF magazines such as &#8222;Impressions&#8220; or the &#8222;drupa Countdown&#8220;.<\/cite><\/p>\n<p><cite>Jean-Paul Thalmann, Publisher<\/cite><\/p>\n<p><a href=\"http:\/\/www.druckmarkt-schweiz.com\"><img loading=\"lazy\" decoding=\"async\" class=\"partnerbild\" src=\"http:\/\/www.freiefarbe.de\/wp-content\/uploads\/2018\/02\/druckmarktch.png\" alt=\"Druckmarkt Schweiz\" width=\"1000\" height=\"685\" \/><\/a>[:]\n","protected":false},"excerpt":{"rendered":"[:de] Druckmarkt Schweiz http:\/\/www.druckmarkt-schweiz.com Druckmarkt Schweiz ist seit 2001 das unabh\u00e4ngige Magazin der Graphic Arts Industrie und versteht&hellip;\n","protected":false},"author":3,"featured_media":0,"parent":134,"menu_order":0,"comment_status":"closed","ping_status":"closed","template":"","meta":{"_oasis_is_in_workflow":0,"_oasis_original":0,"footnotes":""},"class_list":["post-3145","page","type-page","status-publish"],"_links":{"self":[{"href":"https:\/\/freiefarbe.de\/en\/wp-json\/wp\/v2\/pages\/3145","targetHints":{"allow":["GET"]}}],"collection":[{"href":"https:\/\/freiefarbe.de\/en\/wp-json\/wp\/v2\/pages"}],"about":[{"href":"https:\/\/freiefarbe.de\/en\/wp-json\/wp\/v2\/types\/page"}],"author":[{"embeddable":true,"href":"https:\/\/freiefarbe.de\/en\/wp-json\/wp\/v2\/users\/3"}],"replies":[{"embeddable":true,"href":"https:\/\/freiefarbe.de\/en\/wp-json\/wp\/v2\/comments?post=3145"}],"version-history":[{"count":0,"href":"https:\/\/freiefarbe.de\/en\/wp-json\/wp\/v2\/pages\/3145\/revisions"}],"up":[{"embeddable":true,"href":"https:\/\/freiefarbe.de\/en\/wp-json\/wp\/v2\/pages\/134"}],"wp:attachment":[{"href":"https:\/\/freiefarbe.de\/en\/wp-json\/wp\/v2\/media?parent=3145"}],"curies":[{"name":"wp","href":"https:\/\/api.w.org\/{rel}","templated":true}]}}