{"id":2739,"date":"2018-01-04T23:11:22","date_gmt":"2018-01-04T22:11:22","guid":{"rendered":"http:\/\/www.freiefarbe.de\/?page_id=2739"},"modified":"2018-01-04T23:11:22","modified_gmt":"2018-01-04T22:11:22","slug":"hlc-colour-atlas","status":"publish","type":"page","link":"https:\/\/freiefarbe.de\/en\/thema-farbe\/hlc-colour-atlas\/","title":{"rendered":"HLC Colour Atlas"},"content":{"rendered":"[:de]\n<div id=\"bestell\"><a href=\"http:\/\/shop.proof.de\">Bestellung<\/a><\/div>\n<h1 id=\"hlc-colour-atlas-neu-auch-als-xl-ausgabe\">HLC Colour Atlas \u2013 <span style=\"color: #db3153\">neu auch als XL-Ausgabe<\/span><\/h1>\n<p><em>Den von uns entwickelten <a href=\"#anmerkung\">HLC*<\/a> Colour Atlas verstehen wir als neuartige Basis f\u00fcr alle Stufen der professionellen Farbkommunikation \u2013 vom Design bis zum fertigen Produkt. Der gedruckte Atlas ist das zentrale Arbeitsmittel. Das Ringbuch enth\u00e4lt 2040 (bzw. beim XL \u00fcber 13\u00a0000) CIELAB-HLC-Farben, diese sind systematisch-intuitiv geordnet nach Hue\/Farbart, Lightness\/Helligkeit und Chroma\/Buntheit.<\/em><\/p>\n<table>\n<tbody>\n<tr>\n<td><a href=\"http:\/\/www.freiefarbe.de\/wp-content\/uploads\/2018\/01\/HLC-Colour-Atlas_01.jpg\"><img loading=\"lazy\" decoding=\"async\" width=\"300\" height=\"300\" class=\"alignleft size-medium wp-image-2855\" src=\"http:\/\/www.freiefarbe.de\/wp-content\/uploads\/2018\/01\/HLC-Colour-Atlas_01-300x300.jpg\" alt=\"\" srcset=\"https:\/\/freiefarbe.de\/wp-content\/uploads\/2018\/01\/HLC-Colour-Atlas_01-300x300.jpg 300w, https:\/\/freiefarbe.de\/wp-content\/uploads\/2018\/01\/HLC-Colour-Atlas_01-1024x1024.jpg 1024w, https:\/\/freiefarbe.de\/wp-content\/uploads\/2018\/01\/HLC-Colour-Atlas_01-150x150.jpg 150w, https:\/\/freiefarbe.de\/wp-content\/uploads\/2018\/01\/HLC-Colour-Atlas_01-768x768.jpg 768w, https:\/\/freiefarbe.de\/wp-content\/uploads\/2018\/01\/HLC-Colour-Atlas_01-1536x1536.jpg 1536w, https:\/\/freiefarbe.de\/wp-content\/uploads\/2018\/01\/HLC-Colour-Atlas_01-2048x2048.jpg 2048w, https:\/\/freiefarbe.de\/wp-content\/uploads\/2018\/01\/HLC-Colour-Atlas_01-80x80.jpg 80w, https:\/\/freiefarbe.de\/wp-content\/uploads\/2018\/01\/HLC-Colour-Atlas_01-380x380.jpg 380w, https:\/\/freiefarbe.de\/wp-content\/uploads\/2018\/01\/HLC-Colour-Atlas_01-800x800.jpg 800w, https:\/\/freiefarbe.de\/wp-content\/uploads\/2018\/01\/HLC-Colour-Atlas_01-1160x1160.jpg 1160w, https:\/\/freiefarbe.de\/wp-content\/uploads\/2018\/01\/HLC-Colour-Atlas_01-scaled.jpg 2560w\" sizes=\"auto, (max-width: 300px) 100vw, 300px\" \/><\/a><\/td>\n<td><a href=\"http:\/\/www.freiefarbe.de\/wp-content\/uploads\/2018\/01\/HLC-Colour-Atlas_02.jpg\"><img decoding=\"async\" class=\"alignleft size-medium wp-image-2855\" src=\"http:\/\/www.freiefarbe.de\/wp-content\/uploads\/2018\/01\/HLC-Colour-Atlas_02-300x300.jpg\" alt=\"\" \/><\/a><\/td>\n<td><a href=\"http:\/\/www.freiefarbe.de\/wp-content\/uploads\/2018\/01\/HLC-Colour-Atlas_03.jpg\"><img decoding=\"async\" class=\"alignleft size-medium wp-image-2855\" src=\"http:\/\/www.freiefarbe.de\/wp-content\/uploads\/2018\/01\/HLC-Colour-Atlas_03-300x300.jpg\" alt=\"\" \/><\/a><\/td>\n<\/tr>\n<tr>\n<td>Ringbuch<\/td>\n<td>Einzelseiten H90 und H100<\/td>\n<td>Pr\u00fcf-Protokoll<\/td>\n<\/tr>\n<\/tbody>\n<\/table>\n<p>&nbsp;<\/p>\n<p>Produziert wird der HLC Colour Atlas (XL) von der <a href=\"http:\/\/proof.de\">Proof GmbH<\/a> auf einem Epson SC-P9000V Spectro Drucker unter hohem Aufwand f\u00fcr die Qualit\u00e4tsoptimierung. Das eingesetzte Drucksystem wird vorwiegend in den Bereichen Proofing f\u00fcr die Druckvorstufe, Fineart Printing und Kunstreproduktion eingesetzt. Dank der Zusatzfarben Orange, Gr\u00fcn und Violett lassen sich damit auch stark ges\u00e4ttigte Farben darstellen. Zur weiteren Steigerung der Farbgenauigkeit werden softwareseitig iterative CMYK-Optimierungen durchgef\u00fchrt. Wir erreichen auf diese Weise ein mittleres DeltaE2000 von 0,8, die meisten Farbfelder sogar ein DeltaE2000 von 0,3. Die erreichte Farbgenauigkeit war vor wenigen Jahren noch nicht machbar, sie reicht an die des weitaus teureren Lackdrucks heran.<\/p>\n<p>K\u00e4uflich erwerben kann man den HLC Colour Atlas (XL) im <a href=\"http:\/\/shop.proof.de\">Online-Shop der Proof GmbH<\/a>. Der Preis betr\u00e4gt 149 Euro f\u00fcr die Standardausgabe bzw. der Einf\u00fchrungspreis f\u00fcr die XL-Ausgabe 399 Euro, jeweils zuz\u00fcglich MwSt und Versand.<\/p>\n<h2 id=\"gratis-dateipaket\">Gratis-Dateipaket<\/h2>\n<p>Die folgenden Dateien des HLC Colour Atlas k\u00f6nnen Sie auf der <a href=\"https:\/\/www.freiefarbe.de\/thema-farbe\/software\/\">Download-Seite<\/a> einzeln oder als Paket herunterladen:<\/p>\n<ul>\n<li>PDF-Version: HLC Colour Atlas f\u00fcr Softproofs am Bildschirm, zum Selbst-Ausdrucken, zum schnellen Gamut-Vergleich (CIELAB, sRGB, CMYK gem\u00e4\u00df FOGRA39\/51\/52).<\/li>\n<li>Messreport des gedruckten HLC Colour Atlas mit Soll-Ist-Vergleich und DeltaE-Berechnungen (Excel)<\/li>\n<li>ASE-Farbbibliotheken f\u00fcr die Adobe-CS- und CC-Programme, mit denen man die im Atlas gezeigten Farben direkt per Mausklick in den Anwendungen verwenden kann (Achtung: Bei 2040 Farbfeldern ist mit einer l\u00e4ngeren Ladezeit zu rechnen).<\/li>\n<li>sRGB- und CMYK-Farbwertetabellen im Excel-Format<\/li>\n<li>Spektraldaten 380\u2013730\u00a0nm in 10-nm-Intervallen: das CXF3-Format ist kompatibel zu industriellen Systemen der Farbrezeptierung in unterschiedlichen Branchen, wie z.B. Druckfarben, Lackfarben, Kunststoffe oder Textilien<\/li>\n<\/ul>\n<p>Auf der Download-Seite finden Sie auch das Dateipaket zum HLC Colour Atlas XL mit \u00e4hnlichem Inhalt, allerdings ohne ASE-Farbbibliothek, da die gro\u00dfe Anzahl Farben unzumutbar lange Ladezeiten bewirken w\u00fcrde.<\/p>\n<p>Geben Sie die Daten gern weiter \u2013 auch kommerzielle Zwecke sind gestattet (Creative-Commons- oder zlib-Lizenz &#8211; siehe <a href=\"http:\/\/freiefarbe.de\/licence\">http:\/\/freiefarbe.de\/licence<\/a>).<\/p>\n<h2 id=\"basis-cielab-farbmodell-hlc\">Basis: CIELAB-Farbmodell (HLC)<\/h2>\n<figure id=\"attachment_2840\" aria-describedby=\"caption-attachment-2840\" style=\"width: 250px\" class=\"wp-caption alignright\"><a href=\"http:\/\/www.freiefarbe.de\/wp-content\/uploads\/2018\/02\/Cielab-circle.png\"><img loading=\"lazy\" decoding=\"async\" class=\"size-full wp-image-2840\" src=\"http:\/\/www.freiefarbe.de\/wp-content\/uploads\/2018\/02\/Cielab-circle.png\" alt=\"\" width=\"250\" height=\"250\" \/><\/a><figcaption id=\"caption-attachment-2840\" class=\"wp-caption-text\">HLC-Farbrad in 10\u00b0-Winkelung <br \/>(H. Everding CC-BY-SA 4.0)<\/figcaption><\/figure>\n<p>Der Atlas ist eine beispielhafte Umsetzung des <a href=\"https:\/\/de.wikipedia.org\/wiki\/Lab-Farbraum\">CIELAB-Farbraums<\/a>, der 1976 von der Commission Internationale de l\u2019Eclairage vorgestellt wurde und sich seitdem im Farbmanagement, in der Farbmessung und -rezeptur weltweit durchgesetzt hat. Das Modell hat gro\u00dfe Vorteile:<\/p>\n<ul>\n<li>nicht nur bestimmte Gamuts, sondern alle sichtbaren Farben sind eindeutig definiert<\/li>\n<li>freie Berechenbarkeit (z.B. beliebige Abstufungen, Gegenfarben, Zwischenfarben)<\/li>\n<li>wahrnehmungsgerechter Aufbau<\/li>\n<li>HLC-Darstellung: intuitiver Aufbau nach Farbton\/Helligkeit\/Buntheit, leicht verst\u00e4ndlich<\/li>\n<li>ungehinderte Verbreitung, da mathematisch definiert, nicht schutzf\u00e4hig und lizenzfrei<\/li>\n<\/ul>\n<h2 id=\"offene-standards-creative-commons-lizenz-gemeinnuetziger-traeger\">Offene Standards, Creative Commons Lizenz, gemeinn\u00fctziger Tr\u00e4ger<\/h2>\n<p>Das Projekt beruht vollst\u00e4ndig auf offenen Standards \u2013 f\u00fcr die Farbdefinitionen ist es das CIELAB-Farbmodell, f\u00fcr die Herstellung der physischen Samples sind es Proofdrucksysteme nach ISO 12647-7 und f\u00fcr den Austausch von spektralen Daten ist es das CxF3-Dateiformat. Alle Daten ver\u00f6ffentlichen wir unter CreativeCommons-Lizenz. Das bedeutet: Alle Anwender k\u00f6nnen die entwickelten Farbdaten und Samples frei nutzen und diese weiterentwickeln.<\/p>\n<p>Beim gemeinn\u00fctzigen freieFarbe e.V. stehen nicht betriebswirtschaftliche \u00dcberlegungen im Vordergrund, sondern die <em>F\u00f6rderung der offenen und freien Farbkommunikation<\/em>, welche wir f\u00fcr dringend geboten halten. Daher sehen wir uns als geeigneten Tr\u00e4ger des Projekts.<\/p>\n<p>Die Erfahrungen flie\u00dfen auch in unser <a href=\"http:\/\/www.freiefarbe.de\/erstellung-einer-din-spezifikation\/\">DIN-Forschungsprojekt &#8222;Open Color Communication&#8220;<\/a> ein, welches die Farbkommunikation auf Basis offener Standards beschreibt.<\/p>\n<h2 id=\"danke-fuer-die-unterstuetzung\">Danke f\u00fcr die Unterst\u00fctzung!<\/h2>\n<p><em>Das HLC Colour Atlas Projekt ist das Ergebnis intensiver Zusammenarbeit der Fachleute innerhalb des freieFarbe e.V. Von weiteren externen Partnern wird das Projekt gro\u00dfz\u00fcgig unterst\u00fctzt.<\/em><\/p>\n<h3 id=\"vereinsmitglieder\">Vereinsmitglieder<\/h3>\n<p><i>Jan-Peter Homann<\/i> betreut das Projekt mit seinem Expertenwissen und vertritt den Ansatz auch im Rahmen eines Forschungsauftrags beim DIN. Die von <i>Holger Everding<\/i> produzierten HLC-\/Lab-Farbf\u00e4cher stellen Startschuss und Programmiergrundlage dar. <i>Peter J\u00e4ger<\/i> unterst\u00fctzt das Projekt mit Design-Dienstleistungen und \u00d6ffentlichkeitsarbeit. <i>Eric Soder<\/i> liefert Design und konzeptionelle wie auch fachtechnische Unterst\u00fctzung. <i>Matthias Betz<\/i> steuert englische Texte bei, produziert Prototypen und Endprodukt, und er \u00fcbernimmt auch den Vertrieb.<\/p>\n<h3 id=\"colorlogic-gmbh\">ColorLogic GmbH<\/h3>\n<p><a href=\"http:\/\/colorlogic.de\/\"><img decoding=\"async\" class=\"alignright\" src=\"http:\/\/www.freiefarbe.de\/wp-content\/uploads\/2018\/01\/CL-logo-300x107.png\" alt=\"\" width=\"200\" \/><\/a><br \/>\n\u2026 ist &#8222;ein unabh\u00e4ngiges Unternehmen, das sich auf die Entwicklung erstklassiger Farbmanagement-Technologien und -Produkte konzentriert.&#8220; ColorLogic unterst\u00fctzt das Projekt mit Software, welche f\u00fcr die automatisierte spektrale Erfassung und Qualit\u00e4tsoptimierung tausender Einzelfarben, die Erstellung von Qualit\u00e4tsprotokollen sowie Dateiformat-Konvertierungen eingesetzt wird.<\/p>\n<h3 id=\"gmg-gmbh-co-kg\">GMG GmbH &amp; Co. KG<\/h3>\n<p><a href=\"http:\/\/gmgcolor.de\/\"><img decoding=\"async\" class=\"alignright\" src=\"http:\/\/www.freiefarbe.de\/wp-content\/uploads\/2018\/01\/gmg_logo.png\" alt=\"\" width=\"200\" \/><\/a><br \/>\n&#8222;GMG ist ein f\u00fchrender Entwickler und Anbieter von hochwertigen Farbmanagement-Softwarel\u00f6sungen.&#8220; (Website) Die von GMG beigesteuerten Proofmedien und Software-Lizenzen werden zur konstanten farbverbindlichen Druckeransteuerung und zur Qualit\u00e4tssicherung\/-Dokumentation im Druckprozess eingesetzt.<\/p>\n<h3 id=\"epson-deutschland-gmbh\">Epson Deutschland GmbH<\/h3>\n<p><a href=\"http:\/\/epson.de\/\"><img decoding=\"async\" class=\"alignright\" src=\"http:\/\/www.freiefarbe.de\/wp-content\/uploads\/2018\/01\/epson-logo-300x126.jpg\" alt=\"\" width=\"200\" \/><\/a><br \/>\nDer f\u00fchrende Global Player im Bereich der Drucksysteme steuert die im Projekt ben\u00f6tigte Drucktinte bei.<\/p>\n<h3 id=\"scribus\">Scribus<\/h3>\n<p><a href=\"http:\/\/scribus.net\/\"><img decoding=\"async\" class=\"alignright\" src=\"http:\/\/www.freiefarbe.de\/wp-content\/uploads\/2018\/01\/scribus-logo-300x87.png\" alt=\"\" width=\"220\" \/><\/a><br \/>\nGregory Pittman erzeugte Skripts f\u00fcr die automatisierte Erzeugung von Farbmustern. Zusammen mit Christoph Sch\u00e4fer redigierte er auch englische Texte.<\/p>\n<hr \/>\n<p><small>*<a name=\"anmerkung\"><\/a>Anmerkung: In der Farbmetrik ist die Schreibweise &#8222;LCH&#8220; oder &#8222;LCh&#8220; verbreitet. Die Reihenfolge &#8222;HLC&#8220; bringt das bei der Farbabmusterung \u00fcbliche Vorgehen nach &#8222;Farbton &#8211; Helligkeit &#8211; Buntheit&#8220; zum Ausdruck und ist ansonsten inhaltlich identisch.<\/small>[:en]\n<div id=\"bestell\"><a href=\"http:\/\/shop.proof.de\">Order<\/a><\/div>\n<h1 id=\"hlc-colour-atlas-and-new-hlc-colour-atlas-xl\">HLC Colour Atlas and <span style=\"color: #db3153\">new HLC Colour Atlas XL<\/span><\/h1>\n<p>We developed the <a href=\"#notation\">HLC*<\/a> Colour Atlas and see it as a new basis for all stages of professional colour communication \u2013 from design to the final product. The printed atlas is the central tool. The ring binder contains 2040 CIELAB-HLC colours (over 13.000 in the XL Version), which are systematically arranged by hue\/base colour, lightness\/brightness and chroma\/saturation.<\/p>\n<table>\n<tbody>\n<tr>\n<td><a href=\"http:\/\/www.freiefarbe.de\/wp-content\/uploads\/2018\/01\/HLC-Colour-Atlas_01.jpg\"><img loading=\"lazy\" decoding=\"async\" width=\"300\" height=\"300\" class=\"alignleft size-medium wp-image-2855\" src=\"http:\/\/www.freiefarbe.de\/wp-content\/uploads\/2018\/01\/HLC-Colour-Atlas_01-300x300.jpg\" alt=\"\" srcset=\"https:\/\/freiefarbe.de\/wp-content\/uploads\/2018\/01\/HLC-Colour-Atlas_01-300x300.jpg 300w, https:\/\/freiefarbe.de\/wp-content\/uploads\/2018\/01\/HLC-Colour-Atlas_01-1024x1024.jpg 1024w, https:\/\/freiefarbe.de\/wp-content\/uploads\/2018\/01\/HLC-Colour-Atlas_01-150x150.jpg 150w, https:\/\/freiefarbe.de\/wp-content\/uploads\/2018\/01\/HLC-Colour-Atlas_01-768x768.jpg 768w, https:\/\/freiefarbe.de\/wp-content\/uploads\/2018\/01\/HLC-Colour-Atlas_01-1536x1536.jpg 1536w, https:\/\/freiefarbe.de\/wp-content\/uploads\/2018\/01\/HLC-Colour-Atlas_01-2048x2048.jpg 2048w, https:\/\/freiefarbe.de\/wp-content\/uploads\/2018\/01\/HLC-Colour-Atlas_01-80x80.jpg 80w, https:\/\/freiefarbe.de\/wp-content\/uploads\/2018\/01\/HLC-Colour-Atlas_01-380x380.jpg 380w, https:\/\/freiefarbe.de\/wp-content\/uploads\/2018\/01\/HLC-Colour-Atlas_01-800x800.jpg 800w, https:\/\/freiefarbe.de\/wp-content\/uploads\/2018\/01\/HLC-Colour-Atlas_01-1160x1160.jpg 1160w, https:\/\/freiefarbe.de\/wp-content\/uploads\/2018\/01\/HLC-Colour-Atlas_01-scaled.jpg 2560w\" sizes=\"auto, (max-width: 300px) 100vw, 300px\" \/><\/a><\/td>\n<td><a href=\"http:\/\/www.freiefarbe.de\/wp-content\/uploads\/2018\/01\/HLC-Colour-Atlas_02.jpg\"><img decoding=\"async\" class=\"alignleft size-medium wp-image-2855\" src=\"http:\/\/www.freiefarbe.de\/wp-content\/uploads\/2018\/01\/HLC-Colour-Atlas_02-300x300.jpg\" alt=\"\" \/><\/a><\/td>\n<td><a href=\"http:\/\/www.freiefarbe.de\/wp-content\/uploads\/2018\/01\/HLC-Colour-Atlas_03.jpg\"><img decoding=\"async\" class=\"alignleft size-medium wp-image-2855\" src=\"http:\/\/www.freiefarbe.de\/wp-content\/uploads\/2018\/01\/HLC-Colour-Atlas_03-300x300.jpg\" alt=\"\" \/><\/a><\/td>\n<\/tr>\n<tr>\n<td>Ring binder<\/td>\n<td>Page with hues H90 and H100<\/td>\n<td>Media wedge for quality control<\/td>\n<\/tr>\n<\/tbody>\n<\/table>\n<p>&nbsp;<\/p>\n<p>The HLC Colour Atlas is produced by <a href=\"http:\/\/proof.de\">Proof GmbH<\/a> on an Epson SC-P9000V Spectro printer with high effort for quality optimisation. This printing system is mainly used for prepress, fine art printing and art reproduction proofing. Thanks to the additional colours orange, green and violet, highly saturated colours can also be produced. To further increase colour accuracy, interactive CMYK optimisations are carried out on the software side. In this way we achieve a mean DeltaE2000 of 0.8, most colour fields even a DeltaE2000 of smaller than 0.3. The achieved colour accuracy was not yet feasible a few years ago, it is close to that of the far more expensive varnish printing.<\/p>\n<p>You can buy the HLC Colour Atlas in the <a href=\"http:\/\/shop.proof.de\">Online-Shop of Proof GmbH<\/a>. The price is 149 Euros or 399 Euros for the XL version plus VAT and shipping.<\/p>\n<h2 id=\"free-software-package\">Free software package<\/h2>\n<p>The following files can be downloaded from the <a href=\"https:\/\/www.freiefarbe.de\/thema-farbe\/software\/\">download page<\/a>:<\/p>\n<ul>\n<li>PDF version: HLC Colour Atlas for soft proofs on screen, for printing, for fast gamut comparison (CIELAB, sRGB, CMYK according to FOGRA39\/51\/52).<\/li>\n<li>Measurement report of the printed HLC Colour Atlas with target\/real values comparison and DeltaE calculations (Excel).<\/li>\n<li>ASE colour libraries for the Adobe CS and CC programs, with which you can use the colours shown in the atlas directly by mouse click in the applications<\/li>\n<li>sRGB and CMYK colour value tables in Excel format<\/li>\n<li>Spectral data 380-760 nm at 10 nm intervals: the CXF3 format is compatible with industrial colour formulation systems in various industries, such as printing inks, coatings, plastics or textiles.<\/li>\n<\/ul>\n<p>We want to spread the idea of free colour: you are welcome to pass on the data \u2013 commercial purposes are also permitted (Creative Commons licence CC-BY-ND 4.0).<\/p>\n<h2 id=\"basis-cielab-colour-model-hlc\">Basis: CIELAB colour model (HLC)<\/h2>\n<figure id=\"attachment_2840\" aria-describedby=\"caption-attachment-2840\" style=\"width: 250px\" class=\"wp-caption alignright\"><a href=\"http:\/\/www.freiefarbe.de\/wp-content\/uploads\/2018\/02\/Cielab-circle.png\"><img loading=\"lazy\" decoding=\"async\" class=\"size-full wp-image-2840\" src=\"http:\/\/www.freiefarbe.de\/wp-content\/uploads\/2018\/02\/Cielab-circle.png\" alt=\"\" width=\"250\" height=\"250\" \/><\/a><figcaption id=\"caption-attachment-2840\" class=\"wp-caption-text\">HLC Colour Wheel in 10\u00b0 hue angle increments<\/figcaption><\/figure>\n<p>The atlas is an exemplary implementation of the <a href=\"https:\/\/de.wikipedia.org\/wiki\/Lab-Farbraum\">CIELAB colour space<\/a>, which was introduced by the Commission Internationale de l&#8217;Eclairage in 1976 and has since established itself worldwide in colour management, colour measurement and colour formulation. The model has great advantages:<\/p>\n<ul>\n<li>not only certain gamuts, but all visible colours are clearly defined<\/li>\n<li>free predictability (e.g. any gradation, counter colours, intermediate colours)<\/li>\n<li>perceptually structured by HLC: intuitive according to hue\/brightness\/saturation, easy to understand<\/li>\n<li>unhindered distribution, since mathematically defined, not protectable and license-free<\/li>\n<\/ul>\n<h2 id=\"open-standards-creative-commons-licence-non-profit-organisation\">Open Standards, Creative Commons Licence, non-profit organisation<\/h2>\n<p>The project is completely based on open standards \u2013 for colour definitions it is the CIELAB colour model, for the production of physical samples it is proof printing systems according to ISO 12647-7 and for the exchange of spectral data it is the CxF file format. All data is published under CreativeCommons license. This means: All users can freely use the developed colour data and samples and further develop them.<\/p>\n<p>With the non-profit freieFarbe e.V., the focus is not on economic considerations, but on <em>promoting open and free colour communication<\/em>, which we consider urgently necessary. That is why we see ourselves as a suitable supporting body of the project.<\/p>\n<p>The experience also flows into our <a href=\"http:\/\/www.freiefarbe.de\/erstellung-einer-din-spezifikation\/\">DIN SPEC 16699 research project &#8222;Open Colour Communication&#8220;<\/a>, which describes colour communication based on free and open standards.<\/p>\n<h2 id=\"thank-you-for-contributing\">Thank you for contributing<\/h2>\n<p>The HLC Colour Atlas project is the result of intensive cooperation between the experts within freieFarbe e.V. Additionally, external partners generously support the project.<\/p>\n<h3 id=\"freiefarbe-members\">freieFarbe Members<\/h3>\n<p><i>Jan-Peter Homann<\/i> oversees the project with his expert knowledge and he also represents the approach in a research project for the German Standards Institute (DIN). <i>Holger Everding<\/i> initiated the creation of a Lab-based colour reference toolset by producing Lab and HLC fan decks covering the 4C offset printing gamut. <i>Peter J\u00e4ger<\/i> contributes to the project with design and public relations work. <i>Eric Soder<\/i> supports it in terms of design as well as conceptional and technical assistance. <i>Matthias Betz<\/i> contributes English texts, produces prototypes and final products, and he undertakes the distribution as well.<\/p>\n<h3 id=\"colorlogic-gmbh-2\">ColorLogic GmbH<\/h3>\n<p><a href=\"http:\/\/colorlogic.de\/\"><img decoding=\"async\" class=\"alignright\" src=\"http:\/\/www.freiefarbe.de\/wp-content\/uploads\/2018\/01\/CL-logo-300x107.png\" alt=\"\" width=\"200\" \/><\/a><br \/>\n&#8230; is &#8222;an independent company focused on the development of world-class color management technologies and products&#8220;. ColorLogic supports the project with software that is used for the automated spectral measurement and quality optimisation of thousands of individual colours, the creation of quality protocols, and file format conversions.<\/p>\n<h3 id=\"gmg-gmbh-co-kg-2\">GMG GmbH &amp; Co. KG<\/h3>\n<p><a href=\"http:\/\/gmgcolor.de\/\"><img decoding=\"async\" class=\"alignright\" src=\"http:\/\/www.freiefarbe.de\/wp-content\/uploads\/2018\/01\/gmg_logo.png\" alt=\"\" width=\"200\" \/><\/a><br \/>\n&#8222;GMG is a leading developer and provider of high-quality color management software solutions.&#8220; (Website) GMG sponsors proofing media and software for constant and colour-consistent printing and for quality control and documentation in the production process.<\/p>\n<h3 id=\"epson-germany-gmbh\">Epson Germany GmbH<\/h3>\n<p><a href=\"http:\/\/epson.de\/\"><img decoding=\"async\" class=\"alignright\" src=\"http:\/\/www.freiefarbe.de\/wp-content\/uploads\/2018\/01\/epson-logo-300x126.jpg\" alt=\"\" width=\"200\" \/><\/a><br \/>\nThe leading global player in the field of printing systems sponsors the printing ink required for the project.<\/p>\n<h3 id=\"scribus-2\">Scribus<\/h3>\n<p><a href=\"http:\/\/scribus.net\/\"><img decoding=\"async\" class=\"alignright\" src=\"http:\/\/www.freiefarbe.de\/wp-content\/uploads\/2018\/01\/scribus-logo-300x87.png\" alt=\"\" width=\"220\" \/><\/a><br \/>\nGregory Pittman wrote scripts for the automated creation of colour swatch tables. Along with Christoph Sch\u00e4fer, he also edited English texts.<\/p>\n<hr \/>\n<p><small>*<a name=\"notation\"><\/a>Note: In colour science, the notation &#8222;LCH&#8220; or &#8222;LCh&#8220; is commonly used. The order &#8222;H-L-C&#8220; expresses the usual procedure for colour matching according to &#8222;hue \u2013 lightness \u2013 chroma&#8220; and is otherwise identical in content.<\/small>[:]\n","protected":false},"excerpt":{"rendered":"[:de] Bestellung HLC Colour Atlas \u2013 neu auch als XL-Ausgabe Den von uns entwickelten HLC* Colour Atlas verstehen&hellip;\n","protected":false},"author":3,"featured_media":0,"parent":180,"menu_order":0,"comment_status":"closed","ping_status":"closed","template":"","meta":{"_oasis_is_in_workflow":0,"_oasis_original":0,"footnotes":""},"class_list":["post-2739","page","type-page","status-publish"],"_links":{"self":[{"href":"https:\/\/freiefarbe.de\/en\/wp-json\/wp\/v2\/pages\/2739","targetHints":{"allow":["GET"]}}],"collection":[{"href":"https:\/\/freiefarbe.de\/en\/wp-json\/wp\/v2\/pages"}],"about":[{"href":"https:\/\/freiefarbe.de\/en\/wp-json\/wp\/v2\/types\/page"}],"author":[{"embeddable":true,"href":"https:\/\/freiefarbe.de\/en\/wp-json\/wp\/v2\/users\/3"}],"replies":[{"embeddable":true,"href":"https:\/\/freiefarbe.de\/en\/wp-json\/wp\/v2\/comments?post=2739"}],"version-history":[{"count":0,"href":"https:\/\/freiefarbe.de\/en\/wp-json\/wp\/v2\/pages\/2739\/revisions"}],"up":[{"embeddable":true,"href":"https:\/\/freiefarbe.de\/en\/wp-json\/wp\/v2\/pages\/180"}],"wp:attachment":[{"href":"https:\/\/freiefarbe.de\/en\/wp-json\/wp\/v2\/media?parent=2739"}],"curies":[{"name":"wp","href":"https:\/\/api.w.org\/{rel}","templated":true}]}}