{"id":2632,"date":"2017-11-16T03:07:32","date_gmt":"2017-11-16T02:07:32","guid":{"rendered":"http:\/\/www.freiefarbe.de\/?page_id=2632"},"modified":"2017-11-16T03:07:32","modified_gmt":"2017-11-16T02:07:32","slug":"scribus","status":"publish","type":"page","link":"https:\/\/freiefarbe.de\/en\/partner\/scribus\/","title":{"rendered":"Scribus"},"content":{"rendered":"[:de]\n<h2 id=\"scribus-%c2%b7-christoph-schaefer\" style=\"text-align: center\">Scribus \u00b7 Christoph Sch\u00e4fer<\/h2>\n<p style=\"text-align: center\"><a href=\"http:\/\/www.scribus.net\/\"><img decoding=\"async\" class=\"partnerbild wp-image-2635\" src=\"http:\/\/www.freiefarbe.de\/wp-content\/uploads\/2017\/11\/scribus-website-1024x698.png\" alt=\"\" width=\"640\" srcset=\"https:\/\/freiefarbe.de\/wp-content\/uploads\/2017\/11\/scribus-website-1024x698.png 1024w, https:\/\/freiefarbe.de\/wp-content\/uploads\/2017\/11\/scribus-website-300x204.png 300w, https:\/\/freiefarbe.de\/wp-content\/uploads\/2017\/11\/scribus-website-768x523.png 768w, https:\/\/freiefarbe.de\/wp-content\/uploads\/2017\/11\/scribus-website-380x259.png 380w, https:\/\/freiefarbe.de\/wp-content\/uploads\/2017\/11\/scribus-website-800x545.png 800w, https:\/\/freiefarbe.de\/wp-content\/uploads\/2017\/11\/scribus-website-1160x790.png 1160w, https:\/\/freiefarbe.de\/wp-content\/uploads\/2017\/11\/scribus-website.png 1218w\" sizes=\"(max-width: 1024px) 100vw, 1024px\" \/><\/a><\/p>\n<p>Scribus ist ein leistungsf\u00e4higes und vielseitiges Desktop-Publishing-Programm, das seit 2001 von einer Gruppe Programmierer aus der ganzen Welt, \u00fcberwiegend aber in Europa entwickelt wird. Es steht unter der General Public Licence sowohl im Quellcode als auch in Bin\u00e4rformat kostenlos f\u00fcr alle g\u00e4ngigen und auch einige exotische Plattformen zur Verf\u00fcgung.<\/p>\n<p>Zu seinen St\u00e4rken geh\u00f6ren neben den \u00fcblichen DTP-Funktionen die hohe Zuverl\u00e4ssigkeit bei der PDF-Ausgabe, die zahlreichen Import- und Exportfilter und zus\u00e4tzliche PDF-Features wie Pr\u00e4sentationen, Formulare oder 3D-PDF.<\/p>\n<p>In einigen Bereichen hat Scribus eine Vorreiterrolle gespielt. So war es das erste DTP-Programm, das den anspruchsvollen Druckstandard PDF\/X-3 unterst\u00fctzte und ist bis heute die einzige Software ihrer Art, die sowohl das LAB- als auch das HLC-Farbmodell in ihren Farbdialogen anbietet. Auch handelt es sich bei Scribus um das einzige Programm, das bisher die \u201eOpen Colour Systems Collection\u201c sowie weitere kommerzielle und institutionelle Farbpaletten integriert hat.<\/p>\n<p>Schon Jahre vor der Gr\u00fcndung des Vereins freieFarbe e.V. bestand eine vertrauensvolle Zusammenarbeit zwischen dem Scribus-Projekt und Holger Everding bzw. dtp studio oldenburg. Die \u201eOpen Colour Systems Collection\u201c ist ein Ergebnis dieser Kooperation. Heute ist Scribus Mitglied des Vereins.[:en]\n<h2 id=\"scribus-%c2%b7-christoph-schaefer-2\" style=\"text-align: center\">Scribus \u00b7 Christoph Sch\u00e4fer<\/h2>\n<p><a href=\"http:\/\/www.scribus.net\/\"><img decoding=\"async\" class=\"partnerbild wp-image-2635\" src=\"http:\/\/www.freiefarbe.de\/wp-content\/uploads\/2017\/11\/scribus-website-1024x698.png\" alt=\"\" width=\"640\" srcset=\"https:\/\/freiefarbe.de\/wp-content\/uploads\/2017\/11\/scribus-website-1024x698.png 1024w, https:\/\/freiefarbe.de\/wp-content\/uploads\/2017\/11\/scribus-website-300x204.png 300w, https:\/\/freiefarbe.de\/wp-content\/uploads\/2017\/11\/scribus-website-768x523.png 768w, https:\/\/freiefarbe.de\/wp-content\/uploads\/2017\/11\/scribus-website-380x259.png 380w, https:\/\/freiefarbe.de\/wp-content\/uploads\/2017\/11\/scribus-website-800x545.png 800w, https:\/\/freiefarbe.de\/wp-content\/uploads\/2017\/11\/scribus-website-1160x790.png 1160w, https:\/\/freiefarbe.de\/wp-content\/uploads\/2017\/11\/scribus-website.png 1218w\" sizes=\"(max-width: 1024px) 100vw, 1024px\" \/><\/a><\/p>\n[:]\n","protected":false},"excerpt":{"rendered":"[:de] Scribus \u00b7 Christoph Sch\u00e4fer Scribus ist ein leistungsf\u00e4higes und vielseitiges Desktop-Publishing-Programm, das seit 2001 von einer Gruppe&hellip;\n","protected":false},"author":3,"featured_media":0,"parent":134,"menu_order":0,"comment_status":"closed","ping_status":"closed","template":"","meta":{"_oasis_is_in_workflow":0,"_oasis_original":0,"footnotes":""},"class_list":["post-2632","page","type-page","status-publish"],"_links":{"self":[{"href":"https:\/\/freiefarbe.de\/en\/wp-json\/wp\/v2\/pages\/2632","targetHints":{"allow":["GET"]}}],"collection":[{"href":"https:\/\/freiefarbe.de\/en\/wp-json\/wp\/v2\/pages"}],"about":[{"href":"https:\/\/freiefarbe.de\/en\/wp-json\/wp\/v2\/types\/page"}],"author":[{"embeddable":true,"href":"https:\/\/freiefarbe.de\/en\/wp-json\/wp\/v2\/users\/3"}],"replies":[{"embeddable":true,"href":"https:\/\/freiefarbe.de\/en\/wp-json\/wp\/v2\/comments?post=2632"}],"version-history":[{"count":0,"href":"https:\/\/freiefarbe.de\/en\/wp-json\/wp\/v2\/pages\/2632\/revisions"}],"up":[{"embeddable":true,"href":"https:\/\/freiefarbe.de\/en\/wp-json\/wp\/v2\/pages\/134"}],"wp:attachment":[{"href":"https:\/\/freiefarbe.de\/en\/wp-json\/wp\/v2\/media?parent=2632"}],"curies":[{"name":"wp","href":"https:\/\/api.w.org\/{rel}","templated":true}]}}