{"id":2434,"date":"2017-07-08T00:19:46","date_gmt":"2017-07-07T22:19:46","guid":{"rendered":"http:\/\/www.freiefarbe.de\/?page_id=2434"},"modified":"2017-07-08T00:19:46","modified_gmt":"2017-07-07T22:19:46","slug":"verabschieden-sie-sich-vom-cmyk-workflow","status":"publish","type":"page","link":"https:\/\/freiefarbe.de\/en\/artikel\/verabschieden-sie-sich-vom-cmyk-workflow\/","title":{"rendered":"Say goodbye to the CMYK workflow!"},"content":{"rendered":"[:de]\n<h1 id=\"verabschieden-sie-sich-vom-cmyk-workflow\">Verabschieden Sie sich vom CMYK Workflow!<\/h1>\n<p>In mehreren Videos zeigt Peter J\u00e4ger, dass der in der Druckvorstufe immer noch \u00fcbliche CMYK Workflow gravierende Schw\u00e4chen hat. Er ist alles andere als anwenderfreundlich. Dies zum Beispiel, wenn in importierten Bildern eines Dokuments verschiedene Quellprofile eingebettet sind. Dann zeigt InDesign das Ergebnis nicht korrekt an, und auch Acrobat kann dies beim aus InDesign erzeugten PDF nur unter bestimmten Einstellungen.<\/p>\n<p>Im noch immer weit verbreiteten CMYK-Workflow stellt man nun f\u00fcr jedes Druckverfahren gesonderte Bilddateien her. Wie aufwendig! Viel einfacher und sicherer w\u00e4re es, von Anfang an medienneutral in RGB zu arbeiten. Wenn man trotzdem noch in CMYK arbeiten will oder muss, sollte man den \u201esicheren CMYK Workflow\u201c deaktivieren und zu platzierende CMYK-Dateien einheitlich in den Dokument-CMYK-Farbraum bringen, <em>bevor<\/em> sie ins Layoutdokument importiert werden.<\/p>\n<p>Peter J\u00e4ger bietet zum Thema den Lehrgang \u201eCrossmedialer Workflow \u2013 reine Gl\u00fcckssache?\u201c an &#8211; siehe <a href=\"http:\/\/pre2media.ch\">pre2media.ch<\/a><\/p>\n<p>&nbsp;<\/p>\n<div style=\"width: 1200px;\" class=\"wp-video\"><video class=\"wp-video-shortcode\" id=\"video-2434-1\" width=\"1200\" height=\"675\" preload=\"metadata\" controls=\"controls\"><source type=\"video\/mp4\" src=\"http:\/\/www.freiefarbe.de\/wp-content\/uploads\/2017\/07\/1703_01_01_work_CMYK_Workflow_Intro.mp4?_=1\" \/><a href=\"http:\/\/www.freiefarbe.de\/wp-content\/uploads\/2017\/07\/1703_01_01_work_CMYK_Workflow_Intro.mp4\">http:\/\/www.freiefarbe.de\/wp-content\/uploads\/2017\/07\/1703_01_01_work_CMYK_Workflow_Intro.mp4<\/a><\/video><\/div>\n<p>&nbsp;<\/p>\n<div style=\"width: 1200px;\" class=\"wp-video\"><video class=\"wp-video-shortcode\" id=\"video-2434-2\" width=\"1200\" height=\"675\" preload=\"metadata\" controls=\"controls\"><source type=\"video\/mp4\" src=\"http:\/\/www.freiefarbe.de\/wp-content\/uploads\/2017\/07\/1703_01_02_work_sicherer_CMYK_Workflow.mp4?_=2\" \/><a href=\"http:\/\/www.freiefarbe.de\/wp-content\/uploads\/2017\/07\/1703_01_02_work_sicherer_CMYK_Workflow.mp4\">http:\/\/www.freiefarbe.de\/wp-content\/uploads\/2017\/07\/1703_01_02_work_sicherer_CMYK_Workflow.mp4<\/a><\/video><\/div>\n<p>&nbsp;<\/p>\n<div style=\"width: 1200px;\" class=\"wp-video\"><video class=\"wp-video-shortcode\" id=\"video-2434-3\" width=\"1200\" height=\"675\" preload=\"metadata\" controls=\"controls\"><source type=\"video\/mp4\" src=\"http:\/\/www.freiefarbe.de\/wp-content\/uploads\/2017\/07\/1703_01_03_work_ohne_CMYK_Workflow.mp4?_=3\" \/><a href=\"http:\/\/www.freiefarbe.de\/wp-content\/uploads\/2017\/07\/1703_01_03_work_ohne_CMYK_Workflow.mp4\">http:\/\/www.freiefarbe.de\/wp-content\/uploads\/2017\/07\/1703_01_03_work_ohne_CMYK_Workflow.mp4<\/a><\/video><\/div>\n<p>&nbsp;<\/p>\n<div style=\"width: 1200px;\" class=\"wp-video\"><video class=\"wp-video-shortcode\" id=\"video-2434-4\" width=\"1200\" height=\"675\" preload=\"metadata\" controls=\"controls\"><source type=\"video\/mp4\" src=\"http:\/\/www.freiefarbe.de\/wp-content\/uploads\/2017\/07\/1703_01_04_work_pruefen_in_Acrobat.mp4?_=4\" \/><a href=\"http:\/\/www.freiefarbe.de\/wp-content\/uploads\/2017\/07\/1703_01_04_work_pruefen_in_Acrobat.mp4\">http:\/\/www.freiefarbe.de\/wp-content\/uploads\/2017\/07\/1703_01_04_work_pruefen_in_Acrobat.mp4<\/a><\/video><\/div>\n<p>&nbsp;<\/p>\n<div style=\"width: 1200px;\" class=\"wp-video\"><video class=\"wp-video-shortcode\" id=\"video-2434-5\" width=\"1200\" height=\"675\" preload=\"metadata\" controls=\"controls\"><source type=\"video\/mp4\" src=\"http:\/\/www.freiefarbe.de\/wp-content\/uploads\/2017\/07\/1703_01_05_work_pruefen_in_pdfToolbox.mp4?_=5\" \/><a href=\"http:\/\/www.freiefarbe.de\/wp-content\/uploads\/2017\/07\/1703_01_05_work_pruefen_in_pdfToolbox.mp4\">http:\/\/www.freiefarbe.de\/wp-content\/uploads\/2017\/07\/1703_01_05_work_pruefen_in_pdfToolbox.mp4<\/a><\/video><\/div>\n<p>&nbsp;<\/p>\n<div style=\"width: 1200px;\" class=\"wp-video\"><video class=\"wp-video-shortcode\" id=\"video-2434-6\" width=\"1200\" height=\"675\" preload=\"metadata\" controls=\"controls\"><source type=\"video\/mp4\" src=\"http:\/\/www.freiefarbe.de\/wp-content\/uploads\/2017\/07\/1703_01_06_work_Fazit_sicherer_CMYK_Workflow.mp4?_=6\" \/><a href=\"http:\/\/www.freiefarbe.de\/wp-content\/uploads\/2017\/07\/1703_01_06_work_Fazit_sicherer_CMYK_Workflow.mp4\">http:\/\/www.freiefarbe.de\/wp-content\/uploads\/2017\/07\/1703_01_06_work_Fazit_sicherer_CMYK_Workflow.mp4<\/a><\/video><\/div>[:]\n","protected":false},"excerpt":{"rendered":"[:de] Verabschieden Sie sich vom CMYK Workflow! In mehreren Videos zeigt Peter J\u00e4ger, dass der in der Druckvorstufe&hellip;\n","protected":false},"author":3,"featured_media":0,"parent":6025,"menu_order":0,"comment_status":"closed","ping_status":"closed","template":"","meta":{"_oasis_is_in_workflow":0,"_oasis_original":0,"footnotes":""},"class_list":["post-2434","page","type-page","status-publish"],"_links":{"self":[{"href":"https:\/\/freiefarbe.de\/en\/wp-json\/wp\/v2\/pages\/2434","targetHints":{"allow":["GET"]}}],"collection":[{"href":"https:\/\/freiefarbe.de\/en\/wp-json\/wp\/v2\/pages"}],"about":[{"href":"https:\/\/freiefarbe.de\/en\/wp-json\/wp\/v2\/types\/page"}],"author":[{"embeddable":true,"href":"https:\/\/freiefarbe.de\/en\/wp-json\/wp\/v2\/users\/3"}],"replies":[{"embeddable":true,"href":"https:\/\/freiefarbe.de\/en\/wp-json\/wp\/v2\/comments?post=2434"}],"version-history":[{"count":0,"href":"https:\/\/freiefarbe.de\/en\/wp-json\/wp\/v2\/pages\/2434\/revisions"}],"up":[{"embeddable":true,"href":"https:\/\/freiefarbe.de\/en\/wp-json\/wp\/v2\/pages\/6025"}],"wp:attachment":[{"href":"https:\/\/freiefarbe.de\/en\/wp-json\/wp\/v2\/media?parent=2434"}],"curies":[{"name":"wp","href":"https:\/\/api.w.org\/{rel}","templated":true}]}}