{"id":22,"date":"2017-01-28T12:48:46","date_gmt":"2017-01-28T11:48:46","guid":{"rendered":"http:\/\/testumgebung.dtpstudio.de\/?page_id=22"},"modified":"2022-10-18T15:07:05","modified_gmt":"2022-10-18T15:07:05","slug":"ueber-uns-2","status":"publish","type":"page","link":"https:\/\/freiefarbe.de\/en\/ueber-uns-2\/","title":{"rendered":"About us"},"content":{"rendered":"[:de]\n<h1 id=\"was-wir-wollen\">Was wir wollen<\/h1>\n<p>Der Verein freieFarbe m\u00f6chte die Farbkommunikation f\u00f6rdern. Wir verfolgen keine erwerbswirtschaftlichen Ziele.<\/p>\n<p>Wir m\u00f6chten Entwicklungen f\u00f6rdern, die \u2026<\/p>\n<ul>\n<li>Farbe berechenbar machen<\/li>\n<li>Farbe stufenlos anwendbar machen<\/li>\n<li>Farbsysteme vergleichbar machen<\/li>\n<li>Farbkommunikation vereinfachen<\/li>\n<li>keine Lizenzkosten verursachen<\/li>\n<li>Tipps und Hinweise geben zu einem crossmedial korrekten Farbenworkflow<\/li>\n<li>das vielfache Mysterium Farbe verst\u00e4ndlich machen<\/li>\n<\/ul>\n<p>Kurz gesagt: <em>Farbe von Fesseln befreien!<\/em> Es gibt viele gute Ans\u00e4tze hierf\u00fcr, diese Website m\u00f6chte sie darstellen und b\u00fcndeln.<\/p>\n<p>Wir m\u00f6chten einen offenen und konstruktiven Dialog der M\u00f6glichkeiten ansto\u00dfen, hieran kann sich jeder beteiligen.<\/p>\n<h2 id=\"beispiel-resedagruen-braucht-freiefarbe\">Beispiel: Resedagr\u00fcn braucht freieFarbe<\/h2>\n<p><small>Reinhard Zerfa\u00df, grafodesign Trendelburg<\/small><\/p>\n<p>Wenn wir als Grafikdesigner bestimmte Farbvorgaben eines Kunden in diversen Werbemedien umsetzen m\u00fcssen, ist das manches Mal gar nicht so einfach wie gedacht. Sicherlich ist es am Computer m\u00f6glich, beliebige Farbt\u00f6ne in RGB visuell anzuzeigen, aber es gibt bei der Umsetzung oft Probleme. Die Farbanbieter stellen n\u00e4mlich nicht jeden Farbton als reine Farbe zur Verf\u00fcgung.<\/p>\n<p>Als Beispiel soll hier der in der Maschinenindustrie weit verbreitete Lackton RAL 6011 (Resedagr\u00fcn) dienen. Diesen Farbton kann ich zwar in RGB visuell nachbauen, wenn ich aber diese gefundenen Farbe als Druckfarbe umrechnen m\u00f6chte, geht dieser Vorgang mit 100%iger Sicherheit daneben. Warum?<\/p>\n<ul>\n<li>Punkt 1. Ich habe keine M\u00f6glichkeit, ohne zus\u00e4tzliche Software RAL-Farben in den Farbbibliotheken eines Computers bzw. entsprechender Software auszuw\u00e4hlen.<\/li>\n<li>Punkt 2. Diese vorhandenen Farbbibliotheken bieten mir neben exotischen Farbmodellen nur noch HKS- und Pantone-Farbvorlagen an.<\/li>\n<li>Punkt 3. HKS ist als reine Druckfarbe die richtige Wahl, es gibt diesen gew\u00fcnschten Farbton aber nicht.<\/li>\n<\/ul>\n<p>Was kann ich alternativ tun? Ich bin entweder gezwungen, RAL 6011 aus den 4 Druckfarben Cyan, Magenta, Yellow &amp; Black nachzuahmen oder meinen PC mit spezieller Software f\u00fcr die Umrechnung aufzur\u00fcsten.<\/p>\n<p>Dieses Beispiel zeigt uns, dass Farbe (oder besser gesagt spezielle Farbt\u00f6ne) nicht einfach umgerechnet und exportiert werden k\u00f6nnen.<\/p>\n<p>Das Ziel von freieFarbe ist es nun, jeden Farbton anbieterneutral berechenbar zu machen, um ihn damit auf allen Oberfl\u00e4chen und Materialien einsetzen zu k\u00f6nnen.<\/p>\n<h2 id=\"gruender-der-initiative-und-des-vereins\">Gr\u00fcnder der Initiative und des Vereins<\/h2>\n<p>&nbsp;<\/p>\n<div class=\"statement\">\n<h3 id=\"juergen-opitz-%e2%80%a0architekt-fachplaner-fuer-farbe\">J\u00fcrgen Opitz \u2020<br \/>\nArchitekt, Fachplaner f\u00fcr Farbe<\/h3>\n<p><img loading=\"lazy\" decoding=\"async\" class=\"alignright wp-image-472 size-thumbnail\" src=\"https:\/\/freiefarbe.de\/wp-content\/uploads\/2017\/01\/juergenopitz-150x150-1.jpg\" width=\"150\" height=\"150\"><br \/>\nDie digitalen Techniken f\u00fcr das Entwickeln von Farbideen und -entw\u00fcrfen, deren Darstellung und Kommunikation bis hin zur Fertigung haben das Potenzial zu einem revolution\u00e4ren Paradigmenwandel in der Farbkultur. In der Konzeption gestattet der Computer \u00e4u\u00dferste Sensibilit\u00e4t (fast) ohne technische Schwierigkeiten und in der Fertigung ist ein H\u00f6chstma\u00df an Pr\u00e4zision technisch m\u00f6glich. Doch zwischen diesen beiden Enden der Produktionskette haben die einzelnen Interessen ein un\u00fcberschaubares Klein-Klein an propriet\u00e4ren und niemals umfassenden, daf\u00fcr aber kostentreibenden Zwischenl\u00f6sungen gestellt, \u00e4hnlich der Zollgrenzen zur Zeit des Feudalismus.<\/p>\n<p>Der ideale Workflow der Entwerfens sollte vom Computermonitor aus direkt in die Produktion verlaufen, ohne Spezialsoftware, ohne vom Konzept abweichende Kompromisse mit Herstellerkollektionen, ohne lizenzrechtliche Beschr\u00e4nkungen, in Freiheit.<\/p>\n<p>Ich sehe meine Aufgabe bei \u201cfreieFarbe\u201d darin, die Chancen der noch relativ jungen Technik mit neuartigen Entwurfsstrategien aufzuzeigen und mich f\u00fcr die Einsicht in die Vorteile einer durchg\u00e4ngigen und universellen Kommunikations- und Produktionskette im Farbigen zu engagieren.<\/p>\n<\/div>\n<div class=\"statement\">\n<h3 id=\"reinhard-zerfasswerbeagentur-grafodesign\">Reinhard Zerfa\u00df<br \/>\nWerbeagentur grafodesign<\/h3>\n<p><img loading=\"lazy\" decoding=\"async\" class=\"alignright wp-image-470 size-thumbnail\" src=\"http:\/\/www.freiefarbe.de\/wp-content\/uploads\/2017\/04\/reinhardzerfass-150x150.jpg\" width=\"150\" height=\"150\"><br \/>\nIch bin als Werbegrafiker, Fotograf und Videograf ganzt\u00e4gig von Farbe umgeben. Farbe ist f\u00fcr mich das perfekte Gestaltungsmittel, um Empfindungen zum Ausdruck zu bringen. Neben Bildaufbau und Seitenlayout kann ich gezielt Farbe einsetzen, um Freude, Trauer, Erregung und Sentimentalit\u00e4t auszudr\u00fccken. Meine Arbeiten haben immer eine Bildsprache, die ich mit Farbe bzw. einer ganz bestimmten Farbwahl dem Betrachter vermitteln m\u00f6chte.<\/p>\n<p>Wie aber setze ich nun Farbe ein? Wie gelingt es mir, exakte Farben von der Aufnahme bis zum fertigen Ausdruck beizubehalten? Wie kann ich Farben so beeinflussen, dass mein Wunschdesign so dargestellt wird, wie ich es will?<\/p>\n<p>Spannende Fragen, die nur mit dem Einsatz freier Farben umsetzbar sind.<\/p>\n<\/div>\n<div class=\"statement\">\n<h3 id=\"peter-jaegerpro2media-gmbh\">Peter J\u00e4ger<br \/>\npro2media GmbH<\/h3>\n<p><img loading=\"lazy\" decoding=\"async\" class=\"alignright wp-image-471 size-thumbnail\" src=\"http:\/\/www.freiefarbe.de\/wp-content\/uploads\/2017\/04\/peterjaeger-150x150.jpg\" width=\"150\" height=\"150\"><\/p>\n<p>Crossmedia ist in aller Munde! Doch was bekomme ich f\u00fcr Daten von Grafikern, Fotografen und Layoutern? Sind die Dateien wirklich medienneutral und aufbereitet f\u00fcr \u00abCrossmediales Publizieren\u00bb? Wer ber\u00e4t den Kunden in solchen Fragen? Ist dies die Sachbearbeitung in einer Druckerei?<\/p>\n<p>Mit dem Team von freieFarbe gemeinsam Antworten auf all diese Fragen zu finden, darauf freu ich mich!<\/p>\n<p><a href=\"http:\/\/www.freiefarbe.de\/wp-content\/uploads\/2017\/03\/Intro_fF_Peter_v2.mp4\">Video-Download: warum unterst\u00fctze ich freieFarbe?<\/a><\/p>\n<\/div>\n<div class=\"statement\">\n<h3 id=\"holger-everdingdtp-studio-oldenburg\">Holger Everding<br \/>\ndtp studio oldenburg<\/h3>\n<p><img loading=\"lazy\" decoding=\"async\" class=\"alignright wp-image-476 size-thumbnail\" src=\"http:\/\/www.freiefarbe.de\/wp-content\/uploads\/2017\/04\/holgereverding-150x150.jpg\" width=\"150\" height=\"150\"><br \/>\n1993, eines nachts um halb vier, hatte ich eine Idee: warum sind eigentlich in den \u00fcblichen Softwareprogrammen nur amerikanische Farbsysteme? Sollte man dies nicht \u00e4ndern? Gesagt getan \u2026 Es folgten ca. 25 Jahre Farbensoftware: RAL Digital, HKS DTP Paket, NCS f\u00fcr Adobe CC, Digitaler Farbatlas, DCS BOOK Software Edition, Colors! und andere Produkte stammen aus meiner Feder.<\/p>\n<p>Hierbei habe ich festgestellt: Die Arbeit mit Farbe k\u00f6nnte einfacher sein, wenn man die im Computer mitgelieferten Farbsysteme besser nutzen w\u00fcrde. Mit RGB oder CIELAB legt man sich nicht von vornherein auf einen Hersteller fest. Diese Modelle sind dar\u00fcberhinaus frei berechenbar, z.B. f\u00fcr Zwischenfarben, Farbharmonien, Farbvergleiche usw., drittens haben sie als mathematische Modelle keinen Urheber, und sie d\u00fcrfen daher frei ver\u00f6ffentlicht werden. Gute Gr\u00fcnde also, diese Modelle st\u00e4rker zu f\u00f6rdern, ihnen mit &#8222;freieFarbe&#8220; eine Lobby zu geben.<\/p>\n<\/div>\n<div class=\"statement\">\n<h3 id=\"eric-a-soderpolygrafix-ch\">Eric A. Soder<br \/>\npolygrafix.ch<\/h3>\n<p><img loading=\"lazy\" decoding=\"async\" class=\"alignright wp-image-475 size-thumbnail\" src=\"http:\/\/www.freiefarbe.de\/wp-content\/uploads\/2017\/04\/ericsoder-150x150.jpg\" width=\"150\" height=\"150\"><br \/>\nAls Fotograf und Mediendesigner lege ich Wert auf einen kontrollierten, pr\u00e4zisen Umgang mit Farben. Dazu geh\u00f6rt nicht nur ein durchgehendes Farbmanagement, sondern idealerweise auch eine grundlegend medienneutrale Definition von Farben. In einer digitalen Welt finde ich propriet\u00e4re und verfahrensspezifische Ans\u00e4tze \u00fcberholt; stattdessen lassen sich Farben mit einem Farbsystem auf der Basis von CIELAB bzw. HLC allgemeing\u00fcltig und genau reproduzierbar festlegen.<\/p>\n<\/div>\n<h2 id=\"aus-der-initiative-wurde-ein-gemeinnuetziger-verein\">Aus der Initiative wurde ein gemeinn\u00fctziger Verein<\/h2>\n<figure style=\"width: 600px\" class=\"wp-caption aligncenter\"><img decoding=\"async\" class=\"beitragsbild alignright\" src=\"https:\/\/freiefarbe.de\/wp-content\/uploads\/2020\/10\/kennenlerntreff-2014.jpg\" alt=\"\"><figcaption class=\"wp-caption-text\">Gr\u00fcndungstreffen der Initiative auf der Trendelburg 2014: Prof. Alexander Sahoo, Holger Everding, Reinhard Zerfa\u00df, J\u00fcrgen Opitz<\/figcaption><\/figure>\n<p>Die erste Ideen gehen zur\u00fcck bis 2012, als wir erkannten, dass die L\u00f6sungen der wichtigsten Farbanbieter die Arbeit mit Farbe eher behindern als f\u00f6rdern. Wir gr\u00fcndeten die Initiative &#8222;freieFarbe&#8220; und nahmen uns vor, &#8222;Farbe von Fesseln zu befreien&#8220;.<\/p>\n<p>Am 23.03.2016 erfolgte die Gr\u00fcndung eines gemeinn\u00fctzigen Verein (e.V.) nach deutschem Recht. Finanzamt und deutsche Gerichtsbarkeit stellen hieran hohe Anforderungen und freieFarbe soll nicht in erster Linie uns selbst, sondern der Allgemeinheit dienen. Nichtsdestotrotz bietet die Idee auch in kommerzieller Hinsicht gro\u00dfe Marktl\u00fccken, und wir m\u00f6chten jeden dabei unterst\u00fctzen, sie auszuf\u00fcllen.<\/p>\n<p><b>Werden Sie Teil der Farbrevolution und engagieren Sie sich f\u00fcr eine gute Sache: werden Sie Mitglied.<\/b><\/p>\n<p>Laden Sie hier die Unterlagen herunter: die <a title=\"Satzung\" href=\"http:\/\/www.freiefarbe.de\/wp-content\/uploads\/2018\/12\/Satzung_freieFarbe_e_V_2017.pdf\" target=\"_blank\" rel=\"noopener noreferrer\">Vereinssatzung<\/a> und das <a href=\"http:\/\/www.freiefarbe.de\/wp-content\/uploads\/2017\/03\/mg-formular.zip\">Beitrittsformular<\/a>[:en]\n<div class=\"art-postcontent\">\n<h1 id=\"what-we-want\">What we want<\/h1>\n<p>The association freieFarbe wants to promote the color communication. We do not pursue economical aims.<\/p>\n<p>We want to promote developments which<\/p>\n<ul>\n<li>make color calculable<\/li>\n<li>make color stepless adaptable<\/li>\n<li>make color systems comparable<\/li>\n<li>simplify color communication<\/li>\n<li>generate no licence costs<\/li>\n<li>give hints and tips for a cross-medial workflow<\/li>\n<li>make the mystery of color understandable<\/li>\n<\/ul>\n<p>In short: <em>Liberate color from chains!<\/em> There are many good approaches for it, this website wants to show and promote them.<\/p>\n<p>We want an open and constructive dialog of possibilities, everyone can take part.<\/p>\n<hr>\n<h1 id=\"example-resedagreen-needs-freecolour\">Example: Resedagreen needs freeColour<\/h1>\n<p><small>Reinhard Zerfa\u00df, grafodesign Trendelburg<\/small><\/p>\n<p>If a graphic designer has to implement determined colour specifications of a customer in various media, it is not always as easy as thought. Surely it is possible to display any colour tone in RGB on the computer, but problems can often occur in the realisation of the material output. Manufacturers do not make every colour available as a ready-to-use ink or paint.<\/p>\n<p>For example, we take the varnish color RAL 6011 which is popular in the machine industry. This color can be recreated in RGB, but converting it to a printing ink is not possible. Why?<\/p>\n<ul>\n<li>There is no possibility to choose RAL colours on the computer without special software.<\/li>\n<li>The given color libraries just have exotic colour systems and HKS and Pantone.<\/li>\n<li>HKS would be the right choice for print, but the intended tone is not part of the collection.<\/li>\n<\/ul>\n<p>And now? One possibility is to recreate RAL 6011 from Cyan, Magenta, Yellow and Black. The other one is to buy special software for conversion.<\/p>\n<p>This example shows that colour (or more precisely: specific color) cannot easily be converted and exported.<\/p>\n<p>The aim of freieFarbe is to make every colour tone supplier-independently convertible so it can be used on every material and surface.<\/p>\n<\/div>\n<hr>\n<h1 id=\"founders\">Founders<\/h1>\n<p>&nbsp;<\/p>\n<div class=\"statement\">\n<h2 id=\"juergen-opitz-%e2%80%a0architect-specialist-planner-for-colors\">J\u00fcrgen Opitz \u2020<br \/>\nArchitect, specialist planner for colors<\/h2>\n<p><img loading=\"lazy\" decoding=\"async\" class=\"alignright wp-image-472 size-thumbnail\" src=\"https:\/\/freiefarbe.de\/wp-content\/uploads\/2017\/01\/juergenopitz-150x150-1.jpg\" width=\"150\" height=\"150\"><br \/>\nThe digital technologies for the development of color ideas and design, their presentation, communication, and production have the potential for a revolutionary paradigm shift in the culture of colors. In the conception the computer allows extreme sensibility almost without technical problems, and in the production a maximum of precision is technically possible. But between these two ends of the production chain, individual interests have set a vast and never comprehensive but cost-intensive interim solution, similar to the customs boundary in times of the feudalism.<\/p>\n<p>The ideal workflow of designing should go straight from the computer monitor to the production without special software, without different compromises from the concept with manufacturer collections, without licence regulations, in freedom.<\/p>\n<p>My task in &#8222;FreieFarbe&#8220; I see in showing the chances of the relatively young technology with new design strategies and in engaging for the access to the advantages of a consistent and universal communication and production chain in the colors.<\/p>\n<\/div>\n<div class=\"statement\">\n<h2 id=\"reinhard-zerfassadvertising-agency-grafodesign\">Reinhard Zerfa\u00df<br \/>\nAdvertising agency grafodesign<\/h2>\n<p><img loading=\"lazy\" decoding=\"async\" class=\"alignright wp-image-470 size-thumbnail\" src=\"http:\/\/www.freiefarbe.de\/wp-content\/uploads\/2017\/04\/reinhardzerfass-150x150.jpg\" width=\"150\" height=\"150\"><br \/>\nAs a commercial artist, photographer and videographer, I am surrounded with colors the whole day. Color is the perfect design medium for me to express feelings. Besides image composition and page layout, I can use targeted colors to express joy, grief, excitement and sentiment. My work always has a visual language which I want to convey to the viewer with color or a determined color selection.<\/p>\n<p>But how to use color? How is it possible to maintain an exact color from recording to completed print? How can I influence the colors that my desired design is portrayed as I want to?<\/p>\n<p>Exciting questions, which are only workable with FreieFarbe.<\/p>\n<\/div>\n<div class=\"statement\">\n<h2 id=\"peter-jaegerpre2media-gmbh\">Peter J\u00e4ger<br \/>\npre2media GmbH<\/h2>\n<p><img loading=\"lazy\" decoding=\"async\" class=\"alignright wp-image-471 size-thumbnail\" src=\"http:\/\/www.freiefarbe.de\/wp-content\/uploads\/2017\/04\/peterjaeger-150x150.jpg\" width=\"150\" height=\"150\"><\/p>\n<p>Cross-media is extremly fashionable. But what type of data do I get from graphic designers, photographers and layout artists? Are the files really media-neutral and prepared for cross-medial publication? Who advises the customer in this questions? Is this the processing in a printing shop?<\/p>\n<p>Finding answers to all these questions together with the team of FreieFarbe, this is what I am looking forward to.<\/p>\n<p><a href=\"http:\/\/www.freiefarbe.de\/wp-content\/uploads\/2017\/03\/Intro_fF_Peter_v2.mp4\">Video-Download: why do I support freieFarbe?<\/a><\/p>\n<\/div>\n<div class=\"statement\">\n<h2 id=\"holger-everdingdtp-studio-oldenburg-2\">Holger Everding<br \/>\ndtp studio oldenburg<\/h2>\n<p><img loading=\"lazy\" decoding=\"async\" class=\"alignright wp-image-476 size-thumbnail\" src=\"http:\/\/www.freiefarbe.de\/wp-content\/uploads\/2017\/04\/holgereverding-150x150.jpg\" width=\"150\" height=\"150\"><br \/>\nIn 1993, one night at half past three, I had an idea: why are there only American color systems in the usual software programs? Shouldn&#8217;t this be changed? No sooner said than done&#8230; About 25 years of colour software followed: RAL Digital, HKS DTP package, NCS for Adobe CC, Digitaler Farbatlas, DCS BOOK Software Edition, Colors! and other products were written by me.<\/p>\n<p>This is where I found out Working with color could be easier if you made better use of the color systems that came with your computer. With RGB or CIELAB you do not commit yourself to one manufacturer from the outset. Furthermore, these models are freely calculable, e.g. for intermediate colours, colour harmonies, colour comparisons etc., thirdly they have no originator as mathematical models, and they may therefore be freely published. Good reasons, therefore, to promote these models more strongly, to give them a lobby with &#8222;free colour&#8220;.<\/p>\n<\/div>\n<div class=\"statement\">\n<h2 id=\"eric-a-soderpolygrafix-ch-2\">Eric A. Soder<br \/>\npolygrafix.ch<\/h2>\n<p><img loading=\"lazy\" decoding=\"async\" class=\"alignright wp-image-475 size-thumbnail\" src=\"http:\/\/www.freiefarbe.de\/wp-content\/uploads\/2017\/04\/ericsoder-150x150.jpg\" width=\"150\" height=\"150\"><br \/>\nAs a photographer and media designer, I want a controlled and precise handling of colours. This does not only require end-to-end colour management but ideally also a fundamentally media-neutral definition of colour. In my opinion, proprietary and process-specific approaches are out-dated in the digital world. Instead of that, a colour system based on CIELAB or HLC will let us specify colours universally and make them precisely reproducible.<\/p>\n<\/div>\n<h2 id=\"registered-association\">Registered association<\/h2>\n<p>Since October 2016, we are recognised under German law and registered as a charitable organization.<\/p>\n<p>Become a part of the colour revolution, and engage in a good thing: Support us or become a member. Donations and contributions are tax-deductible.<\/p>\n<p>Download the corresponding documents here: <a title=\"Satzung\" href=\"http:\/\/www.freiefarbe.de\/wp-content\/uploads\/2018\/12\/Satzung_freieFarbe_e_V_2017.pdf\" target=\"_blank\" rel=\"noopener noreferrer\">articles of association<\/a> and <a href=\"https:\/\/www.freiefarbe.de\/wp-content\/uploads\/2017\/03\/mg-formular-ostern2017.zip\">membership form<\/a>.<\/p>\n<hr>\n<h3 id=\"freecolour-or-freecolor\">FreeColour or FreeColor?<\/h3>\n<p>Both! As color liberation is important worldwide, some prefer the American spelling &#8222;color&#8220;. With the domain name &#8222;freecolour.org&#8220;, we selected the British\/international variant for reasons of availability and due to our European domicile.<\/p>\n<p>&nbsp;[:]\n","protected":false},"excerpt":{"rendered":"[:de] Was wir wollen Der Verein freieFarbe m\u00f6chte die Farbkommunikation f\u00f6rdern. Wir verfolgen keine erwerbswirtschaftlichen Ziele. Wir m\u00f6chten&hellip;\n","protected":false},"author":3,"featured_media":169,"parent":0,"menu_order":1,"comment_status":"closed","ping_status":"closed","template":"","meta":{"_oasis_is_in_workflow":0,"_oasis_original":0,"footnotes":""},"class_list":["post-22","page","type-page","status-publish","has-post-thumbnail"],"_links":{"self":[{"href":"https:\/\/freiefarbe.de\/en\/wp-json\/wp\/v2\/pages\/22","targetHints":{"allow":["GET"]}}],"collection":[{"href":"https:\/\/freiefarbe.de\/en\/wp-json\/wp\/v2\/pages"}],"about":[{"href":"https:\/\/freiefarbe.de\/en\/wp-json\/wp\/v2\/types\/page"}],"author":[{"embeddable":true,"href":"https:\/\/freiefarbe.de\/en\/wp-json\/wp\/v2\/users\/3"}],"replies":[{"embeddable":true,"href":"https:\/\/freiefarbe.de\/en\/wp-json\/wp\/v2\/comments?post=22"}],"version-history":[{"count":4,"href":"https:\/\/freiefarbe.de\/en\/wp-json\/wp\/v2\/pages\/22\/revisions"}],"predecessor-version":[{"id":6760,"href":"https:\/\/freiefarbe.de\/en\/wp-json\/wp\/v2\/pages\/22\/revisions\/6760"}],"wp:featuredmedia":[{"embeddable":true,"href":"https:\/\/freiefarbe.de\/en\/wp-json\/wp\/v2\/media\/169"}],"wp:attachment":[{"href":"https:\/\/freiefarbe.de\/en\/wp-json\/wp\/v2\/media?parent=22"}],"curies":[{"name":"wp","href":"https:\/\/api.w.org\/{rel}","templated":true}]}}