{"id":182,"date":"2017-02-01T10:51:57","date_gmt":"2017-02-01T09:51:57","guid":{"rendered":"http:\/\/testumgebung.dtpstudio.de\/?page_id=182"},"modified":"2017-02-01T10:51:57","modified_gmt":"2017-02-01T09:51:57","slug":"web-links","status":"publish","type":"page","link":"https:\/\/freiefarbe.de\/en\/thema-farbe\/web-links\/","title":{"rendered":"Web links"},"content":{"rendered":"[:de]\n<h1 id=\"freie-farbe-im-internet\">Freie Farbe im Internet<\/h1>\n<p>FreieFarbe ist offensichtlich ein weltweites Bed\u00fcrfnis. Dazu ein unendlich spannendes, lebendiges, kreatives Thema, das nicht nur uns seit vielen Jahren fasziniert.<\/p>\n<h2 id=\"webseiten-zum-thema\">Webseiten zum Thema<\/h2>\n<h4 id=\"internationale-beleuchtungskommission-cie\"><a href=\"http:\/\/www.cie.co.at\/\" target=\"_blank\" rel=\"noopener noreferrer\">Internationale Beleuchtungskommission (CIE)<\/a><\/h4>\n<p>Diese Kommission entwickelt seit den 1930er Jahren die Theorie zum CIELAB-Farbraum. Informationen zu den verschiedenen CIE-Farbmodellen und zu den Publikationen.<\/p>\n<h4 id=\"international-color-consortium\"><a href=\"http:\/\/www.color.org\/\" target=\"_blank\" rel=\"noopener noreferrer\">International Color Consortium<\/a><\/h4>\n<p>Zusammenschluss aller namhaften Hersteller im grafischen Gewerbe, um einen einheitlichen Standard f\u00fcr Farbprofile zu definieren (ICC-Standard). Unter anderem finden Sie die jeweils aktuelle Spezifikation des ICC-Standards zum Download.<\/p>\n<h4 id=\"fogra\"><a href=\"http:\/\/www.fogra.org\/\" target=\"_blank\" rel=\"noopener noreferrer\">FOGRA<\/a><\/h4>\n<p>Deutsches Forschungsinstitut f\u00fcr das grafische Gewerbe und Mitinitiator des ICC-Standards. Unter anderem finden Sie hier ICC-Profile f\u00fcr den standardisierten Offsetdruck nach FOGRA\/BVD.<\/p>\n<h4 id=\"european-color-initiative\"><a href=\"http:\/\/www.eci.org\/doku.php?id=de:start\" target=\"_blank\" rel=\"noopener noreferrer\">European Color Initiative<\/a><\/h4>\n<p>Weitestgehend deutscher Zusammenschluss von Colormanagement-Anwendern. Fokus auf medienneutrale Bilddatenbanken und Colormanagement im Umfeld des Tiefdrucks.<\/p>\n<h4 id=\"colour-vision-research-laboratory-university-college-london\"><span class=\"arial\"><a href=\"http:\/\/cvrl.ucl.ac.uk\/\" target=\"_blank\" rel=\"noopener\">Colour &amp; Vision Research Laboratory, University College London<\/a><\/span><\/h4>\n<p>Andrew Stockman und seine Crew stellen die wichtigsten Funktionen f\u00fcr Lichtart und Normalbeobachter in 10nm und 5nm Schritten online zur Verf\u00fcgung, sowohl in logarithmischer als auch in linearer Skalierung, als Zahlen oder als Plot. Daneben auch diverses anderes Material. Eine echte Fundgrube, wenn man Farbtheorie von Grund auf programmieren m\u00f6chte.<\/p>\n<h4 id=\"color-group\"><a href=\"http:\/\/www.city.ac.uk\/colourgroup\/index.html\" target=\"_blank\" rel=\"noopener noreferrer\">Color Group<\/a><\/h4>\n<p>An interdisciplinary society that draws together those concerned with different aspects of colour \u2013 its measurement, reproduction and perception<\/p>\n<h4 id=\"farbe-com\"><a href=\"http:\/\/www.farbe.com\/\" target=\"_blank\" rel=\"noopener noreferrer\">Farbe.com<\/a><\/h4>\n<p>Forum, in dem jeder Beitr\u00e4ge zum Thema Farbe ver\u00f6ffentlichen kann. Zahlreiche Bereiche der Farbe, vom Baumarkt bis zur Farbtheorie werden in kurzer Form behandelt. Praxisbezogene Themen stehen im Vordergrund. Leider etwas veraltet.<\/p>\n<h4 id=\"farbimpulse\"><a href=\"http:\/\/www.farbimpulse.de\/\" target=\"_blank\" rel=\"noopener noreferrer\">Farbimpulse<\/a><\/h4>\n<p>Das Onlinemagazin der Firma Brillux f\u00fcr Farbe in Wissenschaft und Praxis mit Einf\u00fchrungen in Farbsysteme, -theorie, -forschung, -praxis und -wirkung.<\/p>\n<h4 id=\"paint-quality-institute\"><a href=\"http:\/\/www.farbqualitaet.de\/\" target=\"_blank\" rel=\"noopener noreferrer\">Paint Quality Institute<\/a><\/h4>\n<p>Tipps und Tricks zum erfolgreichen Umgang mit Farbe. Die richtige Farbwahl, L\u00f6sungen bei Farbproplemen, dekorieren mit Farbe, wie streicht man richtig und vieles andere mehr. Ein Angebot der Rohm + Haas Company (USA).<\/p>\n<h4 id=\"virtualcolor-museum-urs-baumann\"><a href=\"http:\/\/www.colorsystem.com\/\" target=\"_blank\" rel=\"noopener noreferrer\">VirtualColor Museum \u2013 Urs Baumann<\/a><\/h4>\n<p>Das virtuelle Farbmuseum zu dem Buch \u201cFarbsysteme in Kunst und Wissenschaft\u201d. Die Informationen reichen von der Kulturgeschichte der Farben bis zum virtuell begehbaren Farbraum (Java). Sehr sehenswert.<\/p>\n<h4 id=\"metacolor-de-birgit-hallenberger-und-hartmut-rudolf\"><a href=\"http:\/\/www.metacolor.de\/\" target=\"_blank\" rel=\"noopener noreferrer\">Metacolor.de \u2013 Birgit Hallenberger und Hartmut Rudolf<\/a><\/h4>\n<p>Tutorial zur Farbenlehre. Brigitte Hallenberger (Kommunikationswirtin) und Hartmut Rudolf (Webdesigner) halten einen ausf\u00fchrlichen Abriss zur Farbenlehre bereit, welcher auch praktische Ans\u00e4tze enth\u00e4lt (z.B. wie gestalte ich meine Website?)<\/p>\n<h4 id=\"farbmetrik-ludwig-gall\"><a href=\"http:\/\/www.farbmetrik-gall.de\/\" target=\"_blank\" rel=\"noopener noreferrer\">Farbmetrik \u2013 Ludwig Gall<\/a><\/h4>\n<p>Die Familie des vor 2009 verstorbenen Entwicklers des (mittlerweile stark ver\u00e4nderten) RAL DESIGN Systems erh\u00e4lt noch immer dessen Website aufrecht. Der langj\u00e4hrige Leiter der Farbmetrik bei der BASF war einer der besten Kenner von Farbe und CIELAB. Die Website bietet viele Erl\u00e4uterungen zu Farbmetrik und -Rezeptur sowie CIELAB-basierte Berechnungstabellen f\u00fcr praktische Fragestellungen.<\/p>\n<h4 id=\"colormanagement-de-jan-peter-homann\"><a href=\"http:\/\/www.colormanagement.de\/\" target=\"_blank\" rel=\"noopener noreferrer\">colormanagement.de \u2013 Jan-Peter Homann<\/a><\/h4>\n<p>Eine Fundgrube zum Thema Farbe: Literaturverzeichnis, viele Links, Download hochwertiger ICC-Profile und eine \u00dcbersicht der Dienstleister im Bereich Colormanagement.<\/p>\n<h4 id=\"kuepperscolor-harald-kueppers\"><a href=\"http:\/\/www.kuepperscolor.de\/\" target=\"_blank\" rel=\"noopener noreferrer\">kuepperscolor \u2013 Harald K\u00fcppers<\/a><\/h4>\n<p>In seinen zahlreichen Publikationen vertritt Harald K\u00fcppers das von ihm entwickelte Modell des Rhomboeder-Farbraums. Er findet auch deutliche Worte zu Itten, CIELab und anderen. Lesenswert!<\/p>\n<h4 id=\"polygrafix-ch-eric-a-soder\"><a href=\"http:\/\/polygrafix.ch\/\" target=\"_blank\" rel=\"noopener noreferrer\">polygrafix.ch \u2013 Eric A. Soder<\/a><\/h4>\n<p>Die Website des Designers und Spezialisten f\u00fcr Digital Imaging bietet unter anderem auch vertiefte Infos zum Farbmanagement mit Schwerpunkt Monitorkalibrierung und Farbwiedergabe im Webbrowser.<\/p>\n<h4 id=\"farbmusik-hans-peter-kruesi\"><a href=\"http:\/\/www.farbmusik.com\/\" target=\"_blank\" rel=\"noopener noreferrer\">Farbmusik \u2013 Hans Peter Kruesi<\/a><\/h4>\n<p>\u201cDie FARBMUSIK-Konzerte von Hanspeter Kruesi begeistern sowohl die Liebhaber der klassischen wie auch der popul\u00e4ren Musikrichtungen.\u201d Die Website bietet ebenso ruhige wie passende Kompositionen zu einzelnen Farbbereichen. H\u00f6renswert!<\/p>\n<h4 id=\"colourmonics-studio-ulrich-hoegg\"><a href=\"http:\/\/www.colourmonics.de\/\" target=\"_blank\" rel=\"noopener noreferrer\">Colourmonics Studio \u2013 Ulrich Hoegg<\/a><\/h4>\n<p>Gibt es eine Verbindung zwischen musikalischen Harmonien (Akkorden) und Farbharmonien? In den 50er Jahren entwickelte Lili Eberhard zu dieser Frage Literatur und praktische Farbw\u00e4hler, womit man z.B. ein \u201cC-DUR auf Hellrot-Basis\u201d anzeigen kann. Urich Hoegg, der das Erbe heute verwaltet, hat eine Softwarel\u00f6sung entwickelt.<\/p>\n<h4 id=\"farbenlehre-eckhard-bendin\"><a href=\"http:\/\/www.bendin-color.de\/\" target=\"_blank\" rel=\"noopener noreferrer\">Farbenlehre \u2013 Eckhard Bendin<\/a><\/h4>\n<p>Der Designer und Dozent gibt eigene Materialien heraus (z.B. die \u201cFarbenkiste\u201d) und betreut die \u201cSammlung Farbenlehre\u201d an der Universit\u00e4t Dresden. Seine Farbenlehre steht in der Tradition von Wilhelm Ostwald.<\/p>\n<h4 id=\"farbthemen-andreas-schwarz\"><a href=\"http:\/\/www.dr-andreas-schwarz.de\/\" target=\"_blank\" rel=\"noopener noreferrer\">Farbthemen \u2013 Andreas Schwarz<\/a><\/h4>\n<p>Der Kunsthistoriker aus Essen bietet z.B. einen \u00dcberblick \u00fcber die Geschichte der Farbmodelle, vom eindimensionalen Farbenstrahl bei Aristoteles bis zum dreidimensionalen CIELAB-Modell. Daneben auch denkw\u00fcrdiges wie einen R\u00fcckblick auf Farbbestimmungsmethoden am Menschen.<\/p>\n<h4 id=\"farbentheorie-und-farbgestaltung-ingrid-crueger\"><a href=\"http:\/\/www.mediencommunity.de\/system\/files\/wbts\/farben_und_farbgestaltung\/index.html\">Farbentheorie und Farbgestaltung \u2013 Ingrid Crueger <\/a><\/h4>\n<p>Alles zur Farbentheorie und Farbgestaltung inklusive Farbharmonie, Wirkung von Farben und Richtlinien f\u00fcr den optimalen Einsatz von Farben.<\/p>\n<h4 id=\"synchromie-der-klang-der-farben-juergen-opitz\"><a href=\"http:\/\/www.synchromie.de\/\" target=\"_blank\" rel=\"noopener noreferrer\">Synchromie \u2013 der Klang der Farben \u2013 J\u00fcrgen Opitz<\/a><\/h4>\n<p>\u201cSynchromie ist der Name meines Gro\u00dfprojekts, das die Analogie zur klassischen Musik sucht, um in \u00e4hnlich verdichteten und planhaften Gestaltbildungen und rhythmischer Formtiefe Weltgesetzlichkeiten sinnlich in Farbe erfahrbar zu machen.\u201d Die Farb- und Lichteffekte ziehen jeden in ihren Bann.<\/p>\n<h4 id=\"farbkunst-martin-minde\"><a href=\"http:\/\/www.farbkunst-minde.de\/\" target=\"_blank\" rel=\"noopener noreferrer\">Farbkunst \u2013 Martin Minde<\/a><\/h4>\n<p>Martin Minde ist freier K\u00fcnstler und Farbkomponist. Er vertritt einen Ansatz, \u201cin dem spezifische Ph\u00e4nomene in farbformalen Schemen konkrete Gestalt annehmen, die bildhaft f\u00fcr das gesamte Potential m\u00f6glicher farbiger Varianten in gleicher Gestalt steht. In ihrer F\u00fclle k\u00f6nnen sie nur geistig, nicht mehr faktisch erschaut werden\u201d. Seine Komposition \u201cvereint im konkreten Bild, das unseren Geist f\u00fcr das ganze Potential unserer visuellen Natur \u00f6ffnet \u2013 auf dem Wege zu uns selbst.\u201d \u201cKosmische Formtiefe\u201d statt zuf\u00e4lliger Farben \u2013 sehen Sie selbst! Minde zeigt auch den Entwurf eines durchgehend gleichabst\u00e4ndigen Farbmodells.<\/p>\n<h4 id=\"galerie-bunt-walter-graessli\"><a href=\"http:\/\/www.waltergraessli.ch\/\" target=\"_blank\" rel=\"noopener noreferrer\">Galerie Bunt &#8211; Walter Graessli<\/a><\/h4>\n<p>Der pensionierte Lehrbeauftragte f\u00fcr Farbe bet\u00e4tigt sich heute als freier K\u00fcnstler in mehreren Bereichen. Sein Motto: <span class=\"Fliesstext2\">\u00abIch will Kunst als Poesie. Poesie! Kunst ist Poesie! Menschen brauchen Poesie. Das war von Anfang an so. Belehren tut die Theologie oder die Philosophie oder die Ethik. Aber nicht die Kunst. Kunst war immer Poesie. Und die besten K\u00fcnstler waren immer Poeten \u2013 alle anderen waren Handwerker.\u00bb Unter <a href=\"http:\/\/www.graesslifarbe.ch\">graesslifarbe.ch<\/a> finden sich Darstellungen zu diversen Farbtheorien, von Goethe zu Ostwald und Paul Klee u.v.m.<br \/>\n<\/span><\/p>\n<h4 id=\"colorbration-ctyeung\"><a href=\"http:\/\/www.ctyeung.com\/flex\/colorbration\/Colorbration.html\" target=\"_blank\" rel=\"noopener noreferrer\">Colorbration \u2013 CTYeung<\/a><\/h4>\n<p>In Flash programmierte Online-Berechnung von der Remissionsurve bis zum RGB-Farbwert. Lichtart, Beobachterwinkel und Remissionskurve der Farbprobe k\u00f6nnen frei eingegeben werden.<\/p>\n<h4 id=\"color-calculator-bruce-lindbloom\"><a href=\"http:\/\/www.brucelindbloom.com\/\" target=\"_blank\" rel=\"noopener noreferrer\">Color Calculator \u2013 Bruce Lindbloom<\/a><\/h4>\n<p>Die wohl bekannteste Quelle f\u00fcr CIE\/CIELab-Farbraumformeln (\u201cMath\u201d) und -Berechnungen (\u201cColor Calculator\u201d). Daneben bietet Bruce Lindbloom auch eine 3D-Ansicht des CIELab-K\u00f6rpers, diverse Testbilder und Testdateien zur Farbtheorie.<\/p>\n<h4 id=\"javascript-bibliothek-mit-cielab-farben-d3js-org\"><a href=\"http:\/\/d3js.org\/\" target=\"_blank\" rel=\"noopener noreferrer\">Javascript Bibliothek mit CIELAB Farben \u2013 D3js.org<\/a><\/h4>\n<p>Diese freie Javascript Bibliothek unterst\u00fctzt CIELAB und CIE-HLC (HCL). Hiermit k\u00f6nnen Sie also CIELAB-Farben in einer Website direkt verwenden, die Umrechnung von oder zu RGB geschieht von allein. Interessant auch: <a href=\"http:\/\/vis4.net\/blog\/posts\/avoid-equidistant-hsv-colors\" target=\"_blank\" rel=\"noopener noreferrer\">Gregor Aisch: How To Avoid Equidistant HSV Colors<\/a> und die <a href=\"http:\/\/bl.ocks.org\/mbostock\/3014589\" target=\"_blank\" rel=\"noopener noreferrer\">d3.js- Anleitung: L*a*b* and HCL color spaces<\/a><\/p>\n<h4 id=\"hexcolordeck-com\"><a href=\"http:\/\/hexcolordeck.com\/\" target=\"_blank\" rel=\"noopener noreferrer\">hexcolordeck.com<\/a><\/h4>\n<p>Eine Website, die zahlreiche Berechnungen zu Farbe auf RGB\/Hex-Basis bereith\u00e4lt, ganz im Sinn unseres FreieFarbe-Prinzips: \u201cit can be frustrating for individuals working with logos or brand guidelines colorized in other popular methods like RGB or CMYK to have to convert. Fortunately, Hex Color Deck is a new resource that aims to make hex codes as easy to find and implement as possible.\u201d Anfang 2015 erschien die erste Fassung mit Farbwerten und Farb\u00fcbergangsberechnungen, die Seite wird kontinuierlich ausgebaut (Farbkreise, Harmonieberechnungen u.v.m.)[:en]\n<h1 id=\"free-color-on-the-internet\">Free color on the internet<\/h1>\n<p>Free color is obviously a worldwide need. This is an infinitely exciting, lively, creative theme that has not only fascinated us for many years.<\/p>\n<h2 id=\"websites-on-the-topic\">Websites on the topic<\/h2>\n<h4 id=\"international-lighting-commissioncie\"><a href=\"http:\/\/www.cie.co.at\/\" target=\"_blank\" rel=\"noopener\">International Lighting Commission(CIE)<\/a><\/h4>\n<p>This commission has been developing the theory of CIELAB color space since the 1930s. Information about the different CIE color models and the publications.<\/p>\n<h4 id=\"international-color-consortium-2\"><a href=\"http:\/\/www.color.org\/\" target=\"_blank\" rel=\"noopener\">International Color Consortium<\/a><\/h4>\n<p>Combination of all well-known manufacturers in the graphic arts industry to define a uniform standard for color profiles (ICC standard). Among other things, you will find the current ICC standard specification for download.<\/p>\n<h4 id=\"fogra-2\"><a href=\"http:\/\/www.fogra.org\/\" target=\"_blank\" rel=\"noopener\">FOGRA<\/a><\/h4>\n<p>German Research Institute for the Graphic Arts and co-initiator of the ICC standard. Among other things, you will find ICC profiles for standardized offset printing according to FOGRA \/ BVD.<\/p>\n<h4 id=\"european-color-initiative-2\"><a href=\"http:\/\/www.eci.org\/doku.php?id=de:start\" target=\"_blank\" rel=\"noopener\">European Color Initiative<\/a><\/h4>\n<p>Mostly German merger of colormanagement users. Focus on medienneutrale image databases and colormanagement in the area of \u200b\u200brotogravure.<\/p>\n<h4 id=\"color-group-2\"><a href=\"http:\/\/www.city.ac.uk\/colourgroup\/index.html\" target=\"_blank\" rel=\"noopener\">Color Group<\/a><\/h4>\n<p>An interdisciplinary society that draws together those concerned with different aspects of colour \u2013 its measurement, reproduction and perception<\/p>\n<h4 id=\"colour-vision-research-laboratory-university-college-london-2\"><span class=\"arial\"><a href=\"http:\/\/cvrl.ucl.ac.uk\/\" target=\"_blank\" rel=\"noopener\">Colour &amp; Vision Research Laboratory, University College London<\/a><\/span><\/h4>\n<p>Andrew Stockman and his crew provide the most important functions for illuminant and normal observers in 10nm and 5nm steps online, both in logarithmic and linear scaling, as numbers or as a plot. In addition to this, various other material is also available. A real treasure trove if you want to program colour theory from scratch.<\/p>\n<h4 id=\"farbe-com-2\"><a href=\"http:\/\/www.farbe.com\/\" target=\"_blank\" rel=\"noopener\">Farbe.com<\/a><\/h4>\n<p>Forum, where everyone can publish articles on color. Numerous areas of color, from DIY to color theory are treated in a short form. Practice-oriented topics are at the forefront. Unfortunately somewhat dated.<\/p>\n<h4 id=\"farbimpulse-2\"><a href=\"http:\/\/www.farbimpulse.de\/\" target=\"_blank\" rel=\"noopener\">Farbimpulse<\/a><\/h4>\n<p>The on-line magazine of the company Brillux for color in science and practice with introductions to color systems, theory, research, practice and effect.<\/p>\n<h4 id=\"paint-quality-institute-2\"><a href=\"http:\/\/www.farbqualitaet.de\/\" target=\"_blank\" rel=\"noopener\">Paint Quality Institute<\/a><\/h4>\n<p>Tips and tricks for the successful handling of color. The right choice of color, solutions for color prompts, decorate with color, how to paint correctly and much more. An offer from Rohm + Haas Company (USA).<\/p>\n<h4 id=\"virtualcolor-museum-urs-baumann-2\"><a href=\"http:\/\/www.colorsystem.com\/\" target=\"_blank\" rel=\"noopener\">VirtualColor Museum \u2013 Urs Baumann<\/a><\/h4>\n<p>The virtual color museum on the book &#8222;Paint Systems in Art and Science&#8220;. The information ranges from the cultural history of the colors to the virtually accessible color space (Java). Definitely worth seeing.<\/p>\n<h4 id=\"metacolor-de-birgit-hallenberger-and-hartmut-rudolf\"><a href=\"http:\/\/www.metacolor.de\/\" target=\"_blank\" rel=\"noopener\">Metacolor.de \u2013 Birgit Hallenberger and Hartmut Rudolf<\/a><\/h4>\n<p>Tutorial on color theory. Brigitte Hallenberger (communication manager) and Hartmut Rudolf (web designer) provide a detailed demo of color theory, which also contains practical approaches (for example how do I design my website?)<\/p>\n<h4 id=\"farbmetrik-ludwig-gall-2\"><a href=\"http:\/\/www.farbmetrik-gall.de\/\" target=\"_blank\" rel=\"noopener\">Farbmetrik \u2013 Ludwig Gall<\/a><\/h4>\n<p>The family of the deceased RAL DESIGN system (still heavily modified) deceased before 2009 still maintains its website. The long-time head of colorimetry at BASF was one of the best experts on color and CIELAB. The website provides many explanations on colorimetry and formulation as well as CIELAB-based calculation tables for practical questions.<\/p>\n<h4 id=\"colormanagement-de-jan-peter-homann-2\"><a href=\"http:\/\/www.colormanagement.de\/\" target=\"_blank\" rel=\"noopener\">colormanagement.de \u2013 Jan-Peter Homann<\/a><\/h4>\n<p>A treasure trove on the subject of color: a list of references, many links, download high-quality ICC profiles and an overview of the service providers in the field of colormanagement.<\/p>\n<h4 id=\"kuepperscolor-harald-kueppers-2\"><a href=\"http:\/\/www.kuepperscolor.de\/\" target=\"_blank\" rel=\"noopener\">kuepperscolor \u2013 Harald K\u00fcppers<\/a><\/h4>\n<p>In his numerous publications Harald K\u00fcppers represents the model of the Rhomboeder color space he developed. He also finds clear words about Itten, CIELab and others. Worth reading!<\/p>\n<h4 id=\"polygrafix-ch-eric-a-soder-2\"><a href=\"http:\/\/polygrafix.ch\/\" target=\"_blank\" rel=\"noopener noreferrer\">polygrafix.ch \u2013 Eric A. Soder<\/a><\/h4>\n<p>The designer\u2019s and digital imaging specialist\u2019s website offers some in-depth information on colour management with an emphasis on monitor calibration and colour rendition in web browsers.<\/p>\n<h4 id=\"farbmusik-hans-peter-kruesi-2\"><a href=\"http:\/\/www.farbmusik.com\/\" target=\"_blank\" rel=\"noopener\">Farbmusik \u2013 Hans Peter Kruesi<\/a><\/h4>\n<p>&#8222;Hanspeter Kruesi&#8217;s FARBMUSIK concerts thrill both the lovers of classical as well as the popular musical genres.&#8220; The website offers just as calm and fitting compositions to individual color areas. Worth listening!<\/p>\n<h4 id=\"colourmonics-studio-ulrich-hoegg-2\"><a href=\"http:\/\/www.colourmonics.de\/\" target=\"_blank\" rel=\"noopener\">Colourmonics Studio \u2013 Ulrich Hoegg<\/a><\/h4>\n<p>Is there a connection between musical harmonies and color harmonies? In the 1950s, Lili Eberhard developed literature and practical color selectors for this question. A &#8222;C-DUR on a light red basis&#8220;. Urich Hoegg, who manages the heritage today, has developed a software solution.<\/p>\n<h4 id=\"color-theory-eckhard-bendin\"><a href=\"http:\/\/www.bendin-color.de\/\" target=\"_blank\" rel=\"noopener\">Color theory \u2013 Eckhard Bendin<\/a><\/h4>\n<p>The designer and lecturer publishes his own materials (for example, the &#8222;color box&#8220;) and supervises the collection of color theory at the University of Dresden. His color theory is in the tradition of Wilhelm Ostwald.<\/p>\n<h4 id=\"farbthemen-andreas-schwarz-2\"><a href=\"http:\/\/www.dr-andreas-schwarz.de\/\" target=\"_blank\" rel=\"noopener\">Farbthemen \u2013 Andreas Schwarz<\/a><\/h4>\n<p>The art historian from Essen offers e.g. An overview of the history of the color models, from the one-dimensional color beam at Aristotle to the three-dimensional CIELAB model. In addition, also memorable as a review of color determination methods in humans.<\/p>\n<h4 id=\"color-theory-and-color-design-ingrid-crueger\"><a href=\"http:\/\/www.mediencommunity.de\/system\/files\/wbts\/farben_und_farbgestaltung\/index.html\">Color theory and color design \u2013 Ingrid Crueger <\/a><\/h4>\n<p>Everything about color theory and color design, including color harmony, effect of colors and guidelines for the optimal use of colors.<\/p>\n<h4 id=\"synchromy-the-sound-of-the-colors-juergen-opitz\"><a href=\"http:\/\/www.synchromie.de\/\" target=\"_blank\" rel=\"noopener\">Synchromy \u2013 The sound of the colors \u2013 J\u00fcrgen Opitz<\/a><\/h4>\n<p>&#8222;Synchromy is the name of my large project, which seeks the analogy to classical music in order to make coloring and light effects perplexed by color and light effects in similarly condensed and planned formations and rhythmic form depths.<\/p>\n<h4 id=\"color-art-martin-minde\"><a href=\"http:\/\/www.farbkunst-minde.de\/\" target=\"_blank\" rel=\"noopener\">color Art \u2013 Martin Minde<\/a><\/h4>\n<p>Martin Minde is a freelance artist and color composer. He represents an approach &#8222;in which specific phenomena take on a concrete form in color-formal schemes, which is pictorially shaped for the entire potential of possible colored variants. In their fullness, they can only be seen mentally, no more in fact.&#8220; His composition &#8222;unifies in the concrete image, which opens our mind to the full potential of our visual nature \u2013 on the way to ourselves.&#8220; &#8222;Cosmic form depth&#8220; instead of random colors \u2013 see for yourself! Minde also shows the design of a uniformly uniform color model.<\/p>\n<h4 id=\"colorbration-ctyeung-2\"><a href=\"http:\/\/www.ctyeung.com\/flex\/colorbration\/Colorbration.html\" target=\"_blank\" rel=\"noopener\">Colorbration \u2013 CTYeung<\/a><\/h4>\n<p>Flash-programmed online calculation from the emission curve to the RGB color value. The light type, observer angle and emission curve of the color sample can be entered freely.<\/p>\n<h4 id=\"color-calculator-bruce-lindbloom-2\"><a href=\"http:\/\/www.brucelindbloom.com\/\" target=\"_blank\" rel=\"noopener\">Color Calculator \u2013 Bruce Lindbloom<\/a><\/h4>\n<p>The best known source for CIE \/ CIELab color space formulas (&#8222;Math&#8220;) and calculations (&#8222;Color Calculator&#8220;). Bruce Lindbloom also offers a 3D view of the CIELab body, various test pictures and test files on color theory.<\/p>\n<h4 id=\"javascript-library-with-cielab-colors-d3js-org\"><a href=\"http:\/\/d3js.org\/\" target=\"_blank\" rel=\"noopener\">Javascript library with CIELAB colors \u2013 D3js.org<\/a><\/h4>\n<p>This free javascript library supports CIELAB and CIE-HLC (HCL). This allows you to directly use CIELAB colors in a website, the conversion from or to RGB is done by itself. Also interesting: <a href=\"http:\/\/vis4.net\/blog\/posts\/avoid-equidistant-hsv-colors\" target=\"_blank\" rel=\"noopener\">Gregor Aisch: How To Avoid Equidistant HSV Colors<\/a> and the <a href=\"http:\/\/bl.ocks.org\/mbostock\/3014589\" target=\"_blank\" rel=\"noopener\">d3.js- Anleitung: L*a*b* and HCL color spaces<\/a><\/p>\n<h4 id=\"hexcolordeck-com-2\"><a href=\"http:\/\/hexcolordeck.com\/\" target=\"_blank\" rel=\"noopener\">hexcolordeck.com<\/a><\/h4>\n<p>A website that provides numerous calculations on color based on RGB \/ Hex, entirely in the sense of our free-color principle: \u201cit can be frustrating for individuals working with logos or brand guidelines colorized in other popular methods like RGB or CMYK to have to convert. Fortunately, Hex Color Deck is a new resource that aims to make hex codes as easy to find and implement as possible.\u201d At the beginning of 2015, the first version appeared with color values \u200b\u200band color transition calculations, the page is continuously expanded (color circles, harmony calculations, etc.)[:]\n","protected":false},"excerpt":{"rendered":"[:de] Freie Farbe im Internet FreieFarbe ist offensichtlich ein weltweites Bed\u00fcrfnis. Dazu ein unendlich spannendes, lebendiges, kreatives Thema,&hellip;\n","protected":false},"author":3,"featured_media":0,"parent":180,"menu_order":7,"comment_status":"closed","ping_status":"closed","template":"","meta":{"_oasis_is_in_workflow":0,"_oasis_original":0,"footnotes":""},"class_list":["post-182","page","type-page","status-publish"],"_links":{"self":[{"href":"https:\/\/freiefarbe.de\/en\/wp-json\/wp\/v2\/pages\/182","targetHints":{"allow":["GET"]}}],"collection":[{"href":"https:\/\/freiefarbe.de\/en\/wp-json\/wp\/v2\/pages"}],"about":[{"href":"https:\/\/freiefarbe.de\/en\/wp-json\/wp\/v2\/types\/page"}],"author":[{"embeddable":true,"href":"https:\/\/freiefarbe.de\/en\/wp-json\/wp\/v2\/users\/3"}],"replies":[{"embeddable":true,"href":"https:\/\/freiefarbe.de\/en\/wp-json\/wp\/v2\/comments?post=182"}],"version-history":[{"count":0,"href":"https:\/\/freiefarbe.de\/en\/wp-json\/wp\/v2\/pages\/182\/revisions"}],"up":[{"embeddable":true,"href":"https:\/\/freiefarbe.de\/en\/wp-json\/wp\/v2\/pages\/180"}],"wp:attachment":[{"href":"https:\/\/freiefarbe.de\/en\/wp-json\/wp\/v2\/media?parent=182"}],"curies":[{"name":"wp","href":"https:\/\/api.w.org\/{rel}","templated":true}]}}