{"id":1420,"date":"2017-04-07T12:56:33","date_gmt":"2017-04-07T10:56:33","guid":{"rendered":"http:\/\/www.freiefarbe.de\/?page_id=1420"},"modified":"2017-04-07T12:56:33","modified_gmt":"2017-04-07T10:56:33","slug":"braun-druck-medien","status":"publish","type":"page","link":"https:\/\/freiefarbe.de\/en\/partner\/braun-druck-medien\/","title":{"rendered":"Partner membership"},"content":{"rendered":"[:de]\n<h2 id=\"werden-sie-partnermitglied\">Werden Sie Partnermitglied!<\/h2>\n<p>Mit der Partner-Mitgliedschaft (200 EUR Jahresbeitrag oder t\u00e4tige Mitarbeit) f\u00f6rdern Sie unser wichtiges Anliegen noch st\u00e4rker, und Sie haben selbst auch etwas davon.<\/p>\n<p>Sie erhalten eine eigene Seite im Men\u00fc &#8222;Partner&#8220;. Diese erreicht eine nicht zu untersch\u00e4tzende Werbewirkung in einer farbkundigen Zielgruppe. Die eigene Seite k\u00f6nnen Sie beliebig gestalten. Informieren Sie die Community \u00fcber Ihr Angebotsspektrum, laden Sie Medien aller Art hoch.<\/p>\n<p>Nicht zu untersch\u00e4tzen ist auch das interne Netzwerk der freieFarbe-Partnermitglieder.<\/p>\n<p><a href=\"http:\/\/www.freiefarbe.de\/mitglied-werden\/\">Mitgliedschaftsantrag<\/a><br \/>\n[:en]\n<h2 id=\"your-freecolor-partner-page\"> Your FreeColor partner page <\/h2>\n<p>With an own page in the &#8222;Partners&#8220; menu you reach a relevant advertising effect in a color related target group, and hereby support the association and its goals.<\/p>\n<p>You can get your own partner page as part of the partner membership (200 EUR annual contribution or active cooperation).<\/p>\n<p>You can customize the page. Inform the community about your offer, upload media of all kinds.[:]\n","protected":false},"excerpt":{"rendered":"[:de] Werden Sie Partnermitglied! Mit der Partner-Mitgliedschaft (200 EUR Jahresbeitrag oder t\u00e4tige Mitarbeit) f\u00f6rdern Sie unser wichtiges Anliegen&hellip;\n","protected":false},"author":3,"featured_media":0,"parent":134,"menu_order":0,"comment_status":"closed","ping_status":"closed","template":"","meta":{"_oasis_is_in_workflow":0,"_oasis_original":0,"footnotes":""},"class_list":["post-1420","page","type-page","status-publish"],"_links":{"self":[{"href":"https:\/\/freiefarbe.de\/en\/wp-json\/wp\/v2\/pages\/1420","targetHints":{"allow":["GET"]}}],"collection":[{"href":"https:\/\/freiefarbe.de\/en\/wp-json\/wp\/v2\/pages"}],"about":[{"href":"https:\/\/freiefarbe.de\/en\/wp-json\/wp\/v2\/types\/page"}],"author":[{"embeddable":true,"href":"https:\/\/freiefarbe.de\/en\/wp-json\/wp\/v2\/users\/3"}],"replies":[{"embeddable":true,"href":"https:\/\/freiefarbe.de\/en\/wp-json\/wp\/v2\/comments?post=1420"}],"version-history":[{"count":0,"href":"https:\/\/freiefarbe.de\/en\/wp-json\/wp\/v2\/pages\/1420\/revisions"}],"up":[{"embeddable":true,"href":"https:\/\/freiefarbe.de\/en\/wp-json\/wp\/v2\/pages\/134"}],"wp:attachment":[{"href":"https:\/\/freiefarbe.de\/en\/wp-json\/wp\/v2\/media?parent=1420"}],"curies":[{"name":"wp","href":"https:\/\/api.w.org\/{rel}","templated":true}]}}