{"id":1141,"date":"2017-02-25T21:27:23","date_gmt":"2017-02-25T20:27:23","guid":{"rendered":"http:\/\/www.freiefarbe.de\/?page_id=1141"},"modified":"2022-12-14T13:59:09","modified_gmt":"2022-12-14T12:59:09","slug":"dr-andreas-kraushaar-fogra","status":"publish","type":"page","link":"https:\/\/freiefarbe.de\/en\/thema-farbe\/colour-people\/dr-andreas-kraushaar-fogra\/","title":{"rendered":"Dr Andreas Kraushaar, FOGRA"},"content":{"rendered":"<h2 id=\"color-people-interview\">Color People Interview<\/h2>\n<figure style=\"width: 158px\" class=\"wp-caption alignright\"><img loading=\"lazy\" decoding=\"async\" id=\"cp-image\" class=\"\" src=\"https:\/\/freiefarbe.de\/wp-content\/uploads\/2019\/07\/kraushaar.png\" width=\"158\" height=\"196\" \/><figcaption class=\"wp-caption-text\">Dr. Andreas Kraushaar<\/figcaption><\/figure>\n<p id=\"cp-einleitung\"><em>Dr. Andreas Kraushaar (39) ist Leiter der Abteilung Druckvorstufentechnik bei der Forschungsgesellschaft Druck e.V. (FOGRA). Die FOGRA ist eine gemeinn\u00fctzige Institution mit Sitz in M\u00fcnchen, die sich vor allem der Standardisierung und Qualit\u00e4t in Druckprozessen widmet. Neben dem &#8222;Prozesstandard Offset&#8220; (PSO) sind die FOGRA-ICC-Profile in Druckereien bekannt. Aktuell ist z.B. &#8222;FOGRA39&#8220;, mit dem Farbe sinnvoll in CMYK f\u00fcr den Offsetdruck auf gestrichenen Papieren gewandelt werden kann.<\/em><\/p>\n<p id=\"cp-einleitung\"><em>Dr. Kraushaar ist nach seinem Medientechnik-Studium an der TU Ilmenau in die FOGRA eingetreten. Dort hat er parallel sein Promotion an der RWTH Aachen abgeschlossen. Zahlreiche praktische und wissenschaftliche Ver\u00f6ffentlichungen stammen von ihm, und er ist ma\u00dfgeblich an der Umsetzung des Prozessstandards Digitaldruck (PSD) beteiligt. Er bekleidet bereits in jungen Jahren eine einflussreiche Position im Bereich Farbe &#8211; und dies mit gr\u00f6\u00dftem Enthusiasmus.<\/em><\/p>\n<p><em>Kraushaar stammt aus dem Eichsfeld und lebt jetzt in M\u00fcnchen.<\/em><\/p>\n<h2 id=\"cp-interview\"><span id=\"fragen-an-andreas-kraushaar\">Fragen an Andreas Kraushaar<\/span><\/h2>\n<p><strong>Herr Kraushaar, welches ist Ihre Lieblingsfarbe und was verbinden Sie damit?<\/strong><\/p>\n<p>Das ist bei mir ziemlich profan. Meine Lieblingsfarbe ist Gr\u00fcn. Ich habe mein erstes Auto Kawasakigr\u00fcn-Metallic lackieren lassen. Heute sch\u00e4me ich mich fast daf\u00fcr, aber es war die Zeit, ich fand es sehr attraktiv und finde es immer noch sehr sch\u00f6n. Wenn ich mir heute zum Beispiel Spielsteine aussuchen darf, w\u00e4hle ich Gr\u00fcn. Dies ist ja auch die Farbe der Hoffnung &#8211; ich war fr\u00fcher Messdiener und habe die gr\u00fcnen Messkleider sehr gern getragen.<\/p>\n<p><strong>Wie gelangten Sie zum Thema Farbe?<\/strong><\/p>\n<p>Ich habe in Ilmenau Medientechnik studiert und kam durch Zufall zur Lichttechnik. Dort habe ich Professor Dietrich Gall und dessen Vorlesungen kennen gelernt. Was mich fasziniert hat, ist, dass er als Farbfehlsichtiger einen ganz besonderen Zugang zu Farbe hatte. Er war zum einen fasziniert von Farbe, wollte aber auch die Urteile der andere verstehen und wissenschaftlich falsifizieren. Er versuchte also unsere Aussagen geschickt zu hinterfragen und uns vor H\u00fcrden zu setzen. Das fand ich sehr spannend und interessant. Professor Gall hat auch das wissenschaftliche und das harmonische Wesen der Farbe sehr sch\u00f6n voneinander getrennt. Professor Gall, der heute im Ruhestand, aber immer noch sehr aktiv ist, ist der Grund daf\u00fcr, dass ich mich heute so intensiv mit Farbe besch\u00e4ftige.<\/p>\n<p><img decoding=\"async\" id=\"cp-image\" class=\"alignright\" title=\"Das kommende FOGRA Symposium\" src=\"https:\/\/freiefarbe.de\/wp-content\/uploads\/2019\/07\/fogra_cms.jpg\" width=\"150px\" \/><\/p>\n<p><strong>Was ist heute Ihre Aufgabe betreffs Farbe?<\/strong><\/p>\n<p>Im Bereich der Forschungsarbeit der Druckvorstufe der FOGRA habe ich eine gewisse Gestaltungsfreiheit. Das ist ein weiterer Grund, weshalb ich mich dort sehr wohl f\u00fchle. Ich arbeite nicht nur feste Programme ab, sondern kann eigene Schwerpunkte setzen und selbst entscheiden, wohin die Reise geht. Es ist meine Aufgabe, den praktischen Umgang mit Farbe im Druck sehr gut zu beherrschen, damit wir in Seminaren, Pr\u00fcfungen und Symposien den Spagat zur praktischen Nutzung treffen. Wir m\u00fcssen auf der einen Seite die Programme gut kennen, damit wir wissen, wie man es es gut umsetzt, und es auf der anderen Seite die Vorgehensweisen gut kommunizieren. Es ist meine Hauptaufgabe, die praktischen Herausforderungen im Bereich ColorManagement, Bildschirmmessung, Modellierung zu beherrschen und in einfachen Worten f\u00fcr die Zielgruppe aufzubereiten.<\/p>\n<p><img decoding=\"async\" id=\"cp-image\" class=\"alignright\" title=\"Das \u00fcbern\u00e4chste FOGRA Symposium\" src=\"https:\/\/freiefarbe.de\/wp-content\/uploads\/2019\/07\/fogra_ops.jpg\" width=\"150px\" \/><\/p>\n<p><strong>Wohin geht die Reise?<\/strong><\/p>\n<p>Bei der Bildqualit\u00e4t ist Farbe nach wie vor ein sehr wichtiger Aspekt. Farbe im 3D Druck wird ebenfalls ein wichtiges Thema. Bei Farbe und Appearance kommen zur Farbe selbst weitere Aspekte hinzu wie die Textur, der Glanz, die Oberfl\u00e4chenbeschaffenheit und der Blickwinkel.<\/p>\n<figure style=\"width: 222px\" class=\"wp-caption alignright\"><img loading=\"lazy\" decoding=\"async\" id=\"cp-image\" title=\"Das Team der FOGRA\" src=\"https:\/\/freiefarbe.de\/wp-content\/uploads\/2019\/07\/fograteam.jpg\" width=\"222\" height=\"167\" \/><figcaption class=\"wp-caption-text\">Die FOGRA<\/figcaption><\/figure>\n<p><strong>Woran arbeiten Sie momentan?<\/strong><\/p>\n<p>Aktuell arbeite ich am Thema Farbe von Z\u00e4hnen. Das ist nicht nur sehr spannend, sondern auch das dem\u00fctigste Thema, das ich bisher erlebt habe, denn dort hat man neben der Reflexion die Herausforderungen Opaleszenz, Transparenz, Transluzenz, Fluoreszenz. Es ist die K\u00f6nigsdisziplin, ich bin gespannt, wie sich das Projekt entwickeln wird.<\/p>\n<p>Das Thema Farbe ist immer spannend und herausfordernd, auch wenn ich mich &#8222;nur&#8220; auf den Bereich der Farbmetrik, Farberscheinung, Farbdifferenzen konzentriere.<\/p>\n<p><strong>Was fasziniert Sie am Thema?<\/strong><\/p>\n<p>Es ist die Interdisziplinarit\u00e4t. Wir haben so viele Zug\u00e4nge und so viele Ans\u00e4tze zur Farbe! Farbharmonie, Augenkunde, Farbphysiologie, Farbphysik,.. Man kann als Ingenieur, Physiker, Designer, als Biologe oder Psychologe mit Farbe arbeiten. Mich fasziniert immer wieder die Sch\u00f6nheit der Farbe, und der gleichzeitige technische Blick: wie kann ich die Farbe in der einen oder anderen Weise m\u00f6glichst exakt reproduzieren, wie metamer ist es?<\/p>\n<p><strong>Vielen Dank f\u00fcr dieses Interview, Herr Dr. Kraushaar.<\/strong><\/p>\n<hr \/>\n<p><small>Die Fragen stellte Holger Everding.<\/small><\/p>\n<h2 id=\"weitere-informationen\">Weitere Informationen<\/h2>\n<p>&#8230;finden Sie unter <a href=\"http:\/\/www.fogra.de\">http:\/\/www.fogra.de<\/a><\/p>\n<hr \/>\n<p><small>Die Fragen stellte Holger Everding.<\/small><\/p>\n<h2 id=\"weitere-informationen-2\">Weitere Informationen<\/h2>\n<p>&#8230;finden Sie unter <a href=\"http:\/\/www.fogra.de\">http:\/\/www.fogra.de<\/a>.[:]\n","protected":false},"excerpt":{"rendered":"Color People Interview Dr Andreas Kraushaar (39) is head of the prepress technology department at Forschungsgesellschaft Druck e.V. (FOGRA)....","protected":false},"author":3,"featured_media":0,"parent":1083,"menu_order":1,"comment_status":"closed","ping_status":"closed","template":"","meta":{"_oasis_is_in_workflow":0,"_oasis_original":0,"footnotes":""},"class_list":["post-1141","page","type-page","status-publish"],"_links":{"self":[{"href":"https:\/\/freiefarbe.de\/en\/wp-json\/wp\/v2\/pages\/1141","targetHints":{"allow":["GET"]}}],"collection":[{"href":"https:\/\/freiefarbe.de\/en\/wp-json\/wp\/v2\/pages"}],"about":[{"href":"https:\/\/freiefarbe.de\/en\/wp-json\/wp\/v2\/types\/page"}],"author":[{"embeddable":true,"href":"https:\/\/freiefarbe.de\/en\/wp-json\/wp\/v2\/users\/3"}],"replies":[{"embeddable":true,"href":"https:\/\/freiefarbe.de\/en\/wp-json\/wp\/v2\/comments?post=1141"}],"version-history":[{"count":2,"href":"https:\/\/freiefarbe.de\/en\/wp-json\/wp\/v2\/pages\/1141\/revisions"}],"predecessor-version":[{"id":6812,"href":"https:\/\/freiefarbe.de\/en\/wp-json\/wp\/v2\/pages\/1141\/revisions\/6812"}],"up":[{"embeddable":true,"href":"https:\/\/freiefarbe.de\/en\/wp-json\/wp\/v2\/pages\/1083"}],"wp:attachment":[{"href":"https:\/\/freiefarbe.de\/en\/wp-json\/wp\/v2\/media?parent=1141"}],"curies":[{"name":"wp","href":"https:\/\/api.w.org\/{rel}","templated":true}]}}