{"id":1083,"date":"2017-02-25T19:44:16","date_gmt":"2017-02-25T18:44:16","guid":{"rendered":"http:\/\/www.freiefarbe.de\/?page_id=1083"},"modified":"2017-02-25T19:44:16","modified_gmt":"2017-02-25T18:44:16","slug":"colour-people","status":"publish","type":"page","link":"https:\/\/freiefarbe.de\/en\/thema-farbe\/colour-people\/","title":{"rendered":"Colour People"},"content":{"rendered":"[:de]\n<h1 id=\"colour-people\">Colour People<\/h1>\n<p>Hier werden Menschen per Interview vorgestellt, die sich im Bereich Farbe tummeln \u2013 sei es beruflich oder privat.<\/p>\n<p>Momentan k\u00f6nnen Sie diese Colour People kennen lernen:<\/p>\n<h3 id=\"harald-kueppers-kuepperscolormartin-minde-farbkunstdr-andreas-kraushaar-fograprof-max-kobbert-wahrnehmungspsychologeeckhard-bendin-farbenlehre-dresden\"><a href=\"http:\/\/www.freiefarbe.de\/harald-kueppers-kuepperscolor\/\">Harald K\u00fcppers, kuepperscolor<\/a><br \/>\n<a href=\"http:\/\/www.freiefarbe.de\/martin-minde\/\">Martin Minde, Farbkunst<\/a><br \/>\n<a href=\"http:\/\/www.freiefarbe.de\/dr-andreas-kraushaar-fogra\/\">Dr. Andreas Kraushaar, FOGRA<\/a><br \/>\n<a href=\"http:\/\/www.freiefarbe.de\/thema-farbe\/colour-people\/kobbert\/\">Prof. Max Kobbert, Wahrnehmungspsychologe<\/a><br \/>\n<a href=\"http:\/\/www.freiefarbe.de\/thema-farbe\/colour-people\/bendin\/\">Eckhard Bendin, Farbenlehre Dresden<\/a><\/h3>\n<p>Die Liste wird fortlaufend erg\u00e4nzt.<br \/>\nWenn Sie selbst vorgestellt werden oder ein eigenes Interview ver\u00f6ffentlichen m\u00f6chten, sprechen Sie uns bitte an. Ein gr\u00f6\u00dferer interessierter Leserkreis ist\u00a0sicher.[:en]\n<h1 id=\"colour-people-2\">Colour People<\/h1>\n<p>Here, people are presented by an interview, which can be found in the field of color &#8211; be it professional or private.<\/p>\n<p>At the moment you can get to know these color people:<\/p>\n<h3 id=\"harald-kueppers-kuepperscolormartin-minde-farbkunstdr-andreas-kraushaar-fograprof-max-kobbert-perception-psychologisteckhard-bendin-colour-theory-dresden\"><a href=\"http:\/\/www.freiefarbe.de\/harald-kueppers-kuepperscolor\/\">Harald K\u00fcppers, kuepperscolor<\/a><br \/>\n<a href=\"http:\/\/www.freiefarbe.de\/martin-minde\/\">Martin Minde, Farbkunst<\/a><br \/>\n<a href=\"http:\/\/www.freiefarbe.de\/dr-andreas-kraushaar-fogra\/\">Dr. Andreas Kraushaar, FOGRA<\/a><br \/>\n<a href=\"http:\/\/www.freiefarbe.de\/thema-farbe\/colour-people\/kobbert\/\">Prof. Max Kobbert, Perception Psychologist<\/a><br \/>\n<a href=\"http:\/\/www.freiefarbe.de\/thema-farbe\/colour-people\/bendin\/\">Eckhard Bendin, Colour Theory Dresden<\/a><\/h3>\n<p>The list is continually updated.<br \/>\nIf you would like to introduce yourself or publish your own interview, please contact us. A larger interested readership is certain.[:]\n","protected":false},"excerpt":{"rendered":"[:de] Colour People Hier werden Menschen per Interview vorgestellt, die sich im Bereich Farbe tummeln \u2013 sei es&hellip;\n","protected":false},"author":3,"featured_media":0,"parent":180,"menu_order":5,"comment_status":"closed","ping_status":"closed","template":"","meta":{"_oasis_is_in_workflow":0,"_oasis_original":0,"footnotes":""},"class_list":["post-1083","page","type-page","status-publish"],"_links":{"self":[{"href":"https:\/\/freiefarbe.de\/en\/wp-json\/wp\/v2\/pages\/1083","targetHints":{"allow":["GET"]}}],"collection":[{"href":"https:\/\/freiefarbe.de\/en\/wp-json\/wp\/v2\/pages"}],"about":[{"href":"https:\/\/freiefarbe.de\/en\/wp-json\/wp\/v2\/types\/page"}],"author":[{"embeddable":true,"href":"https:\/\/freiefarbe.de\/en\/wp-json\/wp\/v2\/users\/3"}],"replies":[{"embeddable":true,"href":"https:\/\/freiefarbe.de\/en\/wp-json\/wp\/v2\/comments?post=1083"}],"version-history":[{"count":0,"href":"https:\/\/freiefarbe.de\/en\/wp-json\/wp\/v2\/pages\/1083\/revisions"}],"up":[{"embeddable":true,"href":"https:\/\/freiefarbe.de\/en\/wp-json\/wp\/v2\/pages\/180"}],"wp:attachment":[{"href":"https:\/\/freiefarbe.de\/en\/wp-json\/wp\/v2\/media?parent=1083"}],"curies":[{"name":"wp","href":"https:\/\/api.w.org\/{rel}","templated":true}]}}