{"id":1044,"date":"2017-02-20T22:34:19","date_gmt":"2017-02-20T21:34:19","guid":{"rendered":"http:\/\/www.freiefarbe.de\/?page_id=1044"},"modified":"2017-02-20T22:34:19","modified_gmt":"2017-02-20T21:34:19","slug":"einfaerbung-von-fassaden-in-photoshop","status":"publish","type":"page","link":"https:\/\/freiefarbe.de\/en\/artikel\/einfaerbung-von-fassaden-in-photoshop\/","title":{"rendered":"Colouring facades in Photoshop"},"content":{"rendered":"[:de]\n<h1 id=\"fotorealistische-einfaerbung-von-fassaden-in-photoshop-realistisch-und-effizient\">Fotorealistische Einf\u00e4rbung von Fassaden in Photoshop &#8211; realistisch und effizient<\/h1>\n<p><em>PDF+ATN-Workshop von J\u00fcrgen Opitz<\/em><\/p>\n<p>Manche Software behauptet, sie k\u00f6nne mit wenigen Klicks ganze H\u00e4user fotorealistisch umf\u00e4rben. Die Markierung gleichfarbener Bereiche geschehe mit einem Klick in den jeweiligen Bereich, das Umf\u00e4rben mit einem weiteren Klick in die Farbpalette &#8211; und wie von Geisterhand erstrahlt das Haus nach wenigen Klicks v\u00f6llig realit\u00e4tstreu in neuen Farben.<\/p>\n<p>Sch\u00f6n w\u00e4r&#8217;s, wenn es so einfach ginge! Woher soll eine Software wissen, dass der Schatten des Baumes vor dem Haus ein Teil der Fassade ist, und kein dunkler anderer Farbbereich? Das Beispiel zeigt: jede Einf\u00e4rbe-Automatik hat ihre Grenzen, wenn es um echte Dinge geht und nicht um Beispiele, die k\u00fcnstlich um F\u00e4higkeiten einer Software herum konstruiert wurden. Und: es f\u00fchrt kein Weg vorbei an der von-Hand-Maskierung der einzuf\u00e4rbenden Bereiche.<\/p>\n<p>\u00c4hnlich verh\u00e4lt es sich bei der weiteren Arbeit. Wie stark soll die neue Farbe decken, wie sehr d\u00fcrfen hierbei Schatten und die Struktur des Putzes verloren gehen? Hierbei ist ein hohes Ma\u00df an Flexibilit\u00e4t des Verfahrens wichtig, denn jeder Untergrund und jede Lichtbedingung verh\u00e4lt sich anders, Standard-Berechnungen ergeben nur selten realistische Ergebnisse.<\/p>\n<p><a href=\"http:\/\/www.freiefarbe.de\/wp-content\/uploads\/2017\/02\/fassadeneinfaarben.jpg\"><img loading=\"lazy\" decoding=\"async\" class=\"aligncenter wp-image-1047 size-large\" src=\"http:\/\/www.freiefarbe.de\/wp-content\/uploads\/2017\/02\/fassadeneinfaarben-1024x367.jpg\" width=\"1024\" height=\"367\" srcset=\"https:\/\/freiefarbe.de\/wp-content\/uploads\/2017\/02\/fassadeneinfaarben-1024x367.jpg 1024w, https:\/\/freiefarbe.de\/wp-content\/uploads\/2017\/02\/fassadeneinfaarben-300x108.jpg 300w, https:\/\/freiefarbe.de\/wp-content\/uploads\/2017\/02\/fassadeneinfaarben-768x275.jpg 768w, https:\/\/freiefarbe.de\/wp-content\/uploads\/2017\/02\/fassadeneinfaarben-380x136.jpg 380w, https:\/\/freiefarbe.de\/wp-content\/uploads\/2017\/02\/fassadeneinfaarben-800x287.jpg 800w, https:\/\/freiefarbe.de\/wp-content\/uploads\/2017\/02\/fassadeneinfaarben-1160x416.jpg 1160w, https:\/\/freiefarbe.de\/wp-content\/uploads\/2017\/02\/fassadeneinfaarben.jpg 1183w\" sizes=\"auto, (max-width: 1024px) 100vw, 1024px\" \/><\/a><\/p>\n<p>Der Fassadengestalter und Architekt J\u00fcrgen Opitz f\u00e4rbt seit vielen Jahren H\u00e4user und Objekte fotorealistisch per Software ein, hat hierzu zahlreiche Seminare und Lehrg\u00e4nge geleitet. Im Lauf der Jahre hat er ein eigenes Verfahren entwickelt, das er an dieser Stelle vorstellt. Darin findet ein Gro\u00dfteil der Arbeit automatisch statt und das Ergebnis sieht dem Foto des &#8222;in echt&#8220; neu verputzten Hauses t\u00e4uschend \u00e4hnlich.<\/p>\n<p>Die Arbeit findet in Adobe Photoshop statt, die angewendeten Befehle sind in einer Photoshop-Aktionen-Datei (*.atn) zusammengestellt, welche auch in \u00e4lteren Versionen (ab CS) aufgerufen werden kann.<\/p>\n<p><strong>Hier k\u00f6nnen Sie den Workshop &#8222;Architekturfarben 2017&#8220; (.pdf + .atn) herunterladen:<\/strong><br \/>\n<a href=\"http:\/\/www.freiefarbe.de\/wp-content\/uploads\/2017\/04\/Architekturfarben2017.zip\">Architekturfarben2017.zip<\/a><\/p>\n<hr \/>\n<p><small>Unser Gr\u00fcndungsmitglied J\u00fcrgen Opitz ist im August 2017 nach schwerer Krankheit verstorben. Mit diesem Workshop, den er im Fr\u00fchsommer verfasste, wollte er sein profundes Wissen \u00fcber realistische Einf\u00e4rbung an die Nachwelt weiter geben. <\/small>[:en]\n<h1 id=\"photorealistic-coloring-of-facades-in-photoshop-realistic-and-efficient\">Photorealistic coloring of facades in Photoshop &#8211; realistic and efficient<\/h1>\n<p><em>PDF+ATN-Workshop of J\u00fcrgen Opitz<\/em><\/p>\n<p>Some software claims that it can with a few clicks whole houses photorealist. The marking of similar areas is done with a click into the respective area, the coloring with another click into the color palette &#8211; and as by ghost hand the house shines after a few clicks completely reality-lifeless in new colors.<\/p>\n<p>It would be nice if it was so easy! How should a software know that the shadow of the tree in front of the house is part of the facade, and no darker other color range? The example shows that every color-coding system has its limits when it comes to real things and not examples that are artificially constructed around the capabilities of a software. And: there is no way past the hand-masking of the areas to be inked.<\/p>\n<p>The same is true of further work. How strongly should the new color cover, how much shade and the structure of the plaster may be lost? A high degree of flexibility in the process is important, since every background and light condition behaves differently, standard calculations rarely produce realistic results.<\/p>\n<p><a href=\"http:\/\/www.freiefarbe.de\/wp-content\/uploads\/2017\/02\/fassadeneinfaarben.jpg\"><img loading=\"lazy\" decoding=\"async\" class=\"aligncenter wp-image-1047 size-large\" src=\"http:\/\/www.freiefarbe.de\/wp-content\/uploads\/2017\/02\/fassadeneinfaarben-1024x367.jpg\" width=\"1024\" height=\"367\" srcset=\"https:\/\/freiefarbe.de\/wp-content\/uploads\/2017\/02\/fassadeneinfaarben-1024x367.jpg 1024w, https:\/\/freiefarbe.de\/wp-content\/uploads\/2017\/02\/fassadeneinfaarben-300x108.jpg 300w, https:\/\/freiefarbe.de\/wp-content\/uploads\/2017\/02\/fassadeneinfaarben-768x275.jpg 768w, https:\/\/freiefarbe.de\/wp-content\/uploads\/2017\/02\/fassadeneinfaarben-380x136.jpg 380w, https:\/\/freiefarbe.de\/wp-content\/uploads\/2017\/02\/fassadeneinfaarben-800x287.jpg 800w, https:\/\/freiefarbe.de\/wp-content\/uploads\/2017\/02\/fassadeneinfaarben-1160x416.jpg 1160w, https:\/\/freiefarbe.de\/wp-content\/uploads\/2017\/02\/fassadeneinfaarben.jpg 1183w\" sizes=\"auto, (max-width: 1024px) 100vw, 1024px\" \/><\/a><\/p>\n<p>For many years, the facade designer and architect J\u00fcrgen Opitz has been coloring houses and objects in a photo-realistic way through software, and has conducted numerous seminars and courses. Over the years, he has developed his own method, which he presents at this point. In it a lot of the work takes place automatically and the result looks like the photo of the &#8222;in real&#8220; newly plastered house deceptively similar.<\/p>\n<p>The work takes place in Adobe Photoshop, the applied commands are compiled in a Photoshop actions file (* .atn), which can also be called in older versions (from CS).<\/p>\n<p><strong>Here you can download the workshop &#8222;Architekturfarben 2017&#8220; (.pdf + .atn):<\/strong><br \/>\n<a href=\"http:\/\/www.freiefarbe.de\/wp-content\/uploads\/2017\/04\/Architekturfarben2017.zip\">Architekturfarben2017.zip<\/a>[:]\n","protected":false},"excerpt":{"rendered":"[:de] Fotorealistische Einf\u00e4rbung von Fassaden in Photoshop &#8211; realistisch und effizient PDF+ATN-Workshop von J\u00fcrgen Opitz Manche Software behauptet,&hellip;\n","protected":false},"author":3,"featured_media":0,"parent":6025,"menu_order":4,"comment_status":"closed","ping_status":"closed","template":"","meta":{"_oasis_is_in_workflow":0,"_oasis_original":0,"footnotes":""},"class_list":["post-1044","page","type-page","status-publish"],"_links":{"self":[{"href":"https:\/\/freiefarbe.de\/en\/wp-json\/wp\/v2\/pages\/1044","targetHints":{"allow":["GET"]}}],"collection":[{"href":"https:\/\/freiefarbe.de\/en\/wp-json\/wp\/v2\/pages"}],"about":[{"href":"https:\/\/freiefarbe.de\/en\/wp-json\/wp\/v2\/types\/page"}],"author":[{"embeddable":true,"href":"https:\/\/freiefarbe.de\/en\/wp-json\/wp\/v2\/users\/3"}],"replies":[{"embeddable":true,"href":"https:\/\/freiefarbe.de\/en\/wp-json\/wp\/v2\/comments?post=1044"}],"version-history":[{"count":0,"href":"https:\/\/freiefarbe.de\/en\/wp-json\/wp\/v2\/pages\/1044\/revisions"}],"up":[{"embeddable":true,"href":"https:\/\/freiefarbe.de\/en\/wp-json\/wp\/v2\/pages\/6025"}],"wp:attachment":[{"href":"https:\/\/freiefarbe.de\/en\/wp-json\/wp\/v2\/media?parent=1044"}],"curies":[{"name":"wp","href":"https:\/\/api.w.org\/{rel}","templated":true}]}}